{"id":78806,"date":"2024-10-02T12:49:05","date_gmt":"2024-10-02T10:49:05","guid":{"rendered":"https:\/\/www.orto-bar.com\/?post_type=product&#038;p=78806"},"modified":"2024-11-15T19:37:06","modified_gmt":"2024-11-15T18:37:06","slug":"metropolis-30-let","status":"publish","type":"product","link":"https:\/\/www.orto-bar.com\/en\/dogodki\/arhiv\/metropolis-30-let\/","title":{"rendered":"Metropolis-30 Let"},"content":{"rendered":"<p><strong><u>Metropolis, 30 let, posebni gosti, novi albumi &#8230; ni da ni<\/u><\/strong><\/p>\n<p>Trideset let ni kar tako. Ko so Metropolis novembra\u00a01994 za\u010deli, so v kinih kraljevali\u00a0Forest Gump, Pulp Fiction in Levji Kralj. Takrat fantom brivnikov\u00a0skoraj \u0161e ni bilo treba uporabljat, dobri so pa skoraj \u017ee bili.<\/p>\n<p>In po tridesetih letih Metropolis s prepoznavnim\u00a0stilom vedno bolj in vsaki\u010d znova prepri\u010dajo navdu\u0161ene ljubitelje Motorhead rokenrola.<\/p>\n<p>&#8220;Na leto\u0161njem jubilejnem koncertu se jim za nekaj komadov pridru\u017ei originalni kitarist Zrni G, mladi nadarjeni pevec in kitarist Tomi M, dolgonoga Karmen K, znan ljubljanski kri\u010da\u010d Vini in s stasom, glasom in kontrabasom \u0161e Lilith C.&#8221;<\/p>\n<p>\u010ce bo sre\u010da mila in zvezde poravnane, bo na dan koncerta na vseh preto\u010dnih platformah 25 let po originalnem izidu iz\u0161el na novo zmiksan avtorski album Pazi Se.<\/p>\n<p>Poleg tega izide \u0161e cel album priredb starih rokenrolov iz 50&#8242; in 60&#8242; prej\u0161njega stoletja &#8230; in ker je to seveda premalo \u0161e nekaj novih avtorskih komadov.<\/p>\n<p>VABLJENI!<\/p>\n<p><a href=\"https:\/\/metropolis.band\/\">https:\/\/metropolis.band<\/a><\/p>\n<p><a href=\"https:\/\/www.facebook.com\/MetropolisRocknrollBand\">https:\/\/www.facebook.com\/MetropolisRocknrollBand<\/a><\/p>\n<p><a href=\"https:\/\/www.instagram.com\/MetropolisRocknrollBand\">https:\/\/www.instagram.com\/MetropolisRocknrollBand<\/a><\/p>\n<p><a href=\"https:\/\/www.youtube.com\/@MetropolisRocknrollBand\">https:\/\/www.youtube.com\/@MetropolisRocknrollBand<\/a><\/p>","protected":false},"excerpt":{"rendered":"<p>Metropolis, 30 let, posebni gosti, novi albumi &#8230; ni da ni Trideset let ni kar tako. Ko so Metropolis novembra\u00a01994 za\u010deli, so v kinih kraljevali\u00a0Forest Gump, Pulp Fiction in Levji Kralj. Takrat fantom brivnikov\u00a0skoraj \u0161e ni bilo treba uporabljat, dobri so pa skoraj \u017ee bili. In po tridesetih letih Metropolis s prepoznavnim\u00a0stilom vedno bolj in [&hellip;]<\/p>","protected":false},"author":11,"featured_media":79226,"template":"","meta":{"_seopress_robots_primary_cat":"none","_seopress_titles_title":"","_seopress_titles_desc":"","_seopress_robots_index":""},"product_brand":[],"product_cat":[230],"product_tag":[222],"class_list":{"0":"post-78806","1":"product","2":"type-product","3":"status-publish","4":"has-post-thumbnail","6":"product_cat-arhiv","7":"product_tag-predprodaja","9":"entry","10":"has-media","12":"first","13":"instock","14":"virtual","15":"taxable","16":"product-type-simple","17":"has-product-nav","18":"col","19":"span_1_of_4","20":"owp-content-center","21":"item-entry","22":"owp-thumbs-layout-horizontal","23":"owp-btn-normal","24":"owp-tabs-layout-section","25":"has-no-thumbnails"},"publishpress_future_action":{"enabled":false,"date":"2026-04-29 13:36:35","action":"change-status","newStatus":"draft","terms":[],"taxonomy":"product_cat","extraData":[]},"publishpress_future_workflow_manual_trigger":{"enabledWorkflows":[]},"_links":{"self":[{"href":"https:\/\/www.orto-bar.com\/en\/wp-json\/wp\/v2\/product\/78806","targetHints":{"allow":["GET"]}}],"collection":[{"href":"https:\/\/www.orto-bar.com\/en\/wp-json\/wp\/v2\/product"}],"about":[{"href":"https:\/\/www.orto-bar.com\/en\/wp-json\/wp\/v2\/types\/product"}],"author":[{"embeddable":true,"href":"https:\/\/www.orto-bar.com\/en\/wp-json\/wp\/v2\/users\/11"}],"version-history":[{"count":0,"href":"https:\/\/www.orto-bar.com\/en\/wp-json\/wp\/v2\/product\/78806\/revisions"}],"wp:featuredmedia":[{"embeddable":true,"href":"https:\/\/www.orto-bar.com\/en\/wp-json\/wp\/v2\/media\/79226"}],"wp:attachment":[{"href":"https:\/\/www.orto-bar.com\/en\/wp-json\/wp\/v2\/media?parent=78806"}],"wp:term":[{"taxonomy":"product_brand","embeddable":true,"href":"https:\/\/www.orto-bar.com\/en\/wp-json\/wp\/v2\/product_brand?post=78806"},{"taxonomy":"product_cat","embeddable":true,"href":"https:\/\/www.orto-bar.com\/en\/wp-json\/wp\/v2\/product_cat?post=78806"},{"taxonomy":"product_tag","embeddable":true,"href":"https:\/\/www.orto-bar.com\/en\/wp-json\/wp\/v2\/product_tag?post=78806"}],"curies":[{"name":"wp","href":"https:\/\/api.w.org\/{rel}","templated":true}]}}