{"id":80252,"date":"2024-10-15T19:54:52","date_gmt":"2024-10-15T17:54:52","guid":{"rendered":"https:\/\/www.orto-bar.com\/?post_type=product&#038;p=80252"},"modified":"2025-05-17T19:17:14","modified_gmt":"2025-05-17T17:17:14","slug":"stardust-david-bowie-tribute-band","status":"publish","type":"product","link":"https:\/\/www.orto-bar.com\/en\/dogodki\/arhiv\/stardust-david-bowie-tribute-band\/","title":{"rendered":"STARDUST-David Bowie Tribute Band"},"content":{"rendered":"<p>Skupina Stardust poklon Davidu Bowieju je bila ustanovljena v Trstu leta 2016 . Pevec Michel Maier je strastni obo\u017eevalec Belega vojvode ki do potankosti\u00a0 imitira Bowiejev glas in vokal, obogaten s spektakularnimi in privla\u010dnimi nastopi. Leta 2023 je skupina za\u010dela nacionalno turnejo po gledali\u0161\u010dih v Italiji, da bi proslavila 50. obletnico albuma Ziggy Stardust. Po enoletnem premoru, po zadnjem koncertu na gradu San Giusto pred ve\u010d kot 1000 gledalci, se bo skupina leta 2025 ponovno zdru\u017eila za novo serijo koncertov. Turneja se za\u010dne 4. januarja v Orto Baru v Ljubljani in obeta nov val \u010dustev ter \u017eive glasbe.<\/p>\n<p>&nbsp;<\/p>\n<p>&nbsp;<\/p>\n<p>The David Bowie tribute band, Stardust, born in Trieste in 2016 from the passion of singer Michele Maier for the White Duke, has distinguished itself for its faithful reproduction of Bowie&#8217;s sound and vocals, enriched by spectacular and engaging performances. In 2023, the band embarked on a national theater tour across Italy to celebrate the 50th anniversary of the album Ziggy Stardust. After a year-long break following their last concert at San Giusto Castle in front of over 1,000 spectators, the band reunites in 2025 for a new series of live shows. The tour kicks off on January 4th at the Orto Bar in Ljubljana, promising a new chapter of emotions and live music.<\/p>","protected":false},"excerpt":{"rendered":"<p>Skupina Stardust poklon Davidu Bowieju je bila ustanovljena v Trstu leta 2016 . Pevec Michel Maier je strastni obo\u017eevalec Belega vojvode ki do potankosti\u00a0 imitira Bowiejev glas in vokal, obogaten s spektakularnimi in privla\u010dnimi nastopi. Leta 2023 je skupina za\u010dela nacionalno turnejo po gledali\u0161\u010dih v Italiji, da bi proslavila 50. obletnico albuma Ziggy Stardust. Po [&hellip;]<\/p>","protected":false},"author":11,"featured_media":100996,"template":"","meta":{"_seopress_robots_primary_cat":"none","_seopress_titles_title":"","_seopress_titles_desc":"","_seopress_robots_index":""},"product_brand":[],"product_cat":[230],"product_tag":[222],"class_list":{"0":"post-80252","1":"product","2":"type-product","3":"status-publish","4":"has-post-thumbnail","6":"product_cat-arhiv","7":"product_tag-predprodaja","9":"entry","10":"has-media","12":"first","13":"instock","14":"virtual","15":"taxable","16":"product-type-simple","17":"has-product-nav","18":"col","19":"span_1_of_4","20":"owp-content-center","21":"item-entry","22":"owp-thumbs-layout-horizontal","23":"owp-btn-normal","24":"owp-tabs-layout-section","25":"has-no-thumbnails"},"publishpress_future_action":{"enabled":false,"date":"2026-05-10 21:55:05","action":"change-status","newStatus":"draft","terms":[],"taxonomy":"product_cat","extraData":[]},"publishpress_future_workflow_manual_trigger":{"enabledWorkflows":[]},"_links":{"self":[{"href":"https:\/\/www.orto-bar.com\/en\/wp-json\/wp\/v2\/product\/80252","targetHints":{"allow":["GET"]}}],"collection":[{"href":"https:\/\/www.orto-bar.com\/en\/wp-json\/wp\/v2\/product"}],"about":[{"href":"https:\/\/www.orto-bar.com\/en\/wp-json\/wp\/v2\/types\/product"}],"author":[{"embeddable":true,"href":"https:\/\/www.orto-bar.com\/en\/wp-json\/wp\/v2\/users\/11"}],"version-history":[{"count":0,"href":"https:\/\/www.orto-bar.com\/en\/wp-json\/wp\/v2\/product\/80252\/revisions"}],"wp:featuredmedia":[{"embeddable":true,"href":"https:\/\/www.orto-bar.com\/en\/wp-json\/wp\/v2\/media\/100996"}],"wp:attachment":[{"href":"https:\/\/www.orto-bar.com\/en\/wp-json\/wp\/v2\/media?parent=80252"}],"wp:term":[{"taxonomy":"product_brand","embeddable":true,"href":"https:\/\/www.orto-bar.com\/en\/wp-json\/wp\/v2\/product_brand?post=80252"},{"taxonomy":"product_cat","embeddable":true,"href":"https:\/\/www.orto-bar.com\/en\/wp-json\/wp\/v2\/product_cat?post=80252"},{"taxonomy":"product_tag","embeddable":true,"href":"https:\/\/www.orto-bar.com\/en\/wp-json\/wp\/v2\/product_tag?post=80252"}],"curies":[{"name":"wp","href":"https:\/\/api.w.org\/{rel}","templated":true}]}}