{"id":80541,"date":"2024-10-18T12:18:08","date_gmt":"2024-10-18T10:18:08","guid":{"rendered":"https:\/\/www.orto-bar.com\/?post_type=product&#038;p=80541"},"modified":"2024-12-06T17:02:34","modified_gmt":"2024-12-06T16:02:34","slug":"smackedcurbrigen-the-prulers","status":"publish","type":"product","link":"https:\/\/www.orto-bar.com\/en\/dogodki\/arhiv\/smackedcurbrigen-the-prulers\/","title":{"rendered":"Smacked,Curbrigen, The Prulers"},"content":{"rendered":"<p>&nbsp;<\/p>\n<p><strong>Smacked<\/strong><\/p>\n<p>SMACKED prina\u0161ajo tsunami pristnega punk-rock do\u017eivetja z nalezljivimi kitarskimi rifi in brezkompromisno energijo.<\/p>\n<p>SMACKED so nastopili na \u0161tevilnih koncertih po Evropi in si oder delili z ve\u010djimi bendi, kot so ANTI FLAG (ZDA), IGNITE (ZDA), BOOZE AND GLORY (ANG), SEIZED UP (ZDA), MARCH (NIZ), BEERBONG (IT), DRUNKTANK (NIZ) ter si pridno nabirajo zvesto bazo obo\u017eevalcev. Letos so prvi\u010d nastopili tudi na legendarnem festivalu Punk rock holiday. Novembra se spet odpravljajo na turnejo v tujino, in sicer po \u0160paniji, Franciji in Italiji.<\/p>\n<p>Delaven in kompakten bend, ki ponuja energi\u010dne nastope v \u017eivo za vse navdu\u0161ence in nostalgike dobrega starega kalifornijskega punk-rocka!<\/p>\n<p>DISKOGRAFIJA:<br \/>\n&#8220;Surfing the Tsunami&#8221; (2023)<br \/>\n&#8220;On your expense!&#8221; (2024)<\/p>\n<p>Uradna spletna stran:\u00a0<a href=\"https:\/\/smacked.band\/?fbclid=IwZXh0bgNhZW0CMTAAAR1XrATFk4HpOiiKxJRGNwYBSVgHKGKHFAUVqAMwKBkUtS0lxljGDJ1Yp94_aem_m6LbRXcceu5qRNHOrS6-XA\"><strong>https:\/\/smacked.band\/<\/strong><\/a><br \/>\n____________________<\/p>\n<p><strong>Curbrigen<\/strong><\/p>\n<p>Energi\u010den punk rock bend iz Lucijskega &#8220;plesnivega zakloni\u0161\u010da\u201d, ki \u010drpa vpliv iz punk bendov poznih 90. let. Ime je posledica butaste \u0161ale, a tudi kot poklon velikemu smu\u010darju Pirminu Zurbriggnu. Leta 2023 so posneli in v samozalo\u017ebi izdali svoj prvenec &#8220;Unknown destination&#8221;, kateremu je sledil \u0161e videospot naslovne skladbe ter live EP \u201cVaje&#8221;. Trenutno nabirajo koncertno kilometrino in delajo na novem EP-ju.<\/p>\n<p>Spletna stran:\u00a0<a href=\"https:\/\/l.facebook.com\/l.php?u=https%3A%2F%2Fcurbrigen.com%2F%3Ffbclid%3DIwZXh0bgNhZW0CMTAAAR2pfgrkHL6c_8ohTF4W7XUt0Gl2dN0kldySv-ht9qy1k1ShJPymIgWetrE_aem_j9yoXimUyqUty85xhui1TQ&amp;h=AT3CEq97Cv9ikPeGYUA4rgLSUz6fm1VB66QvaDTWfYUgtMgSM793RwlxrLC_jjmR3TPcN7W4R3yqYYJQvy2AKdXPz9BCLh0te5ihb207u6etoe-KC-9hwb0UruknrRztz8Hb&amp;__tn__=q&amp;c%5b0%5d=AT1Uq0m9e-SKgNFCB1RX5-A6r6bjS53Wr5s_-tCfbl7b8oUycZYg4KUD3kLgA_sSuP3dP10aUG3SHAhEDv1xdLF-9zXuIjXBLJDyd_vx3SqHi9UKickTXaGpqvmXrfDvkAu4BhCI9JFxd2CtRblIYGm1mNLIUlABhBSk8g\"><strong>https:\/\/curbrigen.com<\/strong><\/a><br \/>\nSpotify:\u00a0<a href=\"https:\/\/l.facebook.com\/l.php?u=https%3A%2F%2Fopen.spotify.com%2Fartist%2F3ubQ3nvRH8fCN8xwMncSlM%3Ffbclid%3DIwZXh0bgNhZW0CMTAAAR2DENRrEIdpuKVFJR8FnrEJYrXF4TOTiqQpv4js8YR9n8cJSdRwhAAfp6M_aem_2AvG4n4utrAtOM8WR_Iz5Q&amp;h=AT3zbSnJC6LORzBbXqoks798pjYBvFY1O6Uuxso0q-aYLnpEoUbOAM348_5bhkCRUsdPAfAcqhUHEHOiysvpCCOSvNzwFYhvaJDOVJbHq8mBDuCBEtABTECW85K5CzQYztaq&amp;__tn__=q&amp;c%5b0%5d=AT1Uq0m9e-SKgNFCB1RX5-A6r6bjS53Wr5s_-tCfbl7b8oUycZYg4KUD3kLgA_sSuP3dP10aUG3SHAhEDv1xdLF-9zXuIjXBLJDyd_vx3SqHi9UKickTXaGpqvmXrfDvkAu4BhCI9JFxd2CtRblIYGm1mNLIUlABhBSk8g\"><strong>https:\/\/open.spotify.com\/artist\/3ubQ3nvRH8fCN8xwMncSlM<\/strong><\/a><br \/>\nVe\u010d info:\u00a0<a href=\"https:\/\/l.facebook.com\/l.php?u=https%3A%2F%2Flinktr.ee%2Fcurbrigen%3Ffbclid%3DIwZXh0bgNhZW0CMTAAAR3FbZE4JGVtEJyt_YgusKkQ_HwvxnjPPoKX-hjVxB_Gir-SDZC_obGe2k4_aem_8CLcmw-JPE2F962wrldAJA&amp;h=AT1n3xPeOxhDDebDFTP_Q4h7Jrpasmwh3wtRRLwIPF2PglIVoiBUB0NJgE2ZyGJVVjtF91kJnfLhlsao75KPjDTAPCPBopJuESucqBU1-rGUUyQP8Eo0ifISNC13APlteMXT&amp;__tn__=q&amp;c%5b0%5d=AT1Uq0m9e-SKgNFCB1RX5-A6r6bjS53Wr5s_-tCfbl7b8oUycZYg4KUD3kLgA_sSuP3dP10aUG3SHAhEDv1xdLF-9zXuIjXBLJDyd_vx3SqHi9UKickTXaGpqvmXrfDvkAu4BhCI9JFxd2CtRblIYGm1mNLIUlABhBSk8g\"><strong>https:\/\/linktr.ee\/curbrigen<\/strong><\/a><\/p>\n<p>____________________<\/p>\n<p><strong>The Prulers<\/strong><\/p>\n<p>Za\u010detki skupine segajo \u0161e v Jugo. Leta 1988 so Sever (vokal\/kitara), Urca (bas) in Sexy (bobni) \u2013 tedaj \u0161e najstniki s Prul, enega izmed najbolj prepoznavnih ljubljanskih kvartov &#8211; za\u010deli cefrati \u017eivce stanovalcev in se promptno preselili v bunker. Ko se jim je pridru\u017eil \u0161e Primula na kitari, so za\u010deli ustvarjati avtorsko glasbo in leta 1997 izdali svoj prvi CD &#8220;Hazelnut&#8221;. Sledili so koncerti \u0161irom o\u017eje domovine. Primula je zapustil skupino leta 2016, preostali \u010dlani pa se \u0161e ne dajo in nadaljujejo s cefranjem.<\/p>\n<p>Link na plo\u0161\u010do Hazelnut:<br \/>\n<a href=\"https:\/\/l.facebook.com\/l.php?u=https%3A%2F%2Fprulers.bandcamp.com%2Falbum%2Fhazelnut%3Ffbclid%3DIwZXh0bgNhZW0CMTAAAR2pfgrkHL6c_8ohTF4W7XUt0Gl2dN0kldySv-ht9qy1k1ShJPymIgWetrE_aem_j9yoXimUyqUty85xhui1TQ&amp;h=AT0NDrLJ_nvC2pjJ1U_qDDIleBM2Vwm5biVSgbUHVuy0admiZ-pvhTbu9GZehWAnkXifbZ-oOltPU8gLHAiUbr7ObvXswp7dWLIf4NdcHVfzBskO0i10A-hO0gjTEvqhWtZk&amp;__tn__=q&amp;c%5b0%5d=AT1Uq0m9e-SKgNFCB1RX5-A6r6bjS53Wr5s_-tCfbl7b8oUycZYg4KUD3kLgA_sSuP3dP10aUG3SHAhEDv1xdLF-9zXuIjXBLJDyd_vx3SqHi9UKickTXaGpqvmXrfDvkAu4BhCI9JFxd2CtRblIYGm1mNLIUlABhBSk8g\"><strong>https:\/\/prulers.bandcamp.com\/album\/hazelnut<\/strong><\/a><\/p>\n<p>Link na \u0161tiklc Ljudje brez hi\u0161e:<br \/>\n<a href=\"https:\/\/open.spotify.com\/track\/2z2brV04Km7K57QDEByL61?fbclid=IwZXh0bgNhZW0CMTAAAR1oeXqXDGfKgIvAwTQPlT0WAXqSKHxgviQ5b7PwYGwjgGZMdQdqZORUMbU_aem_CuUDLenImhNUCTVxZycpQw\"><strong>https:\/\/open.spotify.com\/track\/2z2brV04Km7K57QDEByL61<\/strong><\/a><\/p>\n<p>&nbsp;<\/p>\n<p>&nbsp;<\/p>\n<p>&nbsp;<\/p>","protected":false},"excerpt":{"rendered":"<p>&nbsp; Smacked SMACKED prina\u0161ajo tsunami pristnega punk-rock do\u017eivetja z nalezljivimi kitarskimi rifi in brezkompromisno energijo. SMACKED so nastopili na \u0161tevilnih koncertih po Evropi in si oder delili z ve\u010djimi bendi, kot so ANTI FLAG (ZDA), IGNITE (ZDA), BOOZE AND GLORY (ANG), SEIZED UP (ZDA), MARCH (NIZ), BEERBONG (IT), DRUNKTANK (NIZ) ter si pridno nabirajo zvesto [&hellip;]<\/p>","protected":false},"author":11,"featured_media":80542,"template":"","meta":{"_seopress_robots_primary_cat":"none","_seopress_titles_title":"","_seopress_titles_desc":"","_seopress_robots_index":""},"product_brand":[],"product_cat":[230],"product_tag":[222],"class_list":{"0":"post-80541","1":"product","2":"type-product","3":"status-publish","4":"has-post-thumbnail","6":"product_cat-arhiv","7":"product_tag-predprodaja","9":"entry","10":"has-media","12":"first","13":"instock","14":"virtual","15":"taxable","16":"product-type-simple","17":"has-product-nav","18":"col","19":"span_1_of_4","20":"owp-content-center","21":"item-entry","22":"owp-thumbs-layout-horizontal","23":"owp-btn-normal","24":"owp-tabs-layout-section","25":"has-no-thumbnails"},"publishpress_future_action":{"enabled":false,"date":"2026-05-10 09:11:21","action":"change-status","newStatus":"draft","terms":[],"taxonomy":"product_cat","extraData":[]},"publishpress_future_workflow_manual_trigger":{"enabledWorkflows":[]},"_links":{"self":[{"href":"https:\/\/www.orto-bar.com\/en\/wp-json\/wp\/v2\/product\/80541","targetHints":{"allow":["GET"]}}],"collection":[{"href":"https:\/\/www.orto-bar.com\/en\/wp-json\/wp\/v2\/product"}],"about":[{"href":"https:\/\/www.orto-bar.com\/en\/wp-json\/wp\/v2\/types\/product"}],"author":[{"embeddable":true,"href":"https:\/\/www.orto-bar.com\/en\/wp-json\/wp\/v2\/users\/11"}],"version-history":[{"count":0,"href":"https:\/\/www.orto-bar.com\/en\/wp-json\/wp\/v2\/product\/80541\/revisions"}],"wp:featuredmedia":[{"embeddable":true,"href":"https:\/\/www.orto-bar.com\/en\/wp-json\/wp\/v2\/media\/80542"}],"wp:attachment":[{"href":"https:\/\/www.orto-bar.com\/en\/wp-json\/wp\/v2\/media?parent=80541"}],"wp:term":[{"taxonomy":"product_brand","embeddable":true,"href":"https:\/\/www.orto-bar.com\/en\/wp-json\/wp\/v2\/product_brand?post=80541"},{"taxonomy":"product_cat","embeddable":true,"href":"https:\/\/www.orto-bar.com\/en\/wp-json\/wp\/v2\/product_cat?post=80541"},{"taxonomy":"product_tag","embeddable":true,"href":"https:\/\/www.orto-bar.com\/en\/wp-json\/wp\/v2\/product_tag?post=80541"}],"curies":[{"name":"wp","href":"https:\/\/api.w.org\/{rel}","templated":true}]}}