{"id":80860,"date":"2024-10-20T22:47:08","date_gmt":"2024-10-20T20:47:08","guid":{"rendered":"https:\/\/www.orto-bar.com\/?post_type=product&#038;p=80860"},"modified":"2025-01-18T13:33:21","modified_gmt":"2025-01-18T12:33:21","slug":"gutalax-birdflesh","status":"publish","type":"product","link":"https:\/\/www.orto-bar.com\/en\/dogodki\/arhiv\/gutalax-birdflesh\/","title":{"rendered":"Gutalax + Birdflesh"},"content":{"rendered":"<p>&nbsp;<\/p>\n<div class=\"xdj266r x11i5rnm xat24cr x1mh8g0r x1vvkbs\">Vstopnice \u017ee v prodaji! 25 evrov v predprodaji, 29 evrov na dan koncerta!<br class=\"html-br\" \/><a class=\"x1i10hfl xjbqb8w x1ejq31n xd10rxx x1sy0etr x17r0tee x972fbf xcfux6l x1qhh985 xm0m39n x9f619 x1ypdohk xt0psk2 xe8uvvx xdj266r x11i5rnm xat24cr x1mh8g0r xexx8yu x4uap5 x18d9i69 xkhd6sd x16tdsg8 x1hl2dhg xggy1nq x1a2a7pz x1sur9pj xkrqix3 x1fey0fg x1s688f\" tabindex=\"0\" role=\"link\" href=\"https:\/\/qr-codes.io\/BO9KGK?fbclid=IwZXh0bgNhZW0CMTAAAR0W_5hhuGHUbsz_SNJLzuk-us8MEfcRrKk4-BadtRAsMkHdbtlsbslXPyI_aem_gbbKQeody2h3p7CJEOpnug\" target=\"_blank\" rel=\"nofollow noopener noreferrer\">https:\/\/qr-codes.io\/BO9KGK<\/a><br class=\"html-br\" \/>Tickets already in presale! 25 euro in presale, 29 euro on show day!<br class=\"html-br\" \/><a class=\"x1i10hfl xjbqb8w x1ejq31n xd10rxx x1sy0etr x17r0tee x972fbf xcfux6l x1qhh985 xm0m39n x9f619 x1ypdohk xt0psk2 xe8uvvx xdj266r x11i5rnm xat24cr x1mh8g0r xexx8yu x4uap5 x18d9i69 xkhd6sd x16tdsg8 x1hl2dhg xggy1nq x1a2a7pz x1sur9pj xkrqix3 x1fey0fg x1s688f\" tabindex=\"0\" role=\"link\" href=\"https:\/\/qr-codes.io\/ZfOkLY?fbclid=IwZXh0bgNhZW0CMTAAAR1lBCv-Axo5e8UUEFXVY0cjLO2LQR1AWn4Tz4IKZ4O__--96zRahcZ--tQ_aem_Mr53bQVGIgpo-IXX0vcbLg\" target=\"_blank\" rel=\"nofollow noopener noreferrer\">https:\/\/qr-codes.io\/ZfOkLY<\/a><\/div>\n<div class=\"x11i5rnm xat24cr x1mh8g0r x1vvkbs xtlvy1s\">2025 \u0161tartamo z goregrind veselico! K nam prihajajo nam \u017ee priljubljeni dreka\u010di Gutalax iz \u010ce\u0161ke! Kdor jih \u017ee pozna, ve, da so njihove \u017eurke neprimerljive z vsem ostalim. Tokrat bodo praznovali 15 let obstoja!<br class=\"html-br\" \/>Poleg njih pa bomo gostili \u0161e \u0161vedske Birdflesh, ki prav tako slovijos svojo kostumografijo!<\/div>\n<div class=\"x11i5rnm xat24cr x1mh8g0r x1vvkbs xtlvy1s\">GUTALAX<br class=\"html-br\" \/><a class=\"x1i10hfl xjbqb8w x1ejq31n xd10rxx x1sy0etr x17r0tee x972fbf xcfux6l x1qhh985 xm0m39n x9f619 x1ypdohk xt0psk2 xe8uvvx xdj266r x11i5rnm xat24cr x1mh8g0r xexx8yu x4uap5 x18d9i69 xkhd6sd x16tdsg8 x1hl2dhg xggy1nq x1a2a7pz x1sur9pj xkrqix3 xzsf02u x1s688f\" tabindex=\"0\" role=\"link\" href=\"https:\/\/www.facebook.com\/gutalax.band?__cft__[0]=AZUbTF46XjqEExPTofOX0bog4I--T5g6cZpeCi1-SsCDznZridWMc4JPMDcVtUjQasDw0pwp8DPOkn_nrdFm323WA1PFHMkJj2IHVAnvMfZEkeAGE0wYCnMBzukQ9yB0OYsqdYtQr5eY4GRF784rJg7Q&amp;__tn__=q\"><span class=\"xt0psk2\">https:\/\/www.facebook.com\/gutalax.band<\/span><\/a><\/div>\n<div class=\"x11i5rnm xat24cr x1mh8g0r x1vvkbs xtlvy1s\">BIRDFLESH<br class=\"html-br\" \/><a class=\"x1i10hfl xjbqb8w x1ejq31n xd10rxx x1sy0etr x17r0tee x972fbf xcfux6l x1qhh985 xm0m39n x9f619 x1ypdohk xt0psk2 xe8uvvx xdj266r x11i5rnm xat24cr x1mh8g0r xexx8yu x4uap5 x18d9i69 xkhd6sd x16tdsg8 x1hl2dhg xggy1nq x1a2a7pz x1sur9pj xkrqix3 xzsf02u x1s688f\" tabindex=\"0\" role=\"link\" href=\"https:\/\/www.facebook.com\/birdfleshgrind?__cft__[0]=AZUbTF46XjqEExPTofOX0bog4I--T5g6cZpeCi1-SsCDznZridWMc4JPMDcVtUjQasDw0pwp8DPOkn_nrdFm323WA1PFHMkJj2IHVAnvMfZEkeAGE0wYCnMBzukQ9yB0OYsqdYtQr5eY4GRF784rJg7Q&amp;__tn__=q\"><span class=\"xt0psk2\">https:\/\/www.facebook.com\/birdfleshgrind<\/span><\/a><\/div>","protected":false},"excerpt":{"rendered":"<p>&nbsp; Vstopnice \u017ee v prodaji! 25 evrov v predprodaji, 29 evrov na dan koncerta!https:\/\/qr-codes.io\/BO9KGKTickets already in presale! 25 euro in presale, 29 euro on show day!https:\/\/qr-codes.io\/ZfOkLY 2025 \u0161tartamo z goregrind veselico! K nam prihajajo nam \u017ee priljubljeni dreka\u010di Gutalax iz \u010ce\u0161ke! Kdor jih \u017ee pozna, ve, da so njihove \u017eurke neprimerljive z vsem ostalim. Tokrat [&hellip;]<\/p>","protected":false},"author":11,"featured_media":80861,"template":"","meta":{"_seopress_robots_primary_cat":"none","_seopress_titles_title":"","_seopress_titles_desc":"","_seopress_robots_index":""},"product_brand":[],"product_cat":[230],"product_tag":[222],"class_list":{"0":"post-80860","1":"product","2":"type-product","3":"status-publish","4":"has-post-thumbnail","6":"product_cat-arhiv","7":"product_tag-predprodaja","9":"entry","10":"has-media","12":"first","13":"instock","14":"virtual","15":"taxable","16":"product-type-simple","17":"has-product-nav","18":"col","19":"span_1_of_4","20":"owp-content-center","21":"item-entry","22":"owp-thumbs-layout-horizontal","23":"owp-btn-normal","24":"owp-tabs-layout-section","25":"has-no-thumbnails"},"publishpress_future_action":{"enabled":false,"date":"2026-04-27 21:48:45","action":"change-status","newStatus":"draft","terms":[],"taxonomy":"product_cat","extraData":[]},"publishpress_future_workflow_manual_trigger":{"enabledWorkflows":[]},"_links":{"self":[{"href":"https:\/\/www.orto-bar.com\/en\/wp-json\/wp\/v2\/product\/80860","targetHints":{"allow":["GET"]}}],"collection":[{"href":"https:\/\/www.orto-bar.com\/en\/wp-json\/wp\/v2\/product"}],"about":[{"href":"https:\/\/www.orto-bar.com\/en\/wp-json\/wp\/v2\/types\/product"}],"author":[{"embeddable":true,"href":"https:\/\/www.orto-bar.com\/en\/wp-json\/wp\/v2\/users\/11"}],"version-history":[{"count":0,"href":"https:\/\/www.orto-bar.com\/en\/wp-json\/wp\/v2\/product\/80860\/revisions"}],"wp:featuredmedia":[{"embeddable":true,"href":"https:\/\/www.orto-bar.com\/en\/wp-json\/wp\/v2\/media\/80861"}],"wp:attachment":[{"href":"https:\/\/www.orto-bar.com\/en\/wp-json\/wp\/v2\/media?parent=80860"}],"wp:term":[{"taxonomy":"product_brand","embeddable":true,"href":"https:\/\/www.orto-bar.com\/en\/wp-json\/wp\/v2\/product_brand?post=80860"},{"taxonomy":"product_cat","embeddable":true,"href":"https:\/\/www.orto-bar.com\/en\/wp-json\/wp\/v2\/product_cat?post=80860"},{"taxonomy":"product_tag","embeddable":true,"href":"https:\/\/www.orto-bar.com\/en\/wp-json\/wp\/v2\/product_tag?post=80860"}],"curies":[{"name":"wp","href":"https:\/\/api.w.org\/{rel}","templated":true}]}}