{"id":81142,"date":"2024-10-22T14:35:17","date_gmt":"2024-10-22T12:35:17","guid":{"rendered":"https:\/\/www.orto-bar.com\/?post_type=product&#038;p=81142"},"modified":"2024-11-14T00:00:00","modified_gmt":"2024-11-13T23:00:00","slug":"interferenzza-funky-time-drugi-krog-po-osoncju","status":"publish","type":"product","link":"https:\/\/www.orto-bar.com\/en\/dogodki\/arhiv\/interferenzza-funky-time-drugi-krog-po-osoncju\/","title":{"rendered":"iNTeRFeReNZZa-Funky time &#8211; Drugi krog po oson\u010dju"},"content":{"rendered":"<p>&nbsp;<\/p>\n<div class=\"x11i5rnm xat24cr x1mh8g0r x1vvkbs xtlvy1s\">\n<p>iNTeRFeReNZZa+ \u201cFunky time\u201d: Drugi krog po oson\u010dju<\/p>\n<p>Interferenzza+ skupaj z mati\u010dnim modrim planetom zaklju\u010duje drugi cikel okrog velike \u017eare\u010de mase. Ker so bolj od dolgo\u010dasnih ve\u010dkratnikov (5, 10 \u2026) zanimiva pra\u0161tevila (1, 2 \u2026 ), to terja obletnico in z njo \u0161e en funky \u017eur. Pridru\u017eite se nam 14.11. v Ortobaru, kjer bomo kozmi\u010dno kolesje pognali v tretji krog.<\/p>\n<p>Nedavno je Interferenzza z novim singlom IR (Infrarde\u010da) oznanila za\u010detni \u201ckonec\u201d avtorske niti \u201cS sti\u010di\u0161\u010da znanosti in umetnosti\u201d. Premierno so jo predstavili na celove\u010dernem koncertu v napolnjeni Cukrarni, kjer je IR tako zazvenela kot tudi \u201czasijala\u201d \u2013 predstavili so jo v avdio in video obliki. Vabljeni, da se v prihajajo\u010dih hladnih dneh pogrejete z Infrarde\u010do v digitalnem etru youtube-a. \u010ce pa si za\u017eelite ve\u010ddimenzionalne izku\u0161nje ali ste Cukrarno zamudili, pa hitro \u201czacahnati\u201d v koledar\u010dkih 14. november, ko bo Interferenzza pre\u017ear\u010dila \u0161e Ortobar.<\/p>\n<p>IR govori o tem, da nam vseh dra\u017eljajev morda NI dano zaznavati s \u201ctovarni\u0161ko vgrajenimi\u201d \u010dutili, pa vendar ti dra\u017eljaji gradijo stvarnost okoli nas. Vse skupaj je oble\u010deno v sentimentalni dialog med dvema neimenovanima \u00a0(vsemirskima) entitetama ter za\u010dinjeno z obilo metaforike in besednih iger. Za zvo\u010dno \u201cpodobo\u201d IR je vse od zajema signala do kon\u010dnega digitalnega zapisa poskrbel Janez Kri\u017eaj pod streho Studia Metro. Na drugi strani je za zajem in kon\u010dni \u201czven\u201d slike poskrbel Luka Kostanjevec.<\/p>\n<p>Kdo ali kaj je Interferenzza?<br \/>\nInterferenzza je elektri\u010dni \u201cpodalj\u0161ek\u201d akusti\u010dnega dueta, ki sta ga v \u017eeleznih \u010dasih, po prvem koronskem valu osnovala Ivana Honsi\u0107 (vokal) in Kristjan Vuk Bali\u017e (kitara). V \u201cpodalj\u0161ek\u201d se vklju\u010dujejo Ne\u017ea Pavlovi\u010d (bas), Janez Spruk (bobni), Leon \u017dunec (klaviature, sax) ter Neja Frbe\u017ear in Barbara Vintar (spremljevalni vokali). Poleg razvajanja z izbranimi funk in soul poslasticami, komaj \u010dakajo, da se predstavijo z avtorskima IR in Kozmoromantiko, s katerimi Kristjan (avtor besedil) napoveduje serijo avtorskih pesmi s Sti\u010di\u0161\u010da znanosti in umetnosti. V besedilih kanalizira svojo strast do znanosti in si prizadeva zanimanje zanjo spodbujati tudi skoz\u2019 umetnost in zabavo. Navdih za ime zasedbe je istoimenski fizikalni pojav \u2013 interferenca, za kogar pa ime \u0161e ni dovolj zapleteno, Kristjan v pol\u0161ali dodaja \u0161e ena\u010dbo. Iz narave interferenco verjetno poznate tisti, ki ste kdaj v vodo vrgli dva kamna in opazovali nenavaden vzorec valovanja na gladini. Kako pa izgleda in zveni Interferenzza (tista z dvema \u201cZZ\u201d), pa lahko izkusite \u017ee na naslednjem koncertu, 14. novembra na kultnem odru Orto-bara.<\/p>\n<p>&nbsp;<\/p>\n<\/div>","protected":false},"excerpt":{"rendered":"<p>&nbsp; iNTeRFeReNZZa+ \u201cFunky time\u201d: Drugi krog po oson\u010dju Interferenzza+ skupaj z mati\u010dnim modrim planetom zaklju\u010duje drugi cikel okrog velike \u017eare\u010de mase. Ker so bolj od dolgo\u010dasnih ve\u010dkratnikov (5, 10 \u2026) zanimiva pra\u0161tevila (1, 2 \u2026 ), to terja obletnico in z njo \u0161e en funky \u017eur. Pridru\u017eite se nam 14.11. v Ortobaru, kjer bomo kozmi\u010dno [&hellip;]<\/p>","protected":false},"author":11,"featured_media":81143,"template":"","meta":{"_seopress_robots_primary_cat":"none","_seopress_titles_title":"","_seopress_titles_desc":"","_seopress_robots_index":""},"product_brand":[],"product_cat":[230],"product_tag":[222],"class_list":{"0":"post-81142","1":"product","2":"type-product","3":"status-publish","4":"has-post-thumbnail","6":"product_cat-arhiv","7":"product_tag-predprodaja","9":"entry","10":"has-media","12":"first","13":"instock","14":"virtual","15":"taxable","16":"product-type-simple","17":"has-product-nav","18":"col","19":"span_1_of_4","20":"owp-content-center","21":"item-entry","22":"owp-thumbs-layout-horizontal","23":"owp-btn-normal","24":"owp-tabs-layout-section","25":"has-no-thumbnails"},"publishpress_future_action":{"enabled":false,"date":"2026-04-28 00:18:08","action":"change-status","newStatus":"draft","terms":[],"taxonomy":"product_cat","extraData":[]},"publishpress_future_workflow_manual_trigger":{"enabledWorkflows":[]},"_links":{"self":[{"href":"https:\/\/www.orto-bar.com\/en\/wp-json\/wp\/v2\/product\/81142","targetHints":{"allow":["GET"]}}],"collection":[{"href":"https:\/\/www.orto-bar.com\/en\/wp-json\/wp\/v2\/product"}],"about":[{"href":"https:\/\/www.orto-bar.com\/en\/wp-json\/wp\/v2\/types\/product"}],"author":[{"embeddable":true,"href":"https:\/\/www.orto-bar.com\/en\/wp-json\/wp\/v2\/users\/11"}],"version-history":[{"count":0,"href":"https:\/\/www.orto-bar.com\/en\/wp-json\/wp\/v2\/product\/81142\/revisions"}],"wp:featuredmedia":[{"embeddable":true,"href":"https:\/\/www.orto-bar.com\/en\/wp-json\/wp\/v2\/media\/81143"}],"wp:attachment":[{"href":"https:\/\/www.orto-bar.com\/en\/wp-json\/wp\/v2\/media?parent=81142"}],"wp:term":[{"taxonomy":"product_brand","embeddable":true,"href":"https:\/\/www.orto-bar.com\/en\/wp-json\/wp\/v2\/product_brand?post=81142"},{"taxonomy":"product_cat","embeddable":true,"href":"https:\/\/www.orto-bar.com\/en\/wp-json\/wp\/v2\/product_cat?post=81142"},{"taxonomy":"product_tag","embeddable":true,"href":"https:\/\/www.orto-bar.com\/en\/wp-json\/wp\/v2\/product_tag?post=81142"}],"curies":[{"name":"wp","href":"https:\/\/api.w.org\/{rel}","templated":true}]}}