{"id":82760,"date":"2024-11-08T08:43:28","date_gmt":"2024-11-08T07:43:28","guid":{"rendered":"https:\/\/www.orto-bar.com\/?post_type=product&#038;p=82760"},"modified":"2025-02-22T19:51:42","modified_gmt":"2025-02-22T18:51:42","slug":"break-stuff-limp-bizkit-tribute-band","status":"publish","type":"product","link":"https:\/\/www.orto-bar.com\/en\/dogodki\/arhiv\/break-stuff-limp-bizkit-tribute-band\/","title":{"rendered":"BREAK STUFF-Limp Bizkit Tribute Band"},"content":{"rendered":"<p>&nbsp;<\/p>\n<div class=\"x11i5rnm xat24cr x1mh8g0r x1vvkbs xtlvy1s\">\n<p>Iz Italije prihaja k nam Limp Bizkit Tribute!<br \/>\nProjekt se je rodil iz ljubezni do zasedbe, ki je zaznamovala zgodovino numetala in crossoverja. Repertoar, ki ga preigrava tribute, obsega vsa najuspe\u0161nej\u0161a in najpomembnej\u0161a glasbena dela peterice iz Jacksonvilla. Break Stuff do potankosti poustvarjajo njihov slog, zvoke in odnos.<\/p>\n<p><a href=\"https:\/\/www.youtube.com\/watch?v=C0w1eZ0Uf2E\">https:\/\/www.youtube.com\/watch?v=C0w1eZ0Uf2E<\/a><\/p>\n<p>&nbsp;<\/p>\n<\/div>","protected":false},"excerpt":{"rendered":"<p>&nbsp; Iz Italije prihaja k nam Limp Bizkit Tribute! Projekt se je rodil iz ljubezni do zasedbe, ki je zaznamovala zgodovino numetala in crossoverja. Repertoar, ki ga preigrava tribute, obsega vsa najuspe\u0161nej\u0161a in najpomembnej\u0161a glasbena dela peterice iz Jacksonvilla. Break Stuff do potankosti poustvarjajo njihov slog, zvoke in odnos. https:\/\/www.youtube.com\/watch?v=C0w1eZ0Uf2E &nbsp;<\/p>","protected":false},"author":11,"featured_media":82761,"template":"","meta":{"_seopress_robots_primary_cat":"none","_seopress_titles_title":"","_seopress_titles_desc":"","_seopress_robots_index":""},"product_brand":[],"product_cat":[230],"product_tag":[222],"class_list":{"0":"post-82760","1":"product","2":"type-product","3":"status-publish","4":"has-post-thumbnail","6":"product_cat-arhiv","7":"product_tag-predprodaja","9":"entry","10":"has-media","12":"first","13":"instock","14":"virtual","15":"taxable","16":"product-type-simple","17":"has-product-nav","18":"col","19":"span_1_of_4","20":"owp-content-center","21":"item-entry","22":"owp-thumbs-layout-horizontal","23":"owp-btn-normal","24":"owp-tabs-layout-section","25":"has-no-thumbnails"},"publishpress_future_action":{"enabled":false,"date":"2026-05-10 15:00:18","action":"change-status","newStatus":"draft","terms":[],"taxonomy":"product_cat","extraData":[]},"publishpress_future_workflow_manual_trigger":{"enabledWorkflows":[]},"_links":{"self":[{"href":"https:\/\/www.orto-bar.com\/en\/wp-json\/wp\/v2\/product\/82760","targetHints":{"allow":["GET"]}}],"collection":[{"href":"https:\/\/www.orto-bar.com\/en\/wp-json\/wp\/v2\/product"}],"about":[{"href":"https:\/\/www.orto-bar.com\/en\/wp-json\/wp\/v2\/types\/product"}],"author":[{"embeddable":true,"href":"https:\/\/www.orto-bar.com\/en\/wp-json\/wp\/v2\/users\/11"}],"version-history":[{"count":0,"href":"https:\/\/www.orto-bar.com\/en\/wp-json\/wp\/v2\/product\/82760\/revisions"}],"wp:featuredmedia":[{"embeddable":true,"href":"https:\/\/www.orto-bar.com\/en\/wp-json\/wp\/v2\/media\/82761"}],"wp:attachment":[{"href":"https:\/\/www.orto-bar.com\/en\/wp-json\/wp\/v2\/media?parent=82760"}],"wp:term":[{"taxonomy":"product_brand","embeddable":true,"href":"https:\/\/www.orto-bar.com\/en\/wp-json\/wp\/v2\/product_brand?post=82760"},{"taxonomy":"product_cat","embeddable":true,"href":"https:\/\/www.orto-bar.com\/en\/wp-json\/wp\/v2\/product_cat?post=82760"},{"taxonomy":"product_tag","embeddable":true,"href":"https:\/\/www.orto-bar.com\/en\/wp-json\/wp\/v2\/product_tag?post=82760"}],"curies":[{"name":"wp","href":"https:\/\/api.w.org\/{rel}","templated":true}]}}