{"id":83086,"date":"2024-11-13T19:25:44","date_gmt":"2024-11-13T18:25:44","guid":{"rendered":"https:\/\/www.orto-bar.com\/?post_type=product&#038;p=83086"},"modified":"2025-01-11T20:45:10","modified_gmt":"2025-01-11T19:45:10","slug":"fade-to-rage-rage-against-the-machine-tribute-band-2","status":"publish","type":"product","link":"https:\/\/www.orto-bar.com\/en\/dogodki\/arhiv\/fade-to-rage-rage-against-the-machine-tribute-band-2\/","title":{"rendered":"FADE TO RAGE &#8211; Rage Against The Machine Tribute band"},"content":{"rendered":"<p><strong>FADE TO RAGE &#8211; Rage Against The Machine Tribute band<\/strong><\/p>\n<p>&nbsp;<\/p>\n<p><strong>Kon\u010dno spet v Ljubljani!<\/strong><\/p>\n<p><strong>Po lanskoletnem njihovem odli\u010dnem koncertu v Orto baru, imamo sre\u010do ponovno gostiti italjanski RATM tribute band &#8211; Fade To Rage -zagotovo enega najbolj\u0161ih RATM tribute bandov na svetu &#8211; tako po zvo\u010dni kot vizualni strani.<\/strong><\/p>\n<p><strong>Njihov za\u010detek leto\u0161nje koncertne turneje po evropi se bo za\u010del kje drugje kot v na\u0161em glavnem mestu, Ljubljani!<\/strong><\/p>\n<p>&nbsp;<\/p>\n<p><strong>Ob njihovem dveurnem nastopu in preigravanju skladb z vseh \u0161tirih albumov RATM je preprosto nemogo\u010de ostati ravnodu\u0161en!<\/strong><\/p>\n<p>&nbsp;<\/p>\n<p><strong><a href=\"https:\/\/youtu.be\/tq2dszayum4?si=2thflnjjPDNTqXaS\">https:\/\/youtu.be\/tq2dszayum4?si=2thflnjjPDNTqXaS<\/a><\/strong><\/p>\n<p>&nbsp;<\/p>\n<p><strong>Fade To Rage are the italian Rage Against the Machine tribute. Established in 2012 in a<br \/>\nsmall town near Padua, the band traveled across different countries for more than 10<br \/>\nyears, playing the most intense and faithful possible rendition to the iconic LA band<br \/>\nbetween Switzerland, Croatia, Slovenia, Germany, Austria and of course Italy. With a<br \/>\nsetlist cutting through the milestones of the band and the less known ones, we&#8217;re ready<br \/>\nto bring you the greatest tribute to RATM ever.<\/strong><\/p>\n<p>&nbsp;<\/p>","protected":false},"excerpt":{"rendered":"<p>FADE TO RAGE &#8211; Rage Against The Machine Tribute band &nbsp; Kon\u010dno spet v Ljubljani! Po lanskoletnem njihovem odli\u010dnem koncertu v Orto baru, imamo sre\u010do ponovno gostiti italjanski RATM tribute band &#8211; Fade To Rage -zagotovo enega najbolj\u0161ih RATM tribute bandov na svetu &#8211; tako po zvo\u010dni kot vizualni strani. Njihov za\u010detek leto\u0161nje koncertne turneje [&hellip;]<\/p>","protected":false},"author":11,"featured_media":83087,"template":"","meta":{"_seopress_robots_primary_cat":"none","_seopress_titles_title":"","_seopress_titles_desc":"","_seopress_robots_index":""},"product_brand":[],"product_cat":[230],"product_tag":[222],"class_list":{"0":"post-83086","1":"product","2":"type-product","3":"status-publish","4":"has-post-thumbnail","6":"product_cat-arhiv","7":"product_tag-predprodaja","9":"entry","10":"has-media","12":"first","13":"instock","14":"virtual","15":"taxable","16":"product-type-simple","17":"has-product-nav","18":"col","19":"span_1_of_4","20":"owp-content-center","21":"item-entry","22":"owp-thumbs-layout-horizontal","23":"owp-btn-normal","24":"owp-tabs-layout-section","25":"has-no-thumbnails"},"publishpress_future_action":{"enabled":false,"date":"2026-05-10 11:51:38","action":"change-status","newStatus":"draft","terms":[],"taxonomy":"product_cat","extraData":[]},"publishpress_future_workflow_manual_trigger":{"enabledWorkflows":[]},"_links":{"self":[{"href":"https:\/\/www.orto-bar.com\/en\/wp-json\/wp\/v2\/product\/83086","targetHints":{"allow":["GET"]}}],"collection":[{"href":"https:\/\/www.orto-bar.com\/en\/wp-json\/wp\/v2\/product"}],"about":[{"href":"https:\/\/www.orto-bar.com\/en\/wp-json\/wp\/v2\/types\/product"}],"author":[{"embeddable":true,"href":"https:\/\/www.orto-bar.com\/en\/wp-json\/wp\/v2\/users\/11"}],"version-history":[{"count":0,"href":"https:\/\/www.orto-bar.com\/en\/wp-json\/wp\/v2\/product\/83086\/revisions"}],"wp:featuredmedia":[{"embeddable":true,"href":"https:\/\/www.orto-bar.com\/en\/wp-json\/wp\/v2\/media\/83087"}],"wp:attachment":[{"href":"https:\/\/www.orto-bar.com\/en\/wp-json\/wp\/v2\/media?parent=83086"}],"wp:term":[{"taxonomy":"product_brand","embeddable":true,"href":"https:\/\/www.orto-bar.com\/en\/wp-json\/wp\/v2\/product_brand?post=83086"},{"taxonomy":"product_cat","embeddable":true,"href":"https:\/\/www.orto-bar.com\/en\/wp-json\/wp\/v2\/product_cat?post=83086"},{"taxonomy":"product_tag","embeddable":true,"href":"https:\/\/www.orto-bar.com\/en\/wp-json\/wp\/v2\/product_tag?post=83086"}],"curies":[{"name":"wp","href":"https:\/\/api.w.org\/{rel}","templated":true}]}}