{"id":83730,"date":"2024-11-20T13:13:38","date_gmt":"2024-11-20T12:13:38","guid":{"rendered":"https:\/\/www.orto-bar.com\/?post_type=product&#038;p=83730"},"modified":"2024-12-26T19:42:18","modified_gmt":"2024-12-26T18:42:18","slug":"dire-straits-project-dire-straits-tribute-band","status":"publish","type":"product","link":"https:\/\/www.orto-bar.com\/en\/dogodki\/arhiv\/dire-straits-project-dire-straits-tribute-band\/","title":{"rendered":"DIRE STRAITS PROJECT- Dire Straits Tribute Band"},"content":{"rendered":"<p>&nbsp;<\/p>\n<p><strong>Dire Straits Project je glasbeni kolektiv, ki z neverjetno strastjo in predanostjo obuja glasbeno zapu\u0161\u010dino legendarnih Dire Straits. S svojim zvestim poustvarjanjem ikoni\u010dnih melodij, dinami\u010dnih ritmov in \u010dustvenih besedil, ki jih je ustvaril Mark Knopfler, vna\u0161ajo novo \u017eivljenje v brez\u010dasen rock&#8217;n&#8217;roll.<\/strong><\/p>\n<p><strong>Vstopnice: 12\u20ac v predprodaji \/ 15\u20ac na dan dogodka<\/strong><\/p>\n<p><strong>Ne zamudite prilo\u017enosti za glasbeno do\u017eivetje, ki bo navdu\u0161ilo!<\/strong><\/p>","protected":false},"excerpt":{"rendered":"<p>&nbsp; Dire Straits Project je glasbeni kolektiv, ki z neverjetno strastjo in predanostjo obuja glasbeno zapu\u0161\u010dino legendarnih Dire Straits. S svojim zvestim poustvarjanjem ikoni\u010dnih melodij, dinami\u010dnih ritmov in \u010dustvenih besedil, ki jih je ustvaril Mark Knopfler, vna\u0161ajo novo \u017eivljenje v brez\u010dasen rock&#8217;n&#8217;roll. Vstopnice: 12\u20ac v predprodaji \/ 15\u20ac na dan dogodka Ne zamudite prilo\u017enosti za [&hellip;]<\/p>","protected":false},"author":11,"featured_media":83731,"template":"","meta":{"_seopress_robots_primary_cat":"none","_seopress_titles_title":"","_seopress_titles_desc":"","_seopress_robots_index":""},"product_brand":[],"product_cat":[230],"product_tag":[222],"class_list":{"0":"post-83730","1":"product","2":"type-product","3":"status-publish","4":"has-post-thumbnail","6":"product_cat-arhiv","7":"product_tag-predprodaja","9":"entry","10":"has-media","12":"first","13":"instock","14":"virtual","15":"taxable","16":"product-type-simple","17":"has-product-nav","18":"col","19":"span_1_of_4","20":"owp-content-center","21":"item-entry","22":"owp-thumbs-layout-horizontal","23":"owp-btn-normal","24":"owp-tabs-layout-section","25":"has-no-thumbnails"},"publishpress_future_action":{"enabled":false,"date":"2026-04-27 21:07:36","action":"change-status","newStatus":"draft","terms":[],"taxonomy":"product_cat","extraData":[]},"publishpress_future_workflow_manual_trigger":{"enabledWorkflows":[]},"_links":{"self":[{"href":"https:\/\/www.orto-bar.com\/en\/wp-json\/wp\/v2\/product\/83730","targetHints":{"allow":["GET"]}}],"collection":[{"href":"https:\/\/www.orto-bar.com\/en\/wp-json\/wp\/v2\/product"}],"about":[{"href":"https:\/\/www.orto-bar.com\/en\/wp-json\/wp\/v2\/types\/product"}],"author":[{"embeddable":true,"href":"https:\/\/www.orto-bar.com\/en\/wp-json\/wp\/v2\/users\/11"}],"version-history":[{"count":0,"href":"https:\/\/www.orto-bar.com\/en\/wp-json\/wp\/v2\/product\/83730\/revisions"}],"wp:featuredmedia":[{"embeddable":true,"href":"https:\/\/www.orto-bar.com\/en\/wp-json\/wp\/v2\/media\/83731"}],"wp:attachment":[{"href":"https:\/\/www.orto-bar.com\/en\/wp-json\/wp\/v2\/media?parent=83730"}],"wp:term":[{"taxonomy":"product_brand","embeddable":true,"href":"https:\/\/www.orto-bar.com\/en\/wp-json\/wp\/v2\/product_brand?post=83730"},{"taxonomy":"product_cat","embeddable":true,"href":"https:\/\/www.orto-bar.com\/en\/wp-json\/wp\/v2\/product_cat?post=83730"},{"taxonomy":"product_tag","embeddable":true,"href":"https:\/\/www.orto-bar.com\/en\/wp-json\/wp\/v2\/product_tag?post=83730"}],"curies":[{"name":"wp","href":"https:\/\/api.w.org\/{rel}","templated":true}]}}