{"id":84115,"date":"2024-11-25T18:05:11","date_gmt":"2024-11-25T17:05:11","guid":{"rendered":"https:\/\/www.orto-bar.com\/?post_type=product&#038;p=84115"},"modified":"2025-02-20T19:01:35","modified_gmt":"2025-02-20T18:01:35","slug":"los-loa-izdaja-pervenca-shady-motel-3rd-planet","status":"publish","type":"product","link":"https:\/\/www.orto-bar.com\/en\/dogodki\/arhiv\/los-loa-izdaja-pervenca-shady-motel-3rd-planet\/","title":{"rendered":"Los Loa-izdaja pervenca SHADY MOTEL,  3rd Planet"},"content":{"rendered":"<p>Pri\u0161el je \u010das za dolgo pri\u010dakovani koncert skupine Los Loa ob izdaji njihovega prvega albuma SHADY MOTEL!<\/p>\n<p>V \u010detrtek 20.2.2025 bomo zaplesali ob voodoo ritmih ter bili popeljani v vesolje.<\/p>\n<p>Predlagamo vam da ne izpustite ta neverjetni in unikatni dogodek (lahko da bodo bili izgovorjeni kak\u0161ni voodoo uroki za vse, ki ne bodo pri\u0161li). Ne-udele\u017eba na lastno odgovornost!<\/p>\n<p>&nbsp;<\/p>\n<p><strong>LOS LOA<\/strong><\/p>\n<p>&nbsp;<\/p>\n<p>Los Loa je mariborska &#8220;metal&#8221; skupina, katere nastanki segajo v daljno leto 2019. Kot stil igranja jim niso zadostovali klasi\u010dni \u017eanri, zato so se odlo\u010dili narediti nekaj unikatnega.<\/p>\n<p>Svojo stilisti\u010dno podlago metala in hard rocka so popestrili z latinskoameri\u0161kimi ritmi in gipsy jazzom. Glavna tematika njihovih pesmi je vezana na haitijski voodoo in hoodoo.<\/p>\n<p>Temu primerno so se tudi za\u010deli obla\u010diti in za dodatno skrivnost ter srhljivost nadeli maske. Njihovi nastopi so polni emocij, energije, valovanja med ritmi, \u017eanri, hitrostjo in glasnostjo. V njihovem avtorskem repertoarju<\/p>\n<p>lahko vsak poslu\u0161alec najde vsaj eno pesem, katera se mu bo vtisnila v spomin in du\u0161o, od jazzistov do punkerjev, od plesalcev disca do headbangerjev metala.<\/p>\n<p>&nbsp;<\/p>\n<p>Baron Samedi \u2013 vokal<\/p>\n<p>Agau \u2013 bobni<\/p>\n<p>Ogun \u2013 kitara<\/p>\n<p>Papa Legba \u2013 kitara<\/p>\n<p>Damballa \u2013 bas<\/p>\n<p>&nbsp;<\/p>\n<p>&nbsp;<\/p>\n<p>Povezave:<\/p>\n<p>Instagram &#8211; <a href=\"https:\/\/www.instagram.com\/los.loa\/\">https:\/\/www.instagram.com\/los.loa\/<\/a><\/p>\n<p>Facebook &#8211; <a href=\"https:\/\/www.facebook.com\/losloaofficial\">https:\/\/www.facebook.com\/losloaofficial<\/a><\/p>\n<p>YouTube &#8211; <a href=\"https:\/\/www.youtube.com\/@losloa6883\">https:\/\/www.youtube.com\/@losloa6883<\/a><\/p>\n<p>Mail &#8211; losloaofficial@gmail.com<\/p>\n<p>&nbsp;<\/p>\n<p>&#8212;<\/p>\n<p>&nbsp;<\/p>\n<p><strong>3RD PLANET<\/strong><\/p>\n<p>&nbsp;<\/p>\n<p>S fuzijo bluesa, indie rocka in stonerskega zvoka kitar ob pravi meri razli\u010dnih glasbenih \u017eanrov tvorimo novo zmes goriva, ki poganja plovilo po \u0161irni prostranosti vesolja in njegovi galaksiji.<\/p>\n<p>Na\u0161a glasbena pot se odvija na tretjem planetu od sonca, kjer se prepletajo misti\u010dnost vesolja in \u010dlove\u0161ka strast. Z izjemnim zvokom v \u017eivo ter nepozabnimi nastopi postajamo glasbena izku\u0161nja,<\/p>\n<p>ki vas odnese iz vsakodnevnosti in popelje na potovanje, kjer se lahko izgubite v ritmu in melodiji vesolja. Z zna\u010dilnimi zvoki fuzz-ov, ki so postali na\u0161 za\u0161\u010ditni znak, ter strastjo do ustvarjanja glasbe,<\/p>\n<p>3rd Planet pripovedujemo zgodbo o neskon\u010dnih mo\u017enostih, ki jih ponuja vesolje. S fuzijo bluesa, indie rocka in stonerskega zvoka kitar ob pravi meri razli\u010dnih glasbenih \u017eanrov tvorimo novo zmes goriva,ki poganja plovilo po \u0161irni prostranosti vesolja in njegovi galaksiji.<\/p>\n<p>Pridru\u017eite se nam na na\u0161i glasbeni odisejadi in dovolite, da vas popeljemo na nepozabno potovanje skozi galaksije!<\/p>\n<p>&nbsp;<\/p>\n<p>Povezave:<\/p>\n<p>Spletna stran &#8211; <a href=\"https:\/\/3rdplanet.si\/\">https:\/\/3rdplanet.si\/<\/a><\/p>\n<p>Facebook &#8211; <a href=\"https:\/\/www.facebook.com\/3rdplanet.band\">https:\/\/www.facebook.com\/3rdplanet.band<\/a><\/p>\n<p>Youtube &#8211; <a href=\"https:\/\/www.youtube.com\/@3rdplanet377\">https:\/\/www.youtube.com\/@3rdplanet377<\/a><\/p>\n<p>Instagram &#8211; <a href=\"https:\/\/www.instagram.com\/3rdplanet.band\">https:\/\/www.instagram.com\/3rdplanet.band<\/a><\/p>\n<p>&nbsp;<\/p>\n<p>&nbsp;<\/p>","protected":false},"excerpt":{"rendered":"<p>Pri\u0161el je \u010das za dolgo pri\u010dakovani koncert skupine Los Loa ob izdaji njihovega prvega albuma SHADY MOTEL! V \u010detrtek 20.2.2025 bomo zaplesali ob voodoo ritmih ter bili popeljani v vesolje. Predlagamo vam da ne izpustite ta neverjetni in unikatni dogodek (lahko da bodo bili izgovorjeni kak\u0161ni voodoo uroki za vse, ki ne bodo pri\u0161li). Ne-udele\u017eba [&hellip;]<\/p>","protected":false},"author":11,"featured_media":84116,"template":"","meta":{"_seopress_robots_primary_cat":"none","_seopress_titles_title":"","_seopress_titles_desc":"","_seopress_robots_index":""},"product_brand":[],"product_cat":[230],"product_tag":[222],"class_list":{"0":"post-84115","1":"product","2":"type-product","3":"status-publish","4":"has-post-thumbnail","6":"product_cat-arhiv","7":"product_tag-predprodaja","9":"entry","10":"has-media","12":"first","13":"instock","14":"virtual","15":"taxable","16":"product-type-simple","17":"has-product-nav","18":"col","19":"span_1_of_4","20":"owp-content-center","21":"item-entry","22":"owp-thumbs-layout-horizontal","23":"owp-btn-normal","24":"owp-tabs-layout-section","25":"has-no-thumbnails"},"publishpress_future_action":{"enabled":false,"date":"2026-04-27 23:52:10","action":"change-status","newStatus":"draft","terms":[],"taxonomy":"product_cat","extraData":[]},"publishpress_future_workflow_manual_trigger":{"enabledWorkflows":[]},"_links":{"self":[{"href":"https:\/\/www.orto-bar.com\/en\/wp-json\/wp\/v2\/product\/84115","targetHints":{"allow":["GET"]}}],"collection":[{"href":"https:\/\/www.orto-bar.com\/en\/wp-json\/wp\/v2\/product"}],"about":[{"href":"https:\/\/www.orto-bar.com\/en\/wp-json\/wp\/v2\/types\/product"}],"author":[{"embeddable":true,"href":"https:\/\/www.orto-bar.com\/en\/wp-json\/wp\/v2\/users\/11"}],"version-history":[{"count":0,"href":"https:\/\/www.orto-bar.com\/en\/wp-json\/wp\/v2\/product\/84115\/revisions"}],"wp:featuredmedia":[{"embeddable":true,"href":"https:\/\/www.orto-bar.com\/en\/wp-json\/wp\/v2\/media\/84116"}],"wp:attachment":[{"href":"https:\/\/www.orto-bar.com\/en\/wp-json\/wp\/v2\/media?parent=84115"}],"wp:term":[{"taxonomy":"product_brand","embeddable":true,"href":"https:\/\/www.orto-bar.com\/en\/wp-json\/wp\/v2\/product_brand?post=84115"},{"taxonomy":"product_cat","embeddable":true,"href":"https:\/\/www.orto-bar.com\/en\/wp-json\/wp\/v2\/product_cat?post=84115"},{"taxonomy":"product_tag","embeddable":true,"href":"https:\/\/www.orto-bar.com\/en\/wp-json\/wp\/v2\/product_tag?post=84115"}],"curies":[{"name":"wp","href":"https:\/\/api.w.org\/{rel}","templated":true}]}}