{"id":84134,"date":"2024-11-25T20:31:34","date_gmt":"2024-11-25T19:31:34","guid":{"rendered":"https:\/\/www.orto-bar.com\/?post_type=product&#038;p=84134"},"modified":"2024-12-12T07:50:49","modified_gmt":"2024-12-12T06:50:49","slug":"kokosy-bozicni-spektakel-v-ortu","status":"publish","type":"product","link":"https:\/\/www.orto-bar.com\/en\/dogodki\/arhiv\/kokosy-bozicni-spektakel-v-ortu\/","title":{"rendered":"Kokosy bo\u017ei\u010dni spektakel v Ortu"},"content":{"rendered":"<p><span style=\"font-weight: 400;\">KOKOSY BO\u017dI\u010cNI SPEKTAKEL V ORTO BARU!\u00a0<\/span><\/p>\n<p>&nbsp;<\/p>\n<p><span style=\"font-weight: 400;\">Vsa novemberska depresija, ki se nabere v \u010dloveku, more it decembra ven! In bo \u0161la &#8211; 11.12.2k24, ko se bomo kot velika ljube\u010da skupnost skupinsko zdrli, odkalibrirali, nakalibrirali in od\u0161li iz rde\u010de dvorane bolj\u0161i, bolj ljube\u010di in bolj prazni\u010dni!<\/span><\/p>\n<p>&nbsp;<\/p>\n<p><span style=\"font-weight: 400;\">Pri\u010dakujete lahko: ob\u010dutek pripadnosti, objemanje&amp;lup\u010dkanje innnnnnnnnnnn:<\/span><\/p>\n<p>&nbsp;<\/p>\n<p><span style=\"font-weight: 400;\">! SECRET SANTA \/ SKRIVNOSTNI MIKLAV\u017d !\u00a0<\/span><\/p>\n<p>&nbsp;<\/p>\n<ul>\n<li style=\"font-weight: 400;\" aria-level=\"1\"><span style=\"font-weight: 400;\">Naredi\u0161 malo darilce s pismom (ki ga bo\u0161 imela med \u0161pilom v \u017eepu ali rokah)<\/span><\/li>\n<li style=\"font-weight: 400;\" aria-level=\"1\"><span style=\"font-weight: 400;\">Prinese\u0161 ga v Orto bar<\/span><\/li>\n<li style=\"font-weight: 400;\" aria-level=\"1\"><span style=\"font-weight: 400;\">Na na\u0161 ukaz ga zamenja\u0161 s popolnim neznancem<\/span><\/li>\n<li style=\"font-weight: 400;\" aria-level=\"1\"><span style=\"font-weight: 400;\">Odpre\u0161 skrivnostno darilce &lt;3<\/span><\/li>\n<li style=\"font-weight: 400;\" aria-level=\"1\"><span style=\"font-weight: 400;\">Po \u017eelji objame\u0161 skrivnostnega miklav\u017ea\u00a0<\/span><\/li>\n<\/ul>\n<p>&nbsp;<\/p>\n<p><span style=\"font-weight: 400;\">Nam bi se zdela dobra fora, da nas \u010dimve\u010d naredi darilca, pa da mamo lah en tak kjut ritual enkrat med \u0161pilom, ampak precenite kok vam je kulsko al pa cringe!<\/span><\/p>\n<p>&nbsp;<\/p>\n<p><span style=\"font-weight: 400;\">Se vidimo v Ortobaru Kokofamilija &#8211; 6. v zgodovini! Hudo bo za popizdit!<\/span><\/p>\n<p>&nbsp;<\/p>\n<p><span style=\"font-weight: 400;\">IG: <\/span><a href=\"https:\/\/www.instagram.com\/kokosy_\/?hl=en\"><span style=\"font-weight: 400;\">https:\/\/www.instagram.com\/kokosy_\/?hl=en<\/span><\/a><\/p>\n<p><span style=\"font-weight: 400;\">YT: <\/span><a href=\"https:\/\/www.youtube.com\/watch?v=Pdl9wdxjzFw&amp;ab_channel=KOKOSY\"><span style=\"font-weight: 400;\">https:\/\/www.youtube.com\/watch?v=Pdl9wdxjzFw&amp;ab_channel=KOKOSY<\/span><\/a><\/p>\n<p><span style=\"font-weight: 400;\">FB: <\/span><a href=\"https:\/\/www.facebook.com\/KOKOSYbend\"><span style=\"font-weight: 400;\">https:\/\/www.facebook.com\/KOKOSYbend<\/span><\/a><\/p>","protected":false},"excerpt":{"rendered":"<p>KOKOSY BO\u017dI\u010cNI SPEKTAKEL V ORTO BARU!\u00a0 &nbsp; Vsa novemberska depresija, ki se nabere v \u010dloveku, more it decembra ven! In bo \u0161la &#8211; 11.12.2k24, ko se bomo kot velika ljube\u010da skupnost skupinsko zdrli, odkalibrirali, nakalibrirali in od\u0161li iz rde\u010de dvorane bolj\u0161i, bolj ljube\u010di in bolj prazni\u010dni! &nbsp; Pri\u010dakujete lahko: ob\u010dutek pripadnosti, objemanje&amp;lup\u010dkanje innnnnnnnnnnn: &nbsp; ! [&hellip;]<\/p>","protected":false},"author":11,"featured_media":84135,"template":"","meta":{"_seopress_robots_primary_cat":"none","_seopress_titles_title":"","_seopress_titles_desc":"","_seopress_robots_index":""},"product_brand":[],"product_cat":[230],"product_tag":[222],"class_list":{"0":"post-84134","1":"product","2":"type-product","3":"status-publish","4":"has-post-thumbnail","6":"product_cat-arhiv","7":"product_tag-predprodaja","9":"entry","10":"has-media","12":"first","13":"outofstock","14":"virtual","15":"taxable","16":"product-type-simple","17":"has-product-nav","18":"col","19":"span_1_of_4","20":"owp-content-center","21":"item-entry","22":"owp-thumbs-layout-horizontal","23":"owp-btn-normal","24":"owp-tabs-layout-section","25":"has-no-thumbnails"},"publishpress_future_action":{"enabled":false,"date":"2026-05-10 09:11:22","action":"change-status","newStatus":"draft","terms":[],"taxonomy":"product_cat","extraData":[]},"publishpress_future_workflow_manual_trigger":{"enabledWorkflows":[]},"_links":{"self":[{"href":"https:\/\/www.orto-bar.com\/en\/wp-json\/wp\/v2\/product\/84134","targetHints":{"allow":["GET"]}}],"collection":[{"href":"https:\/\/www.orto-bar.com\/en\/wp-json\/wp\/v2\/product"}],"about":[{"href":"https:\/\/www.orto-bar.com\/en\/wp-json\/wp\/v2\/types\/product"}],"author":[{"embeddable":true,"href":"https:\/\/www.orto-bar.com\/en\/wp-json\/wp\/v2\/users\/11"}],"version-history":[{"count":0,"href":"https:\/\/www.orto-bar.com\/en\/wp-json\/wp\/v2\/product\/84134\/revisions"}],"wp:featuredmedia":[{"embeddable":true,"href":"https:\/\/www.orto-bar.com\/en\/wp-json\/wp\/v2\/media\/84135"}],"wp:attachment":[{"href":"https:\/\/www.orto-bar.com\/en\/wp-json\/wp\/v2\/media?parent=84134"}],"wp:term":[{"taxonomy":"product_brand","embeddable":true,"href":"https:\/\/www.orto-bar.com\/en\/wp-json\/wp\/v2\/product_brand?post=84134"},{"taxonomy":"product_cat","embeddable":true,"href":"https:\/\/www.orto-bar.com\/en\/wp-json\/wp\/v2\/product_cat?post=84134"},{"taxonomy":"product_tag","embeddable":true,"href":"https:\/\/www.orto-bar.com\/en\/wp-json\/wp\/v2\/product_tag?post=84134"}],"curies":[{"name":"wp","href":"https:\/\/api.w.org\/{rel}","templated":true}]}}