{"id":84875,"date":"2024-11-27T18:54:23","date_gmt":"2024-11-27T17:54:23","guid":{"rendered":"https:\/\/www.orto-bar.com\/?post_type=product&#038;p=84875"},"modified":"2025-02-08T16:35:48","modified_gmt":"2025-02-08T15:35:48","slug":"ringispil-tribute-to-panonski-mornar","status":"publish","type":"product","link":"https:\/\/www.orto-bar.com\/en\/dogodki\/arhiv\/ringispil-tribute-to-panonski-mornar\/","title":{"rendered":"RINGI\u0160PIL-Tribute to Panonski Mornar"},"content":{"rendered":"<p><strong>RINGI\u0160PIL-Tribute to Panonski Mornar<\/strong><\/p>\n<p><strong>Ekipa, zbrana v Ringi\u0161pilu, je v razli\u010dnih zasedbah in zasedbah prestala vse, kar morajo prestati glasbeniki v svoji karieri &#8211; od izdaje lastnega avtorskega nosilca zvoka kot skupina Flashback, zmage na 1. Splitskem rock festivalu, podpore znanim skupin na regionalnih turnejah (Leb i sol, Bajaga..), do ne\u0161tetih nastopov po klubih od Kopra do Beograda. Poleg dobrega avtorskega dela jih hvalijo po uspe\u0161nih priredbah glasbe iz osemdesetih let ter po odli\u010dni energiji na odru &#8211; so glasbeniki, ki v vsakem nastopu dajo vse\u00a0 odsebe. Pred nekaj leti se je tej ekipi pridru\u017eilo nekaj mladih glasbenikov, ki so zaradi osebne ljubezni do skladb najbolj znanega kantavtorja na tem obmo\u010dju ter odziva in prepri\u010devanja ob\u010dinstva poskrbeli, da so svoj nastop spremenili v -no\u010dni program pre\u017eet z goro \u010dustev &#8211; celono\u010dni program posve\u010den pesmim \u0110or\u0111a Bala\u0161evi\u0107a. Vrtiljak vas bo zavrtel s svojim mojstrskim muziciranjem, Davorjev sugestivni vokal pa vas bo popeljal na bregove Tise, vam predstavil Aco Braca, Vaso Lada\u010dkega in Bo\u017ea aka Pub, izvedeli pa boste tudi, s kom se je\u00a0 Buba Erdeljan poro\u010dila. Prisluhnite Ringi\u0161pilu, da skupaj do\u017eivimo vse, kar je mojstrsko \u0110oletovo pero preto\u010dilo v nepozabne pesmi !<\/strong><\/p>","protected":false},"excerpt":{"rendered":"<p>RINGI\u0160PIL-Tribute to Panonski Mornar Ekipa, zbrana v Ringi\u0161pilu, je v razli\u010dnih zasedbah in zasedbah prestala vse, kar morajo prestati glasbeniki v svoji karieri &#8211; od izdaje lastnega avtorskega nosilca zvoka kot skupina Flashback, zmage na 1. Splitskem rock festivalu, podpore znanim skupin na regionalnih turnejah (Leb i sol, Bajaga..), do ne\u0161tetih nastopov po klubih od [&hellip;]<\/p>","protected":false},"author":11,"featured_media":84881,"template":"","meta":{"_seopress_robots_primary_cat":"none","_seopress_titles_title":"","_seopress_titles_desc":"","_seopress_robots_index":""},"product_brand":[],"product_cat":[230],"product_tag":[222],"class_list":{"0":"post-84875","1":"product","2":"type-product","3":"status-publish","4":"has-post-thumbnail","6":"product_cat-arhiv","7":"product_tag-predprodaja","9":"entry","10":"has-media","12":"first","13":"instock","14":"virtual","15":"taxable","16":"product-type-simple","17":"has-product-nav","18":"col","19":"span_1_of_4","20":"owp-content-center","21":"item-entry","22":"owp-thumbs-layout-horizontal","23":"owp-btn-normal","24":"owp-tabs-layout-section","25":"has-no-thumbnails"},"publishpress_future_action":{"enabled":false,"date":"2026-05-02 14:14:26","action":"change-status","newStatus":"draft","terms":[],"taxonomy":"product_cat","extraData":[]},"publishpress_future_workflow_manual_trigger":{"enabledWorkflows":[]},"_links":{"self":[{"href":"https:\/\/www.orto-bar.com\/en\/wp-json\/wp\/v2\/product\/84875","targetHints":{"allow":["GET"]}}],"collection":[{"href":"https:\/\/www.orto-bar.com\/en\/wp-json\/wp\/v2\/product"}],"about":[{"href":"https:\/\/www.orto-bar.com\/en\/wp-json\/wp\/v2\/types\/product"}],"author":[{"embeddable":true,"href":"https:\/\/www.orto-bar.com\/en\/wp-json\/wp\/v2\/users\/11"}],"version-history":[{"count":0,"href":"https:\/\/www.orto-bar.com\/en\/wp-json\/wp\/v2\/product\/84875\/revisions"}],"wp:featuredmedia":[{"embeddable":true,"href":"https:\/\/www.orto-bar.com\/en\/wp-json\/wp\/v2\/media\/84881"}],"wp:attachment":[{"href":"https:\/\/www.orto-bar.com\/en\/wp-json\/wp\/v2\/media?parent=84875"}],"wp:term":[{"taxonomy":"product_brand","embeddable":true,"href":"https:\/\/www.orto-bar.com\/en\/wp-json\/wp\/v2\/product_brand?post=84875"},{"taxonomy":"product_cat","embeddable":true,"href":"https:\/\/www.orto-bar.com\/en\/wp-json\/wp\/v2\/product_cat?post=84875"},{"taxonomy":"product_tag","embeddable":true,"href":"https:\/\/www.orto-bar.com\/en\/wp-json\/wp\/v2\/product_tag?post=84875"}],"curies":[{"name":"wp","href":"https:\/\/api.w.org\/{rel}","templated":true}]}}