{"id":85142,"date":"2024-11-28T22:12:09","date_gmt":"2024-11-28T21:12:09","guid":{"rendered":"https:\/\/www.orto-bar.com\/?post_type=product&#038;p=85142"},"modified":"2025-01-16T00:04:16","modified_gmt":"2025-01-15T23:04:16","slug":"kavc","status":"publish","type":"product","link":"https:\/\/www.orto-bar.com\/en\/dogodki\/arhiv\/kavc\/","title":{"rendered":"Kav\u010d"},"content":{"rendered":"<p>&nbsp;<\/p>\n<div class=\"x11i5rnm xat24cr x1mh8g0r x1vvkbs xtlvy1s\">\n<p>Kav\u010d je obalna skupina s slovensko avtorsko pop\/rock glasbo. \u010clani banda so Tine Farka\u0161 na bas kitari, Matej Mittendorfer na kitari in \u017dan Lenar\u010di\u010d na bobnih. Prvi\u010d so se zbrali konec leta 2022 in po pribli\u017eno pol leta imeli \u017ee dovolj avtorskega materiala za koncert. Kmalu za tem so se odpravili v studio in izdali prvi singel z naslovom Usedi se z mano. Sledila sta \u0161e dva singla, Tvoj Papagaj in Komaj \u010dakam da zaspi\u0161, zdaj pa je na voljo tudi album na katerem je 9 pesmi. Premierno so ga v \u017eivo predstavili v koprskem Figa rock baru, v bli\u017enji prihodnosti pa nameravajo to narediti \u0161e drugod po Sloveniji. Pripravljenega imajo \u0161e kar nekaj novega materiala, ki ga nameravajo v kratkem posnet in v podobnem ritmu nadaljevat.<\/p>\n<\/div>","protected":false},"excerpt":{"rendered":"<p>&nbsp; Kav\u010d je obalna skupina s slovensko avtorsko pop\/rock glasbo. \u010clani banda so Tine Farka\u0161 na bas kitari, Matej Mittendorfer na kitari in \u017dan Lenar\u010di\u010d na bobnih. Prvi\u010d so se zbrali konec leta 2022 in po pribli\u017eno pol leta imeli \u017ee dovolj avtorskega materiala za koncert. Kmalu za tem so se odpravili v studio in [&hellip;]<\/p>","protected":false},"author":11,"featured_media":85143,"template":"","meta":{"_seopress_robots_primary_cat":"none","_seopress_titles_title":"","_seopress_titles_desc":"","_seopress_robots_index":""},"product_brand":[],"product_cat":[230],"product_tag":[222],"class_list":{"0":"post-85142","1":"product","2":"type-product","3":"status-publish","4":"has-post-thumbnail","6":"product_cat-arhiv","7":"product_tag-predprodaja","9":"entry","10":"has-media","12":"first","13":"instock","14":"virtual","15":"taxable","16":"product-type-simple","17":"has-product-nav","18":"col","19":"span_1_of_4","20":"owp-content-center","21":"item-entry","22":"owp-thumbs-layout-horizontal","23":"owp-btn-normal","24":"owp-tabs-layout-section","25":"has-no-thumbnails"},"publishpress_future_action":{"enabled":false,"date":"2026-05-02 13:58:27","action":"change-status","newStatus":"draft","terms":[],"taxonomy":"product_cat","extraData":[]},"publishpress_future_workflow_manual_trigger":{"enabledWorkflows":[]},"_links":{"self":[{"href":"https:\/\/www.orto-bar.com\/en\/wp-json\/wp\/v2\/product\/85142","targetHints":{"allow":["GET"]}}],"collection":[{"href":"https:\/\/www.orto-bar.com\/en\/wp-json\/wp\/v2\/product"}],"about":[{"href":"https:\/\/www.orto-bar.com\/en\/wp-json\/wp\/v2\/types\/product"}],"author":[{"embeddable":true,"href":"https:\/\/www.orto-bar.com\/en\/wp-json\/wp\/v2\/users\/11"}],"version-history":[{"count":0,"href":"https:\/\/www.orto-bar.com\/en\/wp-json\/wp\/v2\/product\/85142\/revisions"}],"wp:featuredmedia":[{"embeddable":true,"href":"https:\/\/www.orto-bar.com\/en\/wp-json\/wp\/v2\/media\/85143"}],"wp:attachment":[{"href":"https:\/\/www.orto-bar.com\/en\/wp-json\/wp\/v2\/media?parent=85142"}],"wp:term":[{"taxonomy":"product_brand","embeddable":true,"href":"https:\/\/www.orto-bar.com\/en\/wp-json\/wp\/v2\/product_brand?post=85142"},{"taxonomy":"product_cat","embeddable":true,"href":"https:\/\/www.orto-bar.com\/en\/wp-json\/wp\/v2\/product_cat?post=85142"},{"taxonomy":"product_tag","embeddable":true,"href":"https:\/\/www.orto-bar.com\/en\/wp-json\/wp\/v2\/product_tag?post=85142"}],"curies":[{"name":"wp","href":"https:\/\/api.w.org\/{rel}","templated":true}]}}