{"id":85873,"date":"2024-12-03T13:47:22","date_gmt":"2024-12-03T12:47:22","guid":{"rendered":"https:\/\/www.orto-bar.com\/?post_type=product&#038;p=85873"},"modified":"2025-03-21T19:42:49","modified_gmt":"2025-03-21T18:42:49","slug":"panda-2","status":"publish","type":"product","link":"https:\/\/www.orto-bar.com\/en\/dogodki\/arhiv\/panda-2\/","title":{"rendered":"Panda"},"content":{"rendered":"<p>&nbsp;<\/p>\n<div class=\"x11i5rnm xat24cr x1mh8g0r x1vvkbs xtlvy1s\">\n<p>Panda so:<\/p>\n<p>Damjan Mulej &#8211; bobni<\/p>\n<p>Vanja Vogrin\u010di\u010d &#8211; tolkala<\/p>\n<p>Samo Pirc &#8211; kitara<\/p>\n<p>Vlado Pirc &#8211; bas kitara in spremljevalni vokal<\/p>\n<p>Andrej Pompe &#8211; klaviature in vokal<\/p>\n<p>Nina Bauman &#8211; vokal<\/p>\n<p>&nbsp;<\/p>\n<p>O Pandi:<\/p>\n<p>PANDA je legendarna slovenska glasbena skupina, prepoznavna po \u010dutnem avtorskem popu in bele\u017ei \u010dastitljivo 37-letnico delovanja. Njeni \u010dlani skozi glasbo izra\u017eajo svoja intuitivna ob\u010dutja, svoj ustvarjalni modus. Ne samo, da gre za avtenti\u010dno in izklju\u010dno avtorsko glasbo, ki se skorajda nikoli ni spogledovala s trenutnimi glasbenimi ustroji, ampak so njihova glasbena sporo\u010dila in ob\u010dutki\u00a0 vedno sve\u017ei, a nikoli dolgo\u010dasni. A vendarle ostanejo vseskozi zna\u010dilni v svojem Pandinem zvoku. Skupina verjame v lepo in dobro in je ambasador dobrih energij, so\u017eitja in ljubezni.<\/p>\n<p>V tem \u2018pandami\u010dnem\u2019 \u010dasu pa Panda, \u010deprav je za njo zna\u010dilno, da je le\u017eerna, ni po\u010divala. Skupina se je z vso vnemo lotila novih skladb in v lanskem letu izdala novi album \u00bbLegenda\u00ab<\/p>\n<p>&nbsp;<\/p>\n<p>&nbsp;<\/p>\n<\/div>","protected":false},"excerpt":{"rendered":"<p>&nbsp; Panda so: Damjan Mulej &#8211; bobni Vanja Vogrin\u010di\u010d &#8211; tolkala Samo Pirc &#8211; kitara Vlado Pirc &#8211; bas kitara in spremljevalni vokal Andrej Pompe &#8211; klaviature in vokal Nina Bauman &#8211; vokal &nbsp; O Pandi: PANDA je legendarna slovenska glasbena skupina, prepoznavna po \u010dutnem avtorskem popu in bele\u017ei \u010dastitljivo 37-letnico delovanja. Njeni \u010dlani skozi [&hellip;]<\/p>","protected":false},"author":11,"featured_media":85874,"template":"","meta":{"_seopress_robots_primary_cat":"none","_seopress_titles_title":"","_seopress_titles_desc":"","_seopress_robots_index":""},"product_brand":[],"product_cat":[230],"product_tag":[222],"class_list":{"0":"post-85873","1":"product","2":"type-product","3":"status-publish","4":"has-post-thumbnail","6":"product_cat-arhiv","7":"product_tag-predprodaja","9":"entry","10":"has-media","12":"first","13":"instock","14":"virtual","15":"taxable","16":"product-type-simple","17":"has-product-nav","18":"col","19":"span_1_of_4","20":"owp-content-center","21":"item-entry","22":"owp-thumbs-layout-horizontal","23":"owp-btn-normal","24":"owp-tabs-layout-section","25":"has-no-thumbnails"},"publishpress_future_action":{"enabled":false,"date":"2026-04-30 13:18:02","action":"change-status","newStatus":"draft","terms":[],"taxonomy":"product_cat","extraData":[]},"publishpress_future_workflow_manual_trigger":{"enabledWorkflows":[]},"_links":{"self":[{"href":"https:\/\/www.orto-bar.com\/en\/wp-json\/wp\/v2\/product\/85873","targetHints":{"allow":["GET"]}}],"collection":[{"href":"https:\/\/www.orto-bar.com\/en\/wp-json\/wp\/v2\/product"}],"about":[{"href":"https:\/\/www.orto-bar.com\/en\/wp-json\/wp\/v2\/types\/product"}],"author":[{"embeddable":true,"href":"https:\/\/www.orto-bar.com\/en\/wp-json\/wp\/v2\/users\/11"}],"version-history":[{"count":0,"href":"https:\/\/www.orto-bar.com\/en\/wp-json\/wp\/v2\/product\/85873\/revisions"}],"wp:featuredmedia":[{"embeddable":true,"href":"https:\/\/www.orto-bar.com\/en\/wp-json\/wp\/v2\/media\/85874"}],"wp:attachment":[{"href":"https:\/\/www.orto-bar.com\/en\/wp-json\/wp\/v2\/media?parent=85873"}],"wp:term":[{"taxonomy":"product_brand","embeddable":true,"href":"https:\/\/www.orto-bar.com\/en\/wp-json\/wp\/v2\/product_brand?post=85873"},{"taxonomy":"product_cat","embeddable":true,"href":"https:\/\/www.orto-bar.com\/en\/wp-json\/wp\/v2\/product_cat?post=85873"},{"taxonomy":"product_tag","embeddable":true,"href":"https:\/\/www.orto-bar.com\/en\/wp-json\/wp\/v2\/product_tag?post=85873"}],"curies":[{"name":"wp","href":"https:\/\/api.w.org\/{rel}","templated":true}]}}