{"id":86464,"date":"2024-12-09T13:02:24","date_gmt":"2024-12-09T12:02:24","guid":{"rendered":"https:\/\/www.orto-bar.com\/?post_type=product&#038;p=86464"},"modified":"2025-01-31T20:37:59","modified_gmt":"2025-01-31T19:37:59","slug":"zmelkoow-noair","status":"publish","type":"product","link":"https:\/\/www.orto-bar.com\/en\/dogodki\/arhiv\/zmelkoow-noair\/","title":{"rendered":"Zmelkoow, Noair"},"content":{"rendered":"<p>&nbsp;<\/p>\n<p><strong>Samo zase kot prase ba\u0161em tortico vase <\/strong><br \/>\n<strong>\u017de zdaj vem, da mi bo slabo, ampak je ne bom delil<\/strong><\/p>\n<p>&nbsp;<\/p>\n<p><strong>Samo zase kot prase ba\u0161em vase klobase <\/strong><br \/>\n<strong>\u017de zdaj vem, da mi bo slabo, ampak jih ne bom delil<\/strong><\/p>\n<p>&nbsp;<\/p>\n<p><strong>\u00bbSamo zase kot prase\u00ab je komad (in resen kandidat za himno) ter hkrati manifest, ki so ga Zmelkoow posvetili vsem iskreno egoisti\u010dno delujo\u010dim elitam, ki obvladujejo svet in domovino. \u010ceprav bendu zlonamerni jeziki o\u010ditajo, da gre za golo prera\u010dunljivost, s pomo\u010djo katere se sku\u0161ajo doti\u010dnim prikupiti in se dokopati do sponzorskih sredstev kak\u0161ne zavarovalnice, odvetni\u0161ke pisarne, finan\u010dno-svetovalne hi\u0161e ali celo podzemlja, \u010dlani benda zagotavljajo, da so pesem lansirali z \u017elahtnim namenom ozave\u0161\u010danja in opozarjanja na pere\u010do problematiko nara\u0161\u010dajo\u010dega egoizma in izumiranja empatije. Seveda pa, \u010de bi \u017ee kdoob poslu\u0161anju pesmi za\u010dutil mo\u010dno notranjo potrebo po sponzoriranju benda, naj se oglasi na\u0161emu managerju.<\/strong><\/p>\n<p>&nbsp;<\/p>\n<p><strong>Nazdravimo na prvo javno izvajanje komada PRASE!! \u0106in-\u0106in.<\/strong><\/p>\n<p><strong>NOAIR<\/strong><\/p>\n<p><strong>Obalna \u0161tiri\u010dlanska zasedba NOAIR hara po slovenskem ozemlju \u017ee od leta 2014. Njihova zmes indie rocka, alternativnega popa ter eksperimentalnih vlo\u017ekov je do sedaj ustvarila tri plo\u0161\u010de, iz katerih izstopajo singli, kot so Colours, Igra, Love Indifferent in Rather, ki \u0161e zdaj pridno jahajo radijske valove. Njihova avtenti\u010dnost ter prepri\u010dljivost se ka\u017eeta skozi neskon\u010dno polje, ki se razteza od surovih kitarskih riffov do zvo\u010dno prostorskih ter introvertnih avantur, ki so jih v zadnjih desetih letih pripeljale do \u0161tevilnih odrov, tako doma\u010dih, kot tudi onkraj meja.<\/strong><\/p>","protected":false},"excerpt":{"rendered":"<p>&nbsp; Samo zase kot prase ba\u0161em tortico vase \u017de zdaj vem, da mi bo slabo, ampak je ne bom delil &nbsp; Samo zase kot prase ba\u0161em vase klobase \u017de zdaj vem, da mi bo slabo, ampak jih ne bom delil &nbsp; \u00bbSamo zase kot prase\u00ab je komad (in resen kandidat za himno) ter hkrati manifest, [&hellip;]<\/p>","protected":false},"author":11,"featured_media":86465,"template":"","meta":{"_seopress_robots_primary_cat":"none","_seopress_titles_title":"","_seopress_titles_desc":"","_seopress_robots_index":""},"product_brand":[],"product_cat":[230],"product_tag":[222],"class_list":{"0":"post-86464","1":"product","2":"type-product","3":"status-publish","4":"has-post-thumbnail","6":"product_cat-arhiv","7":"product_tag-predprodaja","9":"entry","10":"has-media","12":"first","13":"instock","14":"virtual","15":"taxable","16":"product-type-simple","17":"has-product-nav","18":"col","19":"span_1_of_4","20":"owp-content-center","21":"item-entry","22":"owp-thumbs-layout-horizontal","23":"owp-btn-normal","24":"owp-tabs-layout-section"},"publishpress_future_action":{"enabled":false,"date":"2026-04-27 00:04:05","action":"change-status","newStatus":"draft","terms":[],"taxonomy":"product_cat","extraData":[]},"publishpress_future_workflow_manual_trigger":{"enabledWorkflows":[]},"_links":{"self":[{"href":"https:\/\/www.orto-bar.com\/en\/wp-json\/wp\/v2\/product\/86464","targetHints":{"allow":["GET"]}}],"collection":[{"href":"https:\/\/www.orto-bar.com\/en\/wp-json\/wp\/v2\/product"}],"about":[{"href":"https:\/\/www.orto-bar.com\/en\/wp-json\/wp\/v2\/types\/product"}],"author":[{"embeddable":true,"href":"https:\/\/www.orto-bar.com\/en\/wp-json\/wp\/v2\/users\/11"}],"version-history":[{"count":0,"href":"https:\/\/www.orto-bar.com\/en\/wp-json\/wp\/v2\/product\/86464\/revisions"}],"wp:featuredmedia":[{"embeddable":true,"href":"https:\/\/www.orto-bar.com\/en\/wp-json\/wp\/v2\/media\/86465"}],"wp:attachment":[{"href":"https:\/\/www.orto-bar.com\/en\/wp-json\/wp\/v2\/media?parent=86464"}],"wp:term":[{"taxonomy":"product_brand","embeddable":true,"href":"https:\/\/www.orto-bar.com\/en\/wp-json\/wp\/v2\/product_brand?post=86464"},{"taxonomy":"product_cat","embeddable":true,"href":"https:\/\/www.orto-bar.com\/en\/wp-json\/wp\/v2\/product_cat?post=86464"},{"taxonomy":"product_tag","embeddable":true,"href":"https:\/\/www.orto-bar.com\/en\/wp-json\/wp\/v2\/product_tag?post=86464"}],"curies":[{"name":"wp","href":"https:\/\/api.w.org\/{rel}","templated":true}]}}