{"id":86491,"date":"2024-12-09T13:55:49","date_gmt":"2024-12-09T12:55:49","guid":{"rendered":"https:\/\/www.orto-bar.com\/?post_type=product&#038;p=86491"},"modified":"2025-04-03T05:49:24","modified_gmt":"2025-04-03T03:49:24","slug":"orto-fest-2025-masharik","status":"publish","type":"product","link":"https:\/\/www.orto-bar.com\/en\/dogodki\/arhiv\/orto-fest-2025-masharik\/","title":{"rendered":"Orto Fest 2025- Masharik"},"content":{"rendered":"<p>&nbsp;<\/p>\n<p><strong>Nagrada za Novinca leta, nabito polno Kino \u0160i\u0161ka in neverjeten (radijski) <\/strong><strong>uspeh z najnovej\u0161im singlom Na dnu morja.<\/strong><\/p>\n<p>&nbsp;<\/p>\n<p>Gorenjska skupina Masharik je nedvomno eno najve\u010djih glasbenih odkriGj zadnjih nekaj let. Lani so najprej prejeli nagrado Zlato pi\u0161\u010dal za novinca leta, nato pa za premierno predstavitev svojega prvenca Otroci cvetja napolnili Katedralo Kina \u0160i\u0161ka. \u017de v \u0160i\u0161ki je publika na glas pela uspe\u0161nice Brat moj, Stran od o\u010di in Otroci cvetja, zato ni presenetljivo, da so se te skladbe uvrstile med najbolj pred-vajane v letu 2024. Odkar so Masharik objavili \u0161e videospot za skladbo Na dnu morja je jasno. Masharik pali in s hitrim korakom osvaja slovenski glasbeni prostor.<\/p>\n<p>Masharik sestavljajo Ma\u0161a Bogataj (kitara in vokal), Luka Zemlji\u010d (klaviature in spremljevalni vokal), ter Bojan Marinko (bobni). V sodelovanju s producentom \u017daretom Pakom so pripravili deset skladb za album Otroci cvetja, ki je iz\u0161el pri SonicTribe. Ma\u0161a Bogataj svoja domi\u0161ljena, \u010dutna avtorska besedila podlo\u017ei z izjemnimi kitarskimi rifi in sola\u017eami. Bojan in Luka pa s svojo muzikalnostjo glasbi dodata edinstven pe\u010dat. Masharikova glasba se nas dotakne na vseh ravneh in nas mimogrede ogreje in po\u017eivi. Trojec s svojo instrumentalno dovr\u0161enostjo, vokalno harmonijo in naborom izjemnih avtorskih skladb na vsakem koncertu pusG neizpodbiten pe\u010dat, ne le kot kreaGvni avtorji kakovostne slovenske glasbe in kot vrhunski instrumentalisG, temve\u010d predvsem kot odli\u010dno uigran in kompakten bend, ki z igrivim in pretanjenim nastopom zlahka o\u010dara \u0161e najzahtevnej\u0161o publiko.<\/p>\n<p><strong>Masharik v \u017eivo<\/strong><\/p>\n<p>Ma\u0161a Bogataj, vokal, kitara<\/p>\n<p>Luka Zemlji\u010d, klaviature, spremljevalni vokal<\/p>\n<p>Bojan Marinko, bobni<\/p>\n<p>Amadei \u0160ar\u0161anski, bas kitara<\/p>\n<p>&nbsp;<\/p>\n<p><strong>Early bird<\/strong><\/p>\n<p>15 EUR<\/p>\n<p><strong>Predprodaja<\/strong><\/p>\n<p>20 EUR<\/p>\n<p><strong>Na dan<\/strong><\/p>\n<p>22 EUR<\/p>\n<p>Video<br \/>\n<a href=\"http:\/\/Masharik \u2013 Na dnu morja\">Masharik \u2013 Na dnu morja<\/a><br \/>\n<a href=\"http:\/\/Masharik -Skupaj\">Masharik -Skupaj<\/a><br \/>\n<a href=\"http:\/\/Masharik \u2013 Otroci cvetja\">Masharik \u2013 Otroci cvetja<\/a><br \/>\n<a href=\"http:\/\/Masharik \u2013 Brat moj\">Masharik \u2013 Brat moj<\/a><\/p>","protected":false},"excerpt":{"rendered":"<p>&nbsp; Nagrada za Novinca leta, nabito polno Kino \u0160i\u0161ka in neverjeten (radijski) uspeh z najnovej\u0161im singlom Na dnu morja. &nbsp; Gorenjska skupina Masharik je nedvomno eno najve\u010djih glasbenih odkriGj zadnjih nekaj let. Lani so najprej prejeli nagrado Zlato pi\u0161\u010dal za novinca leta, nato pa za premierno predstavitev svojega prvenca Otroci cvetja napolnili Katedralo Kina \u0160i\u0161ka. [&hellip;]<\/p>","protected":false},"author":11,"featured_media":86493,"template":"","meta":{"_seopress_robots_primary_cat":"none","_seopress_titles_title":"","_seopress_titles_desc":"","_seopress_robots_index":""},"product_brand":[],"product_cat":[230],"product_tag":[222],"class_list":{"0":"post-86491","1":"product","2":"type-product","3":"status-publish","4":"has-post-thumbnail","6":"product_cat-arhiv","7":"product_tag-predprodaja","9":"entry","10":"has-media","12":"first","13":"outofstock","14":"virtual","15":"taxable","16":"product-type-simple","17":"has-product-nav","18":"col","19":"span_1_of_4","20":"owp-content-center","21":"item-entry","22":"owp-thumbs-layout-horizontal","23":"owp-btn-normal","24":"owp-tabs-layout-section","25":"has-no-thumbnails"},"publishpress_future_action":{"enabled":false,"date":"2026-04-27 22:15:42","action":"change-status","newStatus":"draft","terms":[],"taxonomy":"product_cat","extraData":[]},"publishpress_future_workflow_manual_trigger":{"enabledWorkflows":[]},"_links":{"self":[{"href":"https:\/\/www.orto-bar.com\/en\/wp-json\/wp\/v2\/product\/86491","targetHints":{"allow":["GET"]}}],"collection":[{"href":"https:\/\/www.orto-bar.com\/en\/wp-json\/wp\/v2\/product"}],"about":[{"href":"https:\/\/www.orto-bar.com\/en\/wp-json\/wp\/v2\/types\/product"}],"author":[{"embeddable":true,"href":"https:\/\/www.orto-bar.com\/en\/wp-json\/wp\/v2\/users\/11"}],"version-history":[{"count":0,"href":"https:\/\/www.orto-bar.com\/en\/wp-json\/wp\/v2\/product\/86491\/revisions"}],"wp:featuredmedia":[{"embeddable":true,"href":"https:\/\/www.orto-bar.com\/en\/wp-json\/wp\/v2\/media\/86493"}],"wp:attachment":[{"href":"https:\/\/www.orto-bar.com\/en\/wp-json\/wp\/v2\/media?parent=86491"}],"wp:term":[{"taxonomy":"product_brand","embeddable":true,"href":"https:\/\/www.orto-bar.com\/en\/wp-json\/wp\/v2\/product_brand?post=86491"},{"taxonomy":"product_cat","embeddable":true,"href":"https:\/\/www.orto-bar.com\/en\/wp-json\/wp\/v2\/product_cat?post=86491"},{"taxonomy":"product_tag","embeddable":true,"href":"https:\/\/www.orto-bar.com\/en\/wp-json\/wp\/v2\/product_tag?post=86491"}],"curies":[{"name":"wp","href":"https:\/\/api.w.org\/{rel}","templated":true}]}}