{"id":86754,"date":"2024-12-12T20:47:50","date_gmt":"2024-12-12T19:47:50","guid":{"rendered":"https:\/\/www.orto-bar.com\/?post_type=product&#038;p=86754"},"modified":"2025-01-24T21:36:21","modified_gmt":"2025-01-24T20:36:21","slug":"predstava-kvirkago","status":"publish","type":"product","link":"https:\/\/www.orto-bar.com\/en\/dogodki\/arhiv\/predstava-kvirkago\/","title":{"rendered":"Predstava : Kvirkago"},"content":{"rendered":"<p>&nbsp;<\/p>\n<p><b>Kvirkago<\/b><\/p>\n<p>&nbsp;<\/p>\n<p><span style=\"font-weight: 400;\">Umor, rumeni tisk, dva policaja, odvetnik in \u0161est slastnih morilk! Drag Muzikal Kvirkago pri\u010dara nepredvidljivi svet, poln spletk, denarja in umorov, ki se odvijejo skozi o\u010di mlade starlete Roxie Hart. Usodni strel razkrije temno resnico razmerja med Roxie in njenim Amosom. Burno zaporni\u0161ko zakulisje, kjer \u0161tejejo le slava, videz in seksapilnost, je naklonjeno zvezdi lokalne burleske Velmi Kelly, ki je zagre\u0161ila dvojni umor in pristala za re\u0161etkami. \u0160est zaporni\u0161kih morilk, pod ostrim pogledom matrone Mame Morton, bi storilo vse, da bi se re\u0161ile fatalne obsodbe. Kako jih vidijo mediji? Aktivna kolumnica Mary Sunshine je zmeraj prva na kraju zlo\u010dina in objavi vsako morilsko podrobnost, ki bi lahko vplivala na usodo obto\u017eenih. Bo \u0161armantnemu odvetniku Billy Flynnu uspelo prepri\u010dati ob\u010dinstvo &#8211; pardon, sodni\u0161tvo &#8211; in osvoboditi zvezdni\u0161ki obto\u017eenki? Kolektiv dru\u0161tva \u0160tikla se tokrat predstavlja v kvir rendiciji muzikala \u010cikago z nepri\u010dakovanimi zapleti in mavri\u010dnimi pogledi na burno, zlato dobo dvajsetih.\u00a0<\/span><\/p>\n<p><b>Igrajo:<\/b><span style=\"font-weight: 400;\">\u00a0 $inoka (Marja Kovanda) &#8211; Mentalika &#8211; Prof. Pederik Kunt &#8211; Iza Kunt &#8211;\u00a0 Agatha Fakk Kunt &#8211;\u00a0 Karmen Da\u0161 &#8211; Miss Sin Kunt &#8211; Akira Ve &#8211;\u00a0 Anika Hrvat &#8211; Trafika \u010cik Kunt &#8211; Kaja \u010celan &#8211; Lovro Pe\u010dnik\u00a0<\/span><\/p>\n<p><b>Tehni\u010dna ekipa: <\/b><span style=\"font-weight: 400;\">Aleksander \u0160tumberger, Marina Likar<\/span><\/p>\n<p><b>Fotografinja:<\/b><span style=\"font-weight: 400;\"> Riva\/Netopir\u010dek<\/span><\/p>\n<p><b>Design:<\/b><span style=\"font-weight: 400;\"> Rebeka Filipi\u010d<\/span><\/p>\n<p><span style=\"font-weight: 400;\">IG @drustvostikla<\/span><\/p>\n<p><span style=\"font-weight: 400;\">FB: <\/span><a href=\"https:\/\/fb.me\/e\/8XXbflImg\"><span style=\"font-weight: 400;\">https:\/\/fb.me\/e\/8XXbflImg<\/span><\/a><\/p>\n<p><b>Vstopnice: <\/b><a href=\"https:\/\/www.orto-bar.com\/en\/dogodki\/dj\/predstava-kvirkago\/\"><span style=\"font-weight: 400;\">https:\/\/www.orto-bar.com\/dogodki\/dj\/predstava-kvirkago\/<\/span><\/a><\/p>\n<p><strong>Vstopnice:<\/strong><\/p>\n<p><strong>Predprodajna cena za sedi\u0161\u010de : 20\u20ac<\/strong><\/p>\n<p><strong>Predprodajna cena za stoji\u0161\u010de : 15\u20ac<\/strong><\/p>\n<p><strong>Cena za stoji\u0161\u010de na dan predstave : 18\u20ac<\/strong><\/p>\n<p style=\"margin: 12.0pt 0cm 12.0pt 0cm;\">","protected":false},"excerpt":{"rendered":"<p>&nbsp; Kvirkago &nbsp; Umor, rumeni tisk, dva policaja, odvetnik in \u0161est slastnih morilk! Drag Muzikal Kvirkago pri\u010dara nepredvidljivi svet, poln spletk, denarja in umorov, ki se odvijejo skozi o\u010di mlade starlete Roxie Hart. Usodni strel razkrije temno resnico razmerja med Roxie in njenim Amosom. Burno zaporni\u0161ko zakulisje, kjer \u0161tejejo le slava, videz in seksapilnost, je [&hellip;]<\/p>","protected":false},"author":11,"featured_media":86755,"template":"","meta":{"_seopress_robots_primary_cat":"none","_seopress_titles_title":"","_seopress_titles_desc":"","_seopress_robots_index":""},"product_brand":[],"product_cat":[230],"product_tag":[222],"class_list":{"0":"post-86754","1":"product","2":"type-product","3":"status-publish","4":"has-post-thumbnail","6":"product_cat-arhiv","7":"product_tag-predprodaja","9":"entry","10":"has-media","12":"first","13":"instock","14":"virtual","15":"taxable","16":"product-type-simple","17":"has-product-nav","18":"col","19":"span_1_of_4","20":"owp-content-center","21":"item-entry","22":"owp-thumbs-layout-horizontal","23":"owp-btn-normal","24":"owp-tabs-layout-section","25":"has-no-thumbnails"},"publishpress_future_action":{"enabled":false,"date":"2026-04-30 15:31:33","action":"change-status","newStatus":"draft","terms":[],"taxonomy":"product_cat","extraData":[]},"publishpress_future_workflow_manual_trigger":{"enabledWorkflows":[]},"_links":{"self":[{"href":"https:\/\/www.orto-bar.com\/en\/wp-json\/wp\/v2\/product\/86754","targetHints":{"allow":["GET"]}}],"collection":[{"href":"https:\/\/www.orto-bar.com\/en\/wp-json\/wp\/v2\/product"}],"about":[{"href":"https:\/\/www.orto-bar.com\/en\/wp-json\/wp\/v2\/types\/product"}],"author":[{"embeddable":true,"href":"https:\/\/www.orto-bar.com\/en\/wp-json\/wp\/v2\/users\/11"}],"version-history":[{"count":0,"href":"https:\/\/www.orto-bar.com\/en\/wp-json\/wp\/v2\/product\/86754\/revisions"}],"wp:featuredmedia":[{"embeddable":true,"href":"https:\/\/www.orto-bar.com\/en\/wp-json\/wp\/v2\/media\/86755"}],"wp:attachment":[{"href":"https:\/\/www.orto-bar.com\/en\/wp-json\/wp\/v2\/media?parent=86754"}],"wp:term":[{"taxonomy":"product_brand","embeddable":true,"href":"https:\/\/www.orto-bar.com\/en\/wp-json\/wp\/v2\/product_brand?post=86754"},{"taxonomy":"product_cat","embeddable":true,"href":"https:\/\/www.orto-bar.com\/en\/wp-json\/wp\/v2\/product_cat?post=86754"},{"taxonomy":"product_tag","embeddable":true,"href":"https:\/\/www.orto-bar.com\/en\/wp-json\/wp\/v2\/product_tag?post=86754"}],"curies":[{"name":"wp","href":"https:\/\/api.w.org\/{rel}","templated":true}]}}