{"id":87027,"date":"2024-12-17T17:57:39","date_gmt":"2024-12-17T16:57:39","guid":{"rendered":"https:\/\/www.orto-bar.com\/?post_type=product&#038;p=87027"},"modified":"2025-01-17T19:46:46","modified_gmt":"2025-01-17T18:46:46","slug":"elvis-presleys-90th-birthday-party","status":"publish","type":"product","link":"https:\/\/www.orto-bar.com\/en\/dogodki\/arhiv\/elvis-presleys-90th-birthday-party\/","title":{"rendered":"ELVIS PRESLEY&#8217;S 90TH BIRTHDAY PARTY"},"content":{"rendered":"<p><strong><span style=\"font-family: 'Calibri',sans-serif;\">ELVIS PRESLEY&#8217;S 90TH BIRTHDAY PARTY<\/span><\/strong><br \/>\n<em><span style=\"font-family: 'Calibri',sans-serif;\">Pridru\u017eite se nam na nepozabnem ve\u010deru v \u010dast kralju rock &#8216;n&#8217; rolla!<\/span><\/em><\/p>\n<p>&nbsp;<\/p>\n<p><strong><span style=\"font-family: 'Calibri',sans-serif;\">Elvis Friends Slovenia<\/span><\/strong>\u00a0 kot vsako leto tudi tokrat prireja praznovanje <strong><span style=\"font-family: 'Calibri',sans-serif;\">Elvisovega 90. rojstnega dne<\/span><\/strong>! \u010ceprav minevajo desetletja, Elvisova glasba \u0161e vedno \u017eivi in zdru\u017euje generacije \u2013 tako v svoji originalnosti kot v novih interpretacijah.<\/p>\n<p><strong><span style=\"font-family: 'Calibri',sans-serif;\">Na odru bodo nastopili<\/span><\/strong>:<\/p>\n<p><strong><span style=\"font-family: 'Calibri',sans-serif;\">Sam&#8217;s Fever<\/span><\/strong> \u2013 vrhunski izvajalci Elvisove glasbe, ki s strastjo o\u017eivljajo njegove najve\u010dje uspe\u0161nice ter unikatno povezujejo zvok preteklosti z energijo sedanjosti. Leta 2015 so zaslu\u017eeno osvojili naziv <strong><span style=\"font-family: 'Calibri',sans-serif;\">najbolj\u0161ega interpreta Elvis glasbe v Evropi<\/span><\/strong>.<\/p>\n<p><strong><span style=\"font-family: 'Calibri',sans-serif;\">Smoot Band<\/span><\/strong> \u2013 zmagovalci presti\u017enega naziva\u00a0 <strong><span style=\"font-family: 'Calibri',sans-serif;\">najbolj\u0161ega interpreta Elvis glasbe v Evropi<\/span><\/strong>\u00a0leta 2018, ki vas bodo s svojo izjemno izvedbo popeljali skozi kraljevo zlato obdobje ustvarjanja.<\/p>\n<p><strong><span style=\"font-family: 'Calibri',sans-serif;\">Jure Lenar\u010di\u010d<\/span><\/strong> (iz skupine EightBomb) \u2013 pevec, ki s svojo pristno interpretacijo obuja <strong><span style=\"font-family: 'Calibri',sans-serif;\">Elvisovo rockabilly obdobje<\/span><\/strong> in s tem kralju vra\u010da njegov prepoznaven, surov glasbeni izraz.<\/p>\n<p><strong><span style=\"font-family: 'Calibri',sans-serif;\">Vstopnice\u00a0Predprodaja<\/span><\/strong>: 18 \u20ac (na voljo tudi na spletni strani Orto Bara),\u00a0Na dan dogodka: 23 \u20ac<\/p>\n<p>Pridru\u017eite se nam na praznovanju 17. januarja 2025 ob 20. uri v ljubljanskem Orto Baru, kjer bo <strong><span style=\"font-family: 'Calibri',sans-serif;\">Elvisova glasba ponovno o\u017eivela<\/span><\/strong> v vsej svoji veli\u010dini. Zaple\u0161ite, zapojte in se prepustite nostalgiji ter ritmom, ki jih je kralj rock&#8217;n&#8217;rolla zapisal v zgodovino.<\/p>\n<p><strong><span style=\"font-family: 'Calibri',sans-serif;\">Let\u2019s rock&#8217;n&#8217;roll!<\/span><\/strong><\/p>\n<p>&nbsp;<\/p>\n<p>&nbsp;<\/p>\n<p>&nbsp;<\/p>","protected":false},"excerpt":{"rendered":"<p>ELVIS PRESLEY&#8217;S 90TH BIRTHDAY PARTY Pridru\u017eite se nam na nepozabnem ve\u010deru v \u010dast kralju rock &#8216;n&#8217; rolla! &nbsp; Elvis Friends Slovenia\u00a0 kot vsako leto tudi tokrat prireja praznovanje Elvisovega 90. rojstnega dne! \u010ceprav minevajo desetletja, Elvisova glasba \u0161e vedno \u017eivi in zdru\u017euje generacije \u2013 tako v svoji originalnosti kot v novih interpretacijah. Na odru bodo [&hellip;]<\/p>","protected":false},"author":11,"featured_media":87029,"template":"","meta":{"_seopress_robots_primary_cat":"none","_seopress_titles_title":"","_seopress_titles_desc":"","_seopress_robots_index":""},"product_brand":[],"product_cat":[230],"product_tag":[222],"class_list":{"0":"post-87027","1":"product","2":"type-product","3":"status-publish","4":"has-post-thumbnail","6":"product_cat-arhiv","7":"product_tag-predprodaja","9":"entry","10":"has-media","12":"first","13":"instock","14":"virtual","15":"taxable","16":"product-type-simple","17":"has-product-nav","18":"col","19":"span_1_of_4","20":"owp-content-center","21":"item-entry","22":"owp-thumbs-layout-horizontal","23":"owp-btn-normal","24":"owp-tabs-layout-section","25":"has-no-thumbnails"},"publishpress_future_action":{"enabled":false,"date":"2026-04-24 19:53:37","action":"change-status","newStatus":"draft","terms":[],"taxonomy":"product_cat","extraData":[]},"publishpress_future_workflow_manual_trigger":{"enabledWorkflows":[]},"_links":{"self":[{"href":"https:\/\/www.orto-bar.com\/en\/wp-json\/wp\/v2\/product\/87027","targetHints":{"allow":["GET"]}}],"collection":[{"href":"https:\/\/www.orto-bar.com\/en\/wp-json\/wp\/v2\/product"}],"about":[{"href":"https:\/\/www.orto-bar.com\/en\/wp-json\/wp\/v2\/types\/product"}],"author":[{"embeddable":true,"href":"https:\/\/www.orto-bar.com\/en\/wp-json\/wp\/v2\/users\/11"}],"version-history":[{"count":0,"href":"https:\/\/www.orto-bar.com\/en\/wp-json\/wp\/v2\/product\/87027\/revisions"}],"wp:featuredmedia":[{"embeddable":true,"href":"https:\/\/www.orto-bar.com\/en\/wp-json\/wp\/v2\/media\/87029"}],"wp:attachment":[{"href":"https:\/\/www.orto-bar.com\/en\/wp-json\/wp\/v2\/media?parent=87027"}],"wp:term":[{"taxonomy":"product_brand","embeddable":true,"href":"https:\/\/www.orto-bar.com\/en\/wp-json\/wp\/v2\/product_brand?post=87027"},{"taxonomy":"product_cat","embeddable":true,"href":"https:\/\/www.orto-bar.com\/en\/wp-json\/wp\/v2\/product_cat?post=87027"},{"taxonomy":"product_tag","embeddable":true,"href":"https:\/\/www.orto-bar.com\/en\/wp-json\/wp\/v2\/product_tag?post=87027"}],"curies":[{"name":"wp","href":"https:\/\/api.w.org\/{rel}","templated":true}]}}