{"id":87031,"date":"2024-12-17T18:06:23","date_gmt":"2024-12-17T17:06:23","guid":{"rendered":"https:\/\/www.orto-bar.com\/?post_type=product&#038;p=87031"},"modified":"2024-12-17T18:10:32","modified_gmt":"2024-12-17T17:10:32","slug":"divji-zahod","status":"publish","type":"product","link":"https:\/\/www.orto-bar.com\/en\/dogodki\/arhiv\/divji-zahod\/","title":{"rendered":"Divji Zahod"},"content":{"rendered":"<p>Divji Zahod je 4-\u010dlanski rock band iz Gorenjske. Sestavljajo ga kitarist in vokalist Urh Zupan, kitarist Lin Zaletel, basist Toma\u017e Hribernik ter bobnar \u017diga \u0160tucin. Kot \u017ee samo ime napoveduje, so fantje na odru prete\u017eno divja\u0161kega zna\u010daja, kar na njihovih koncertih spro\u0161\u010da veliko dobre energije. V letu delovanja so se prebili do finala \u0160ourocka in \u0160kisolova, kot gostje pa so v sodelovanju s simfoni\u010dnim orkestrom preigravali rock klasike. Trenutno snemajo svoj prvi album, zato v njihovem repertuarju naletimo tudi na avtorske pesmi, ki so nastale po navdihu legendarnih rock bandov.<\/p>\n<div class=\"x11i5rnm xat24cr x1mh8g0r x1vvkbs xtlvy1s\">\n<p>&nbsp;<\/p>\n<p>&nbsp;<\/p>\n<p>&nbsp;<\/p>\n<p>&nbsp;<\/p>\n<\/div>","protected":false},"excerpt":{"rendered":"<p>Divji Zahod je 4-\u010dlanski rock band iz Gorenjske. Sestavljajo ga kitarist in vokalist Urh Zupan, kitarist Lin Zaletel, basist Toma\u017e Hribernik ter bobnar \u017diga \u0160tucin. Kot \u017ee samo ime napoveduje, so fantje na odru prete\u017eno divja\u0161kega zna\u010daja, kar na njihovih koncertih spro\u0161\u010da veliko dobre energije. V letu delovanja so se prebili do finala \u0160ourocka in [&hellip;]<\/p>","protected":false},"author":11,"featured_media":87032,"template":"","meta":{"_seopress_robots_primary_cat":"none","_seopress_titles_title":"","_seopress_titles_desc":"","_seopress_robots_index":""},"product_brand":[],"product_cat":[230],"product_tag":[222],"class_list":{"0":"post-87031","1":"product","2":"type-product","3":"status-publish","4":"has-post-thumbnail","6":"product_cat-arhiv","7":"product_tag-predprodaja","9":"entry","10":"has-media","12":"first","13":"instock","14":"virtual","15":"taxable","16":"product-type-simple","17":"has-product-nav","18":"col","19":"span_1_of_4","20":"owp-content-center","21":"item-entry","22":"owp-thumbs-layout-horizontal","23":"owp-btn-normal","24":"owp-tabs-layout-section","25":"has-no-thumbnails"},"publishpress_future_action":{"enabled":false,"date":"2026-04-26 14:02:43","action":"change-status","newStatus":"draft","terms":[],"taxonomy":"product_cat","extraData":[]},"publishpress_future_workflow_manual_trigger":{"enabledWorkflows":[]},"_links":{"self":[{"href":"https:\/\/www.orto-bar.com\/en\/wp-json\/wp\/v2\/product\/87031","targetHints":{"allow":["GET"]}}],"collection":[{"href":"https:\/\/www.orto-bar.com\/en\/wp-json\/wp\/v2\/product"}],"about":[{"href":"https:\/\/www.orto-bar.com\/en\/wp-json\/wp\/v2\/types\/product"}],"author":[{"embeddable":true,"href":"https:\/\/www.orto-bar.com\/en\/wp-json\/wp\/v2\/users\/11"}],"version-history":[{"count":0,"href":"https:\/\/www.orto-bar.com\/en\/wp-json\/wp\/v2\/product\/87031\/revisions"}],"wp:featuredmedia":[{"embeddable":true,"href":"https:\/\/www.orto-bar.com\/en\/wp-json\/wp\/v2\/media\/87032"}],"wp:attachment":[{"href":"https:\/\/www.orto-bar.com\/en\/wp-json\/wp\/v2\/media?parent=87031"}],"wp:term":[{"taxonomy":"product_brand","embeddable":true,"href":"https:\/\/www.orto-bar.com\/en\/wp-json\/wp\/v2\/product_brand?post=87031"},{"taxonomy":"product_cat","embeddable":true,"href":"https:\/\/www.orto-bar.com\/en\/wp-json\/wp\/v2\/product_cat?post=87031"},{"taxonomy":"product_tag","embeddable":true,"href":"https:\/\/www.orto-bar.com\/en\/wp-json\/wp\/v2\/product_tag?post=87031"}],"curies":[{"name":"wp","href":"https:\/\/api.w.org\/{rel}","templated":true}]}}