{"id":87285,"date":"2024-12-19T09:49:28","date_gmt":"2024-12-19T08:49:28","guid":{"rendered":"https:\/\/www.orto-bar.com\/?post_type=product&#038;p=87285"},"modified":"2024-12-19T19:20:47","modified_gmt":"2024-12-19T18:20:47","slug":"mimi-margot-sophy","status":"publish","type":"product","link":"https:\/\/www.orto-bar.com\/en\/dogodki\/arhiv\/mimi-margot-sophy\/","title":{"rendered":"Mimi Margot &#038; Sophy"},"content":{"rendered":"<p>&nbsp;<\/p>\n<p><em>Mimi Margot deluje od oktobra 2021 v postavi Jure Salobir (vokal in ritem kitara), Katarina Kurtjak (klaviature in spremljevalni vokal), Peter Horvat (kitara), Toma\u017e Lukman (bas), Gregor Seme (bobni). U\u017eivajo v ustvarjanju slovenske avtorske rock glasbe.<\/em><\/p>\n<p>&nbsp;<\/p>\n<p>Sofija Lavra\u010d \u010crnivec &#8211; Sophy je mlada avtorica, ki je v novembru izdala svoj prvi album z naslovom &#8220;Che ratta&#8221;. Vse melodije in besedila je napisala sama, \u0161irok \u017eanrski spekter pa jo te\u017eko opredeli, a je poslu\u0161anje zato toliko bolj zanimivo. Poslu\u0161alci omenjajo me\u0161anico jazza, popa in rocka, za avtenti\u010dnost zvokovnih \u010dustev pa bodo ob njej na odru Bla\u017e Avsenik (klaviature), Erik \u010cebokli (bass), Eva Ipavec (back vocal), Maks Koren (bobni) in An\u017ee Kos (kitara).<\/p>\n<p>&nbsp;<\/p>\n<p>&nbsp;<\/p>\n<p>&nbsp;<\/p>\n<p><strong>Vstopnina na dan dogodka : 8\u20ac<\/strong><\/p>","protected":false},"excerpt":{"rendered":"<p>&nbsp; Mimi Margot deluje od oktobra 2021 v postavi Jure Salobir (vokal in ritem kitara), Katarina Kurtjak (klaviature in spremljevalni vokal), Peter Horvat (kitara), Toma\u017e Lukman (bas), Gregor Seme (bobni). U\u017eivajo v ustvarjanju slovenske avtorske rock glasbe. &nbsp; Sofija Lavra\u010d \u010crnivec &#8211; Sophy je mlada avtorica, ki je v novembru izdala svoj prvi album z [&hellip;]<\/p>","protected":false},"author":11,"featured_media":87286,"template":"","meta":{"_seopress_robots_primary_cat":"none","_seopress_titles_title":"","_seopress_titles_desc":"","_seopress_robots_index":""},"product_brand":[],"product_cat":[230],"product_tag":[222],"class_list":{"0":"post-87285","1":"product","2":"type-product","3":"status-publish","4":"has-post-thumbnail","6":"product_cat-arhiv","7":"product_tag-predprodaja","9":"entry","10":"has-media","12":"first","13":"instock","14":"virtual","15":"taxable","16":"product-type-simple","17":"has-product-nav","18":"col","19":"span_1_of_4","20":"owp-content-center","21":"item-entry","22":"owp-thumbs-layout-horizontal","23":"owp-btn-normal","24":"owp-tabs-layout-section","25":"has-no-thumbnails"},"publishpress_future_action":{"enabled":false,"date":"2026-05-10 11:50:57","action":"change-status","newStatus":"draft","terms":[],"taxonomy":"product_cat","extraData":[]},"publishpress_future_workflow_manual_trigger":{"enabledWorkflows":[]},"_links":{"self":[{"href":"https:\/\/www.orto-bar.com\/en\/wp-json\/wp\/v2\/product\/87285","targetHints":{"allow":["GET"]}}],"collection":[{"href":"https:\/\/www.orto-bar.com\/en\/wp-json\/wp\/v2\/product"}],"about":[{"href":"https:\/\/www.orto-bar.com\/en\/wp-json\/wp\/v2\/types\/product"}],"author":[{"embeddable":true,"href":"https:\/\/www.orto-bar.com\/en\/wp-json\/wp\/v2\/users\/11"}],"version-history":[{"count":0,"href":"https:\/\/www.orto-bar.com\/en\/wp-json\/wp\/v2\/product\/87285\/revisions"}],"wp:featuredmedia":[{"embeddable":true,"href":"https:\/\/www.orto-bar.com\/en\/wp-json\/wp\/v2\/media\/87286"}],"wp:attachment":[{"href":"https:\/\/www.orto-bar.com\/en\/wp-json\/wp\/v2\/media?parent=87285"}],"wp:term":[{"taxonomy":"product_brand","embeddable":true,"href":"https:\/\/www.orto-bar.com\/en\/wp-json\/wp\/v2\/product_brand?post=87285"},{"taxonomy":"product_cat","embeddable":true,"href":"https:\/\/www.orto-bar.com\/en\/wp-json\/wp\/v2\/product_cat?post=87285"},{"taxonomy":"product_tag","embeddable":true,"href":"https:\/\/www.orto-bar.com\/en\/wp-json\/wp\/v2\/product_tag?post=87285"}],"curies":[{"name":"wp","href":"https:\/\/api.w.org\/{rel}","templated":true}]}}