{"id":87614,"date":"2024-12-22T16:09:48","date_gmt":"2024-12-22T15:09:48","guid":{"rendered":"https:\/\/www.orto-bar.com\/?post_type=product&#038;p=87614"},"modified":"2025-01-24T18:03:44","modified_gmt":"2025-01-24T17:03:44","slug":"orto-discofunky-70s80s90s-party","status":"publish","type":"product","link":"https:\/\/www.orto-bar.com\/en\/dogodki\/arhiv\/orto-discofunky-70s80s90s-party\/","title":{"rendered":"Orto DISCO,FUNKY 70&#8217;S 80&#8217;S,90&#8217;S PARTY"},"content":{"rendered":"<p><strong>Obvestilo , dogodek se bo za\u010del po 24.uri, ker je 24.1.2025 dan \u017ealovanja!<\/strong><\/p>\n<p><strong>Glasba hitov iz disco ere, komadi iz 70s, 80s in 90s pa tudi kaj modernej\u0161ega za kralje in kraljice plesi\u0161\u010da. \u0160tart ob 23.uri!<\/strong><\/p>\n<p><strong>Vstopnina v predprodaji 8\u20ac in 10\u20ac na dan dogodka<\/strong><\/p>\n<p><strong>Za udele\u017eence predstave Kvirkago je vstop prost!<\/strong><\/p>","protected":false},"excerpt":{"rendered":"<p>Obvestilo , dogodek se bo za\u010del po 24.uri, ker je 24.1.2025 dan \u017ealovanja! Glasba hitov iz disco ere, komadi iz 70s, 80s in 90s pa tudi kaj modernej\u0161ega za kralje in kraljice plesi\u0161\u010da. \u0160tart ob 23.uri! Vstopnina v predprodaji 8\u20ac in 10\u20ac na dan dogodka Za udele\u017eence predstave Kvirkago je vstop prost!<\/p>","protected":false},"author":11,"featured_media":87615,"template":"","meta":{"_seopress_robots_primary_cat":"none","_seopress_titles_title":"","_seopress_titles_desc":"","_seopress_robots_index":""},"product_brand":[],"product_cat":[230],"product_tag":[222],"class_list":{"0":"post-87614","1":"product","2":"type-product","3":"status-publish","4":"has-post-thumbnail","6":"product_cat-arhiv","7":"product_tag-predprodaja","9":"entry","10":"has-media","12":"first","13":"instock","14":"virtual","15":"taxable","16":"product-type-simple","17":"has-product-nav","18":"col","19":"span_1_of_4","20":"owp-content-center","21":"item-entry","22":"owp-thumbs-layout-horizontal","23":"owp-btn-normal","24":"owp-tabs-layout-section","25":"has-no-thumbnails"},"publishpress_future_action":{"enabled":false,"date":"2026-04-27 22:04:09","action":"change-status","newStatus":"draft","terms":[],"taxonomy":"product_cat","extraData":[]},"publishpress_future_workflow_manual_trigger":{"enabledWorkflows":[]},"_links":{"self":[{"href":"https:\/\/www.orto-bar.com\/en\/wp-json\/wp\/v2\/product\/87614","targetHints":{"allow":["GET"]}}],"collection":[{"href":"https:\/\/www.orto-bar.com\/en\/wp-json\/wp\/v2\/product"}],"about":[{"href":"https:\/\/www.orto-bar.com\/en\/wp-json\/wp\/v2\/types\/product"}],"author":[{"embeddable":true,"href":"https:\/\/www.orto-bar.com\/en\/wp-json\/wp\/v2\/users\/11"}],"version-history":[{"count":0,"href":"https:\/\/www.orto-bar.com\/en\/wp-json\/wp\/v2\/product\/87614\/revisions"}],"wp:featuredmedia":[{"embeddable":true,"href":"https:\/\/www.orto-bar.com\/en\/wp-json\/wp\/v2\/media\/87615"}],"wp:attachment":[{"href":"https:\/\/www.orto-bar.com\/en\/wp-json\/wp\/v2\/media?parent=87614"}],"wp:term":[{"taxonomy":"product_brand","embeddable":true,"href":"https:\/\/www.orto-bar.com\/en\/wp-json\/wp\/v2\/product_brand?post=87614"},{"taxonomy":"product_cat","embeddable":true,"href":"https:\/\/www.orto-bar.com\/en\/wp-json\/wp\/v2\/product_cat?post=87614"},{"taxonomy":"product_tag","embeddable":true,"href":"https:\/\/www.orto-bar.com\/en\/wp-json\/wp\/v2\/product_tag?post=87614"}],"curies":[{"name":"wp","href":"https:\/\/api.w.org\/{rel}","templated":true}]}}