{"id":87620,"date":"2024-12-22T16:37:08","date_gmt":"2024-12-22T15:37:08","guid":{"rendered":"https:\/\/www.orto-bar.com\/?post_type=product&#038;p=87620"},"modified":"2025-04-10T01:00:12","modified_gmt":"2025-04-09T23:00:12","slug":"orto-fest-2025-slon-in-sadez","status":"publish","type":"product","link":"https:\/\/www.orto-bar.com\/en\/dogodki\/arhiv\/orto-fest-2025-slon-in-sadez\/","title":{"rendered":"Orto Fest 2025- Slon in Sade\u017e"},"content":{"rendered":"<p>&nbsp;<\/p>\n<p>Slon in Sade\u017e<\/p>\n<p>&nbsp;<\/p>\n<p>Najbolj simpati\u010den bend z najmanj simpati\u010dnimi besedili vabi na rokenrol zabavico, ki se bo slavnostno odvila v veliki simfoni\u010dni dvorani Orto bara.<\/p>\n<p>Fantovski kvintet vam bo posku\u0161al zagreniti ve\u010der z vrhunsko glasbo in prijetno nenormalnimi forami &#8211; pri\u010dakujete lahko ve\u010dglasno prepevanje in preglasno igranje, brezsramno zlorabo glasbenih in\u0161trumentov in kitarske sola\u017ee pod meter sedemdeset. Glasbeni kolektiv, ki pomanjkanje ob\u010dutka za filing nadome\u0161\u010da z absurdno glasnostjo, obljublja ve\u010der poln \u010dustev, kjer bodo tekle solze in to\u010deno pivo, ob preigravanju starih dobrih hitov in novih srednjih hitov.<\/p>\n<p>Obiskovalcem ob\u010dutljivim na lepoto, ogled koncerta priporo\u010damo hrbtno.<\/p>\n<p>&nbsp;<\/p>\n<p>&nbsp;<\/p>","protected":false},"excerpt":{"rendered":"<p>&nbsp; Slon in Sade\u017e &nbsp; Najbolj simpati\u010den bend z najmanj simpati\u010dnimi besedili vabi na rokenrol zabavico, ki se bo slavnostno odvila v veliki simfoni\u010dni dvorani Orto bara. Fantovski kvintet vam bo posku\u0161al zagreniti ve\u010der z vrhunsko glasbo in prijetno nenormalnimi forami &#8211; pri\u010dakujete lahko ve\u010dglasno prepevanje in preglasno igranje, brezsramno zlorabo glasbenih in\u0161trumentov in kitarske [&hellip;]<\/p>","protected":false},"author":11,"featured_media":87621,"template":"","meta":{"_seopress_robots_primary_cat":"none","_seopress_titles_title":"","_seopress_titles_desc":"","_seopress_robots_index":""},"product_brand":[],"product_cat":[230],"product_tag":[222],"class_list":{"0":"post-87620","1":"product","2":"type-product","3":"status-publish","4":"has-post-thumbnail","6":"product_cat-arhiv","7":"product_tag-predprodaja","9":"entry","10":"has-media","12":"first","13":"outofstock","14":"virtual","15":"taxable","16":"product-type-simple","17":"has-product-nav","18":"col","19":"span_1_of_4","20":"owp-content-center","21":"item-entry","22":"owp-thumbs-layout-horizontal","23":"owp-btn-normal","24":"owp-tabs-layout-section","25":"has-no-thumbnails"},"publishpress_future_action":{"enabled":false,"date":"2026-05-10 18:16:08","action":"change-status","newStatus":"draft","terms":[],"taxonomy":"product_cat","extraData":[]},"publishpress_future_workflow_manual_trigger":{"enabledWorkflows":[]},"_links":{"self":[{"href":"https:\/\/www.orto-bar.com\/en\/wp-json\/wp\/v2\/product\/87620","targetHints":{"allow":["GET"]}}],"collection":[{"href":"https:\/\/www.orto-bar.com\/en\/wp-json\/wp\/v2\/product"}],"about":[{"href":"https:\/\/www.orto-bar.com\/en\/wp-json\/wp\/v2\/types\/product"}],"author":[{"embeddable":true,"href":"https:\/\/www.orto-bar.com\/en\/wp-json\/wp\/v2\/users\/11"}],"version-history":[{"count":0,"href":"https:\/\/www.orto-bar.com\/en\/wp-json\/wp\/v2\/product\/87620\/revisions"}],"wp:featuredmedia":[{"embeddable":true,"href":"https:\/\/www.orto-bar.com\/en\/wp-json\/wp\/v2\/media\/87621"}],"wp:attachment":[{"href":"https:\/\/www.orto-bar.com\/en\/wp-json\/wp\/v2\/media?parent=87620"}],"wp:term":[{"taxonomy":"product_brand","embeddable":true,"href":"https:\/\/www.orto-bar.com\/en\/wp-json\/wp\/v2\/product_brand?post=87620"},{"taxonomy":"product_cat","embeddable":true,"href":"https:\/\/www.orto-bar.com\/en\/wp-json\/wp\/v2\/product_cat?post=87620"},{"taxonomy":"product_tag","embeddable":true,"href":"https:\/\/www.orto-bar.com\/en\/wp-json\/wp\/v2\/product_tag?post=87620"}],"curies":[{"name":"wp","href":"https:\/\/api.w.org\/{rel}","templated":true}]}}