{"id":87629,"date":"2024-12-22T17:08:38","date_gmt":"2024-12-22T16:08:38","guid":{"rendered":"https:\/\/www.orto-bar.com\/?post_type=product&#038;p=87629"},"modified":"2025-04-08T17:06:20","modified_gmt":"2025-04-08T15:06:20","slug":"orto-fest-2025-feedback","status":"publish","type":"product","link":"https:\/\/www.orto-bar.com\/en\/dogodki\/arhiv\/orto-fest-2025-feedback\/","title":{"rendered":"Orto Fest 2025- Feedback"},"content":{"rendered":"<p>&nbsp;<\/p>\n<p><strong>Skupina Feedback: 25 let avtorske instrumentalne glasbe<\/strong><\/p>\n<p>&nbsp;<\/p>\n<p>&nbsp;<\/p>\n<p><strong>Skupina Feedback<\/strong> je v slovenskem glasbenem prostoru \u017ee 25 let sinonim za edinstveno avtorsko instrumentalno jazz\/rock glasbo. S svojim vintage zvokom, opremo iz sedemdesetih let prej\u0161njega stoletja in posebno miselnostjo, ki zdru\u017euje preteklost in sedanjost, so ustvarili prepoznaven glasbeni izraz.<\/p>\n<p><strong>\u010clani skupine Feedback:<\/strong><\/p>\n<ul>\n<li><strong>Matej Magajne<\/strong> \u2013 kitara<\/li>\n<li><strong>Andrej Maver<\/strong> \u2013 bobni<\/li>\n<li><strong>Milo\u0161 Leban<\/strong> \u2013 klaviature (Hammond, Rhodes)<\/li>\n<li><strong>Andrej Klav\u017ear<\/strong> \u2013 bas kitara<\/li>\n<\/ul>\n<p>Skupina je nastala leta 1999 kot tri\u010dlanska zasedba, leta 2004 pa se jim je pridru\u017eil \u0161e basist, kar je privedlo do nastanka kvarteta, ki neprekinjeno deluje v isti zasedbi. <strong>Njihova glasba je me\u0161anica rocka, bluesa in jazza, z elementi progresivnega rocka. <\/strong>Vendar pa je zaradi njihovega vztrajanja pri iskanju lastnega zvoka in sloga \u017eanrska opredelitev te\u017eko dolo\u010dljiva.<\/p>\n<p><strong>Matej Magajne<\/strong>, kitarist skupine, je s svojo edinstveno tehniko igranja na levo obrnjeno kitaro s strunami za desni\u010darje, pomembno prispeval k zna\u010dilnemu zvoku skupine. <strong>Milo\u0161 Leban<\/strong>, mojster klaviatur, z uporabo Hammond in Rhodes in\u0161trumentov, dodaja bogate in tople tone, ki so za\u0161\u010ditni znak njihove glasbe. <strong>Andrej Maver<\/strong> na bobnih skrbi za ritmi\u010dno osnovo, ki je polna dinamike in energije, medtem ko <strong>Andrej Klav\u017ear<\/strong> z bas kitaro dodaja globino in harmonijo, ki povezuje celotno zvo\u010dno sliko.<\/p>\n<p>&nbsp;<\/p>\n<p><strong>Skupina Feedback<\/strong> se je skozi leta razvila v prepoznavno ime na slovenski glasbeni sceni, znano po svoji unikatni kombinaciji jazz, rock in blues glasbe. Njihov pristop k ustvarjanju glasbe temelji na uporabi vintage opreme in in\u0161trumentov iz sedemdesetih let, kar jim omogo\u010da, da ustvarijo avtenti\u010den in nostalgi\u010den zvok, ki povezuje razli\u010dne glasbene ere.<\/p>\n<p><strong>V \u010detrt stoletja delovanja so izdali pet studijskih albumov, se pojavili na enajstih kompilacijah in izdali DVD.<\/strong> Njihova zadnja plo\u0161\u010da, ki so jo posneli v lastnem preverjenem prostoru, prina\u0161a sve\u017ee ideje in zvoke, ki so tako zna\u010dilni za skupino Feedback.<\/p>\n<p><strong>Diskografija:<\/strong><\/p>\n<ul>\n<li>5 studijskih albumov<\/li>\n<li>11 kompilacij<\/li>\n<li>1 DVD<\/li>\n<\/ul>\n<p>&nbsp;<\/p>\n<p>Njihova glasba temelji na improvizaciji in izra\u017eanju \u010dustev, kar daje skladbam razgibanost in edinstvenost. Na odrih po Sloveniji in v tujini (predvsem v klubih in na festivalih) so se uveljavili kot izjemni glasbeniki, katerih koncerti so vedno posebna do\u017eivetja. <strong>Skupina Feedback<\/strong> tako ru\u0161i meje \u010dasa in prostora, povezujejo se z razli\u010dnimi doma\u010dimi in tujimi avtorji ter producenti, s \u010dimer dopolnjujejo slovenski in mednarodni glasbeni prostor. Njihova glasba je v celoti avtorska, kar spodbuja slovenske izvajalce alternativnih glasbenih zvrsti, da vztrajajo na svoji poti.<\/p>","protected":false},"excerpt":{"rendered":"<p>&nbsp; Skupina Feedback: 25 let avtorske instrumentalne glasbe &nbsp; &nbsp; Skupina Feedback je v slovenskem glasbenem prostoru \u017ee 25 let sinonim za edinstveno avtorsko instrumentalno jazz\/rock glasbo. S svojim vintage zvokom, opremo iz sedemdesetih let prej\u0161njega stoletja in posebno miselnostjo, ki zdru\u017euje preteklost in sedanjost, so ustvarili prepoznaven glasbeni izraz. \u010clani skupine Feedback: Matej Magajne [&hellip;]<\/p>","protected":false},"author":11,"featured_media":87630,"template":"","meta":{"_seopress_robots_primary_cat":"none","_seopress_titles_title":"","_seopress_titles_desc":"","_seopress_robots_index":""},"product_brand":[],"product_cat":[230],"product_tag":[222],"class_list":{"0":"post-87629","1":"product","2":"type-product","3":"status-publish","4":"has-post-thumbnail","6":"product_cat-arhiv","7":"product_tag-predprodaja","9":"entry","10":"has-media","12":"first","13":"instock","14":"virtual","15":"taxable","16":"product-type-simple","17":"has-product-nav","18":"col","19":"span_1_of_4","20":"owp-content-center","21":"item-entry","22":"owp-thumbs-layout-horizontal","23":"owp-btn-normal","24":"owp-tabs-layout-section","25":"has-no-thumbnails"},"publishpress_future_action":{"enabled":false,"date":"2026-05-02 10:34:33","action":"change-status","newStatus":"draft","terms":[],"taxonomy":"product_cat","extraData":[]},"publishpress_future_workflow_manual_trigger":{"enabledWorkflows":[]},"_links":{"self":[{"href":"https:\/\/www.orto-bar.com\/en\/wp-json\/wp\/v2\/product\/87629","targetHints":{"allow":["GET"]}}],"collection":[{"href":"https:\/\/www.orto-bar.com\/en\/wp-json\/wp\/v2\/product"}],"about":[{"href":"https:\/\/www.orto-bar.com\/en\/wp-json\/wp\/v2\/types\/product"}],"author":[{"embeddable":true,"href":"https:\/\/www.orto-bar.com\/en\/wp-json\/wp\/v2\/users\/11"}],"version-history":[{"count":0,"href":"https:\/\/www.orto-bar.com\/en\/wp-json\/wp\/v2\/product\/87629\/revisions"}],"wp:featuredmedia":[{"embeddable":true,"href":"https:\/\/www.orto-bar.com\/en\/wp-json\/wp\/v2\/media\/87630"}],"wp:attachment":[{"href":"https:\/\/www.orto-bar.com\/en\/wp-json\/wp\/v2\/media?parent=87629"}],"wp:term":[{"taxonomy":"product_brand","embeddable":true,"href":"https:\/\/www.orto-bar.com\/en\/wp-json\/wp\/v2\/product_brand?post=87629"},{"taxonomy":"product_cat","embeddable":true,"href":"https:\/\/www.orto-bar.com\/en\/wp-json\/wp\/v2\/product_cat?post=87629"},{"taxonomy":"product_tag","embeddable":true,"href":"https:\/\/www.orto-bar.com\/en\/wp-json\/wp\/v2\/product_tag?post=87629"}],"curies":[{"name":"wp","href":"https:\/\/api.w.org\/{rel}","templated":true}]}}