{"id":87738,"date":"2024-12-23T20:52:25","date_gmt":"2024-12-23T19:52:25","guid":{"rendered":"https:\/\/www.orto-bar.com\/?post_type=product&#038;p=87738"},"modified":"2025-04-11T01:00:46","modified_gmt":"2025-04-10T23:00:46","slug":"orto-fest-2025-koala-voice","status":"publish","type":"product","link":"https:\/\/www.orto-bar.com\/en\/dogodki\/arhiv\/orto-fest-2025-koala-voice\/","title":{"rendered":"Orto Fest 2025- Koala Voice"},"content":{"rendered":"<p>&nbsp;<\/p>\n<p><strong>Koala Voice<\/strong> nam s tokratnim pohodom po slovenskih odrih prina\u0161ajo \u017ee <strong>5. <\/strong>studijski album<strong> &#8211; Auf Wiedersehen. <\/strong>V obliki singlov, obogatenih z videi, so nam do sedaj predstavili skladbe <strong>Sonce Pomaran\u010da, Vest,<\/strong> <strong>Tebe Imam Raj\u0161i Od Drugih<\/strong>,<strong>The<\/strong> <strong>Bigger The City<\/strong> in <strong>Late For The Party<\/strong>. Ob spremljavi njihove \u017emohtne odrske prezence in nalezljivih kitarskih riffov pa lahko poleg \u017ee ute\u010denih komadov iz prej\u0161njih albumov kot so <strong>Go disco go,<\/strong> <strong>Wild dancer <\/strong>(Kangaroo\u2019s a neighbour &#8211; 2015), <strong>Sierra,<\/strong> <strong>Vede Premikanja <\/strong>(Wolkenfabrik &#8211; 2017), <strong>Ker tu je vse tako lepo<\/strong> (Woo Horsie &#8211; 2018), <strong>Vertigo, Spaghettification <\/strong>in <strong>Vukovi <\/strong>(Plata \u2013 2021), pri\u010dakujete nove komade v \u017eanrski me\u0161anici indie-rocka, punk-popa in disca. <strong>Koala Voice <\/strong>za vas <strong>11.4.2025<\/strong> na <strong>Orto festu 2025. <\/strong>Se vidimo!<\/p>\n<p>Njihova muzikalnost in o\u010darljivost jim je pridobila tudi mesto predskupine pred legendarnimi Pixies v ljubljanskih Kri\u017eankah, svojo publiko pa lovijo tudi po ve\u010djih evropskih festivalih, kot so Liverpool Sound City, Tallinn Music Week, Bush Budapest, Pohoda, Monkey Week, Exit, Inmusic in drugi.<\/p>\n<p>Koala Voice so Domen Don Holc, Manca Trampu\u0161, Miha Pra\u0161nikar in Tilen Pra\u0161nikar.<\/p>\n<p><strong>Diskografija:<\/strong><\/p>\n<p><a href=\"https:\/\/koalavoice.bandcamp.com\/album\/kangaroos-a-neighbour\">Kangaroo\u2019s a Neighbour (2015)<\/a><\/p>\n<p><a href=\"https:\/\/koalavoice.bandcamp.com\/album\/wolkenfabrik\">Wolkenfabrik (2017)<\/a><\/p>\n<p>Iz\u0161tekani: Koala Voice (2018) \u2013 live album<\/p>\n<p><a href=\"https:\/\/koalavoice.bandcamp.com\/album\/woo-horsie\">Woo Horsie (2018)<\/a><\/p>\n<p><a href=\"https:\/\/koalavoice.bandcamp.com\/album\/plata\">Plata (2021)<\/a><\/p>\n<p>Auf Wiedersehen (2024)<\/p>\n<p>&nbsp;<\/p>\n<p>&nbsp;<\/p>","protected":false},"excerpt":{"rendered":"<p>&nbsp; Koala Voice nam s tokratnim pohodom po slovenskih odrih prina\u0161ajo \u017ee 5. studijski album &#8211; Auf Wiedersehen. V obliki singlov, obogatenih z videi, so nam do sedaj predstavili skladbe Sonce Pomaran\u010da, Vest, Tebe Imam Raj\u0161i Od Drugih,The Bigger The City in Late For The Party. Ob spremljavi njihove \u017emohtne odrske prezence in nalezljivih kitarskih [&hellip;]<\/p>","protected":false},"author":11,"featured_media":87739,"template":"","meta":{"_seopress_robots_primary_cat":"none","_seopress_titles_title":"","_seopress_titles_desc":"","_seopress_robots_index":""},"product_brand":[],"product_cat":[230],"product_tag":[222],"class_list":{"0":"post-87738","1":"product","2":"type-product","3":"status-publish","4":"has-post-thumbnail","6":"product_cat-arhiv","7":"product_tag-predprodaja","9":"entry","10":"has-media","12":"first","13":"outofstock","14":"virtual","15":"taxable","16":"product-type-simple","17":"has-product-nav","18":"col","19":"span_1_of_4","20":"owp-content-center","21":"item-entry","22":"owp-thumbs-layout-horizontal","23":"owp-btn-normal","24":"owp-tabs-layout-section","25":"has-no-thumbnails"},"publishpress_future_action":{"enabled":false,"date":"2026-05-10 18:17:25","action":"change-status","newStatus":"draft","terms":[],"taxonomy":"product_cat","extraData":[]},"publishpress_future_workflow_manual_trigger":{"enabledWorkflows":[]},"_links":{"self":[{"href":"https:\/\/www.orto-bar.com\/en\/wp-json\/wp\/v2\/product\/87738","targetHints":{"allow":["GET"]}}],"collection":[{"href":"https:\/\/www.orto-bar.com\/en\/wp-json\/wp\/v2\/product"}],"about":[{"href":"https:\/\/www.orto-bar.com\/en\/wp-json\/wp\/v2\/types\/product"}],"author":[{"embeddable":true,"href":"https:\/\/www.orto-bar.com\/en\/wp-json\/wp\/v2\/users\/11"}],"version-history":[{"count":0,"href":"https:\/\/www.orto-bar.com\/en\/wp-json\/wp\/v2\/product\/87738\/revisions"}],"wp:featuredmedia":[{"embeddable":true,"href":"https:\/\/www.orto-bar.com\/en\/wp-json\/wp\/v2\/media\/87739"}],"wp:attachment":[{"href":"https:\/\/www.orto-bar.com\/en\/wp-json\/wp\/v2\/media?parent=87738"}],"wp:term":[{"taxonomy":"product_brand","embeddable":true,"href":"https:\/\/www.orto-bar.com\/en\/wp-json\/wp\/v2\/product_brand?post=87738"},{"taxonomy":"product_cat","embeddable":true,"href":"https:\/\/www.orto-bar.com\/en\/wp-json\/wp\/v2\/product_cat?post=87738"},{"taxonomy":"product_tag","embeddable":true,"href":"https:\/\/www.orto-bar.com\/en\/wp-json\/wp\/v2\/product_tag?post=87738"}],"curies":[{"name":"wp","href":"https:\/\/api.w.org\/{rel}","templated":true}]}}