{"id":87764,"date":"2024-12-23T21:21:49","date_gmt":"2024-12-23T20:21:49","guid":{"rendered":"https:\/\/www.orto-bar.com\/?post_type=product&#038;p=87764"},"modified":"2025-04-17T19:53:57","modified_gmt":"2025-04-17T17:53:57","slug":"orto-fest-2025-crvena-jabuka","status":"publish","type":"product","link":"https:\/\/www.orto-bar.com\/en\/dogodki\/arhiv\/orto-fest-2025-crvena-jabuka\/","title":{"rendered":"Orto Fest 2025 &#8211; Crvena Jabuka"},"content":{"rendered":"<p>&nbsp;<\/p>\n<div class=\"av-special-heading av-special-heading-h1 custom-color-heading blockquote modern-quote avia-builder-el-8 el_before_av_hr avia-builder-el-first av-thin-font av-inherit-size\">\n<h1 class=\"av-special-heading-tag\"><strong>CRVENA JABUKA<\/strong><\/h1>\n<\/div>\n<div class=\"hr hr-invisible avia-builder-el-9 el_after_av_heading el_before_av_textblock\"><\/div>\n<section class=\"av_textblock_section\">\n<div class=\"avia_textblock\">\n<p>CRVENA JABUKA je pop rock skupina s Sarajeva. Ustanovila se je leta 1985.<\/p>\n<p>\u010cez leta delovanja so se \u010dlani skupine menjavali. Edini \u010dlan, ki je v skupini od za\u010detka do danes, je Dra\u017een \u017deri\u0107. Skupina Crvena jabuka je priljubljena \u0161e danes. \u010clani skupine:<\/p>\n<p>Dra\u017een \u017deri\u0107-\u017dera<\/p>\n<p>Kre\u0161imir Ka\u0161telan (bass)<\/p>\n<p>Adrian Bori\u0107 (bobni)<\/p>\n<p>Stjepan \u0160ari\u0107 (klavijatura)<\/p>\n<p>Dario Duvnjak (kitara)<\/p>\n<p>Najve\u010dji hiti:\u00a0\u00a0Ima ne\u0161to od srca do srca, Volio bih da si tu, Nekako s prolje\u0107a, Sa tvojih usana, Uzmi me (Kad ho\u0107e\u0161 ti), Tugo, nesre\u0107o, Tamo gdje ljubav po\u010dinje, Sti\u017eu me sje\u0107anja, Tvoga srca vrata, To mi radi\u2026<\/p>\n<\/div>\n<\/section>","protected":false},"excerpt":{"rendered":"<p>&nbsp; CRVENA JABUKA CRVENA JABUKA je pop rock skupina s Sarajeva. Ustanovila se je leta 1985. \u010cez leta delovanja so se \u010dlani skupine menjavali. Edini \u010dlan, ki je v skupini od za\u010detka do danes, je Dra\u017een \u017deri\u0107. Skupina Crvena jabuka je priljubljena \u0161e danes. \u010clani skupine: Dra\u017een \u017deri\u0107-\u017dera Kre\u0161imir Ka\u0161telan (bass) Adrian Bori\u0107 (bobni) Stjepan [&hellip;]<\/p>","protected":false},"author":11,"featured_media":89397,"template":"","meta":{"_seopress_robots_primary_cat":"none","_seopress_titles_title":"","_seopress_titles_desc":"","_seopress_robots_index":""},"product_brand":[],"product_cat":[230],"product_tag":[222],"class_list":{"0":"post-87764","1":"product","2":"type-product","3":"status-publish","4":"has-post-thumbnail","6":"product_cat-arhiv","7":"product_tag-predprodaja","9":"entry","10":"has-media","12":"first","13":"instock","14":"virtual","15":"taxable","16":"product-type-simple","17":"has-product-nav","18":"col","19":"span_1_of_4","20":"owp-content-center","21":"item-entry","22":"owp-thumbs-layout-horizontal","23":"owp-btn-normal","24":"owp-tabs-layout-section","25":"has-no-thumbnails"},"publishpress_future_action":{"enabled":false,"date":"2026-04-30 15:31:32","action":"change-status","newStatus":"draft","terms":[],"taxonomy":"product_cat","extraData":[]},"publishpress_future_workflow_manual_trigger":{"enabledWorkflows":[]},"_links":{"self":[{"href":"https:\/\/www.orto-bar.com\/en\/wp-json\/wp\/v2\/product\/87764","targetHints":{"allow":["GET"]}}],"collection":[{"href":"https:\/\/www.orto-bar.com\/en\/wp-json\/wp\/v2\/product"}],"about":[{"href":"https:\/\/www.orto-bar.com\/en\/wp-json\/wp\/v2\/types\/product"}],"author":[{"embeddable":true,"href":"https:\/\/www.orto-bar.com\/en\/wp-json\/wp\/v2\/users\/11"}],"version-history":[{"count":0,"href":"https:\/\/www.orto-bar.com\/en\/wp-json\/wp\/v2\/product\/87764\/revisions"}],"wp:featuredmedia":[{"embeddable":true,"href":"https:\/\/www.orto-bar.com\/en\/wp-json\/wp\/v2\/media\/89397"}],"wp:attachment":[{"href":"https:\/\/www.orto-bar.com\/en\/wp-json\/wp\/v2\/media?parent=87764"}],"wp:term":[{"taxonomy":"product_brand","embeddable":true,"href":"https:\/\/www.orto-bar.com\/en\/wp-json\/wp\/v2\/product_brand?post=87764"},{"taxonomy":"product_cat","embeddable":true,"href":"https:\/\/www.orto-bar.com\/en\/wp-json\/wp\/v2\/product_cat?post=87764"},{"taxonomy":"product_tag","embeddable":true,"href":"https:\/\/www.orto-bar.com\/en\/wp-json\/wp\/v2\/product_tag?post=87764"}],"curies":[{"name":"wp","href":"https:\/\/api.w.org\/{rel}","templated":true}]}}