{"id":87767,"date":"2024-12-23T21:29:49","date_gmt":"2024-12-23T20:29:49","guid":{"rendered":"https:\/\/www.orto-bar.com\/?post_type=product&#038;p=87767"},"modified":"2025-04-04T19:49:52","modified_gmt":"2025-04-04T17:49:52","slug":"orto-fest-2025-hamo-tribute-2-love","status":"publish","type":"product","link":"https:\/\/www.orto-bar.com\/en\/dogodki\/arhiv\/orto-fest-2025-hamo-tribute-2-love\/","title":{"rendered":"Orto Fest 2025 &#8211; Hamo &#038; Tribute 2 Love"},"content":{"rendered":"<p>&nbsp;<\/p>\n<div class=\"av-special-heading av-special-heading-h1 custom-color-heading blockquote modern-quote avia-builder-el-8 el_before_av_hr avia-builder-el-first av-thin-font av-inherit-size\">Hamo &amp; Tribute 2 love &#8211; Elektrika<\/div>\n<div><\/div>\n<div><\/div>\n<div><\/div>\n<div class=\"av-special-heading av-special-heading-h1 custom-color-heading blockquote modern-quote avia-builder-el-8 el_before_av_hr avia-builder-el-first av-thin-font av-inherit-size\">Koncerti Hamo &amp; Tribute 2 Love so vedno poslastica za glasbene bluz rock sladokusce.<br \/>\nPetdeset koncertov na leto, \u017ee skoraj polnoletni sta\u017e, v katerem skoraj ni dvorane, ki je nebi razprodali in nasmejali. To so izku\u0161nje, ki jih premorejo le redki doma\u010di izvajalci.<br \/>\nPreplet ne\u017enosti, porednosti, \u0161aljivosti in resnosti je z leti postala njihova znamka, ki na vsakem koncertu dobi nov pe\u010dat kvalitete. Koncert za tiste z okusom.<br \/>\nSli\u0161ali boste stare in nove uspe\u0161nice, vmes pa kak\u0161no, ki ste jo poznali, pa morda niste vedeli da je njihova, saj so kot ekipa podpisani pod skoraj tromestno \u0161tevilo pesmi, \u0161est studijskih albumov, \u0161tiri vinike, Hamo in ostali soborci, pa vsako leto poskrbijo za kopico sodelovanj in projektov s kolegi in kolegicami iz drugih glasbenih kolektivov.<br \/>\n\u010ce boste na koncertu prvi\u010d ali pa petdeseti\u010d, boste prav ta koncert sli\u0161ali prvi\u010d, ker je vsak njihov koncert povsem druga\u010den.<\/div>\n<div><\/div>\n<div class=\"av-special-heading av-special-heading-h1 custom-color-heading blockquote modern-quote avia-builder-el-8 el_before_av_hr avia-builder-el-first av-thin-font av-inherit-size\">Zasedba<br \/>\nMatev\u017e \u0160alehar Hamo &#8211; Vokal\/Kitara<br \/>\nPeter Dekleva &#8211; Spremljevalni vokal\/Kitara in vsi njeni derivati<br \/>\nDenis Horvat Duki &#8211; Spremljevalni vokal\/Hammond orgle\/Klavir\/Rhodes\/Tipke\/V\u010dasih celo harmonika<br \/>\nUro\u0161 \u0160kerl Kramberger Hipi &#8211; Spremljevalni vokal\/Bas kitara<br \/>\nMartin Jane\u017ei\u010d Buco &#8211; Bobni\/Tolkala\/Vip<\/div>\n<section class=\"av_textblock_section\">\n<div class=\"avia_textblock\">\n<p>&nbsp;<\/p>\n<\/div>\n<\/section>","protected":false},"excerpt":{"rendered":"<p>&nbsp; Hamo &amp; Tribute 2 love &#8211; Elektrika Koncerti Hamo &amp; Tribute 2 Love so vedno poslastica za glasbene bluz rock sladokusce. Petdeset koncertov na leto, \u017ee skoraj polnoletni sta\u017e, v katerem skoraj ni dvorane, ki je nebi razprodali in nasmejali. To so izku\u0161nje, ki jih premorejo le redki doma\u010di izvajalci. Preplet ne\u017enosti, porednosti, \u0161aljivosti [&hellip;]<\/p>","protected":false},"author":11,"featured_media":87769,"template":"","meta":{"_seopress_robots_primary_cat":"none","_seopress_titles_title":"","_seopress_titles_desc":"","_seopress_robots_index":""},"product_brand":[],"product_cat":[230],"product_tag":[222],"class_list":{"0":"post-87767","1":"product","2":"type-product","3":"status-publish","4":"has-post-thumbnail","6":"product_cat-arhiv","7":"product_tag-predprodaja","9":"entry","10":"has-media","12":"first","13":"instock","14":"virtual","15":"taxable","16":"product-type-simple","17":"has-product-nav","18":"col","19":"span_1_of_4","20":"owp-content-center","21":"item-entry","22":"owp-thumbs-layout-horizontal","23":"owp-btn-normal","24":"owp-tabs-layout-section","25":"has-no-thumbnails"},"publishpress_future_action":{"enabled":false,"date":"2026-04-27 22:19:17","action":"change-status","newStatus":"draft","terms":[],"taxonomy":"product_cat","extraData":[]},"publishpress_future_workflow_manual_trigger":{"enabledWorkflows":[]},"_links":{"self":[{"href":"https:\/\/www.orto-bar.com\/en\/wp-json\/wp\/v2\/product\/87767","targetHints":{"allow":["GET"]}}],"collection":[{"href":"https:\/\/www.orto-bar.com\/en\/wp-json\/wp\/v2\/product"}],"about":[{"href":"https:\/\/www.orto-bar.com\/en\/wp-json\/wp\/v2\/types\/product"}],"author":[{"embeddable":true,"href":"https:\/\/www.orto-bar.com\/en\/wp-json\/wp\/v2\/users\/11"}],"version-history":[{"count":0,"href":"https:\/\/www.orto-bar.com\/en\/wp-json\/wp\/v2\/product\/87767\/revisions"}],"wp:featuredmedia":[{"embeddable":true,"href":"https:\/\/www.orto-bar.com\/en\/wp-json\/wp\/v2\/media\/87769"}],"wp:attachment":[{"href":"https:\/\/www.orto-bar.com\/en\/wp-json\/wp\/v2\/media?parent=87767"}],"wp:term":[{"taxonomy":"product_brand","embeddable":true,"href":"https:\/\/www.orto-bar.com\/en\/wp-json\/wp\/v2\/product_brand?post=87767"},{"taxonomy":"product_cat","embeddable":true,"href":"https:\/\/www.orto-bar.com\/en\/wp-json\/wp\/v2\/product_cat?post=87767"},{"taxonomy":"product_tag","embeddable":true,"href":"https:\/\/www.orto-bar.com\/en\/wp-json\/wp\/v2\/product_tag?post=87767"}],"curies":[{"name":"wp","href":"https:\/\/api.w.org\/{rel}","templated":true}]}}