{"id":88538,"date":"2024-12-30T20:51:45","date_gmt":"2024-12-30T19:51:45","guid":{"rendered":"https:\/\/www.orto-bar.com\/?post_type=product&#038;p=88538"},"modified":"2025-04-21T17:52:42","modified_gmt":"2025-04-21T15:52:42","slug":"orto-fest-2025-jet-black-diamonds","status":"publish","type":"product","link":"https:\/\/www.orto-bar.com\/en\/dogodki\/arhiv\/orto-fest-2025-jet-black-diamonds\/","title":{"rendered":"Orto Fest 2025 &#8211; Jet Black Diamonds"},"content":{"rendered":"<p>&nbsp;<\/p>\n<div class=\"av-special-heading av-special-heading-h1 custom-color-heading blockquote modern-quote avia-builder-el-8 el_before_av_hr avia-builder-el-first av-thin-font av-inherit-size\">\n<p>Zasedba izhaja iz Vipavske doline, sestavlja jo pet mladeni\u010dev, ki jih povezujeta mladostna energija in ljubezen do ustvarjanja avtorske glasbe. Na slovensko glasbeno sceno jih je izstrelila skladba Retro Anorak, ki so jo izdali\u00a0leta 2021. Sledila je nominacija za priznanje Zlata pi\u0161\u010dal za novince leta. Od takrat so nanizali lep \u0161opek skladb, ki se mno\u017ei\u010dno predvajajo na radijskih postajah.\u00a0Aprila 2024 so svoj dolgometra\u017eni album Sladki problemi predstavili v razprodanem Kinu \u0160i\u0161ka in na kasnej\u0161ih koncertih po vsej Sloveniji.<\/p>\n<p>Na Ortofest\u00a0se vra\u010dajo po dveh letih, obljubljajo pa energi\u010den koncert, podkrepljen s\u00a0\u0161e neizdanimi skladbami, ki bodo krojile njihovo nadaljnjo pot.<\/p>\n<p>&nbsp;<\/p>\n<\/div>\n<section class=\"av_textblock_section\">\n<div class=\"avia_textblock\">\n<p>&nbsp;<\/p>\n<\/div>\n<\/section>","protected":false},"excerpt":{"rendered":"<p>&nbsp; Zasedba izhaja iz Vipavske doline, sestavlja jo pet mladeni\u010dev, ki jih povezujeta mladostna energija in ljubezen do ustvarjanja avtorske glasbe. Na slovensko glasbeno sceno jih je izstrelila skladba Retro Anorak, ki so jo izdali\u00a0leta 2021. Sledila je nominacija za priznanje Zlata pi\u0161\u010dal za novince leta. Od takrat so nanizali lep \u0161opek skladb, ki se [&hellip;]<\/p>","protected":false},"author":11,"featured_media":88540,"template":"","meta":{"_seopress_robots_primary_cat":"none","_seopress_titles_title":"","_seopress_titles_desc":"","_seopress_robots_index":""},"product_brand":[],"product_cat":[230],"product_tag":[222],"class_list":{"0":"post-88538","1":"product","2":"type-product","3":"status-publish","4":"has-post-thumbnail","6":"product_cat-arhiv","7":"product_tag-predprodaja","9":"entry","10":"has-media","12":"first","13":"instock","14":"virtual","15":"taxable","16":"product-type-simple","17":"has-product-nav","18":"col","19":"span_1_of_4","20":"owp-content-center","21":"item-entry","22":"owp-thumbs-layout-horizontal","23":"owp-btn-normal","24":"owp-tabs-layout-section","25":"has-no-thumbnails"},"publishpress_future_action":{"enabled":false,"date":"2026-04-29 12:20:24","action":"change-status","newStatus":"draft","terms":[],"taxonomy":"product_cat","extraData":[]},"publishpress_future_workflow_manual_trigger":{"enabledWorkflows":[]},"_links":{"self":[{"href":"https:\/\/www.orto-bar.com\/en\/wp-json\/wp\/v2\/product\/88538","targetHints":{"allow":["GET"]}}],"collection":[{"href":"https:\/\/www.orto-bar.com\/en\/wp-json\/wp\/v2\/product"}],"about":[{"href":"https:\/\/www.orto-bar.com\/en\/wp-json\/wp\/v2\/types\/product"}],"author":[{"embeddable":true,"href":"https:\/\/www.orto-bar.com\/en\/wp-json\/wp\/v2\/users\/11"}],"version-history":[{"count":0,"href":"https:\/\/www.orto-bar.com\/en\/wp-json\/wp\/v2\/product\/88538\/revisions"}],"wp:featuredmedia":[{"embeddable":true,"href":"https:\/\/www.orto-bar.com\/en\/wp-json\/wp\/v2\/media\/88540"}],"wp:attachment":[{"href":"https:\/\/www.orto-bar.com\/en\/wp-json\/wp\/v2\/media?parent=88538"}],"wp:term":[{"taxonomy":"product_brand","embeddable":true,"href":"https:\/\/www.orto-bar.com\/en\/wp-json\/wp\/v2\/product_brand?post=88538"},{"taxonomy":"product_cat","embeddable":true,"href":"https:\/\/www.orto-bar.com\/en\/wp-json\/wp\/v2\/product_cat?post=88538"},{"taxonomy":"product_tag","embeddable":true,"href":"https:\/\/www.orto-bar.com\/en\/wp-json\/wp\/v2\/product_tag?post=88538"}],"curies":[{"name":"wp","href":"https:\/\/api.w.org\/{rel}","templated":true}]}}