{"id":88739,"date":"2025-01-06T19:25:23","date_gmt":"2025-01-06T18:25:23","guid":{"rendered":"https:\/\/www.orto-bar.com\/?post_type=product&#038;p=88739"},"modified":"2025-04-02T01:00:33","modified_gmt":"2025-04-01T23:00:33","slug":"orto-fest-2025-alostari-doko","status":"publish","type":"product","link":"https:\/\/www.orto-bar.com\/en\/dogodki\/arhiv\/orto-fest-2025-alostari-doko\/","title":{"rendered":"Orto Fest 2025 &#8211; Alo!Stari ,\u0110oko"},"content":{"rendered":"<p>&nbsp;<\/p>\n<div class=\"av-special-heading av-special-heading-h1 custom-color-heading blockquote modern-quote avia-builder-el-8 el_before_av_hr avia-builder-el-first av-thin-font av-inherit-size\">\n<p>Alo!Stari &amp; \u0110oko<\/p>\n<p>&nbsp;<\/p>\n<p>Alo!Stari je slovenska punk rock skupina iz Maribora, ustanovljena leta 2019. Njihova glasba je pre\u017eeta z energijo skate punka iz devetdesetih let, besedila pa so v mariborskem nare\u010dju, kar jim daje edinstven pe\u010dat. \u010clani skupine so Tine Matja\u0161i\u010d (glavni vokal), Matic Mlakar (kitara), Jernej Mete\u017e (kitara), Matej Kosma\u010din (bas kitara) in Toma\u017e Medvar (bobni). Vsi so izku\u0161eni glasbeniki, ki so prej igrali v zasedbah, kot so Trash Candy, Happy ol&#8217;Mc Weasel, Low Value, Multiball in Burning Legion. Leta 2021 so izdali prvenec \u00bbPa kaj te s tao je?\u00ab, marca lani pa \u0161e drugi album \u00bbSem prii, ni\u010d ti neom!\u00ab Njihove pesmi, kot so \u00bbNea vem kam\u00ab, \u00bbStar\u00ab in \u00bbAlo, stari!\u00ab, so priljubljene med poslu\u0161alci, znani pa so tudi po energi\u010dnih nastopih v \u017eivo.<\/p>\n<p>***<\/p>\n<p>\u0110oko so new wave\/synthpop bend iz Maribora. Inspiracijo\u00a0c\u030crpajo iz glasbe new wave bendov iz 80ih in 90ih (kot so The Cure, Idoli, New Order, itd). Zvok, ki je roz\u030cnato obarvan, dopolnjujejo z melodic\u030cnimi sintisajzeri, elektronskimi bobni, melanholic\u030cnimi besedili in kitarami.<\/p>\n<p>Leta 2022 so izdali svoj prvi single, ki je dal pobudo ljudem, da prisluhnejo komadu in si nadenejo &#8216;Puli&#8217;. Z drugim komadom so popeljali poslus\u030calce do &#8216;Blok-a 22&#8217;. Komad, ki je konec septembra 2022 postal popevka tedna na Valu 202 in se ob enem znas\u030cel v celovec\u030cernem filmu &#8216;Kaj pa Ester&#8217;.<\/p>\n<p>Skupina je 13. Maja 2024 izdala svoj prvenec z naslovom &#8216;To ti vrac\u030cam, tvoje je&#8217;, ki je bil imenovan kot &#8216;album leta&#8217; s strani poslu\u0161alcev Radia Terminal.<\/p>\n<p>Skupina se je uspela predstaviti v kultnih dvoranah kot so MC Pekarna, Klub Gromka, Gala Hala ter na velikem odru Kina\u00a0S\u030cis\u030cka in na Jutranjem koncertu pri Andreju, na Valu 202.<\/p>\n<\/div>\n<section class=\"av_textblock_section\">\n<div class=\"avia_textblock\">\n<p>&nbsp;<\/p>\n<\/div>\n<\/section>","protected":false},"excerpt":{"rendered":"<p>&nbsp; Alo!Stari &amp; \u0110oko &nbsp; Alo!Stari je slovenska punk rock skupina iz Maribora, ustanovljena leta 2019. Njihova glasba je pre\u017eeta z energijo skate punka iz devetdesetih let, besedila pa so v mariborskem nare\u010dju, kar jim daje edinstven pe\u010dat. \u010clani skupine so Tine Matja\u0161i\u010d (glavni vokal), Matic Mlakar (kitara), Jernej Mete\u017e (kitara), Matej Kosma\u010din (bas kitara) [&hellip;]<\/p>","protected":false},"author":11,"featured_media":88889,"template":"","meta":{"_seopress_robots_primary_cat":"none","_seopress_titles_title":"","_seopress_titles_desc":"","_seopress_robots_index":""},"product_brand":[],"product_cat":[230],"product_tag":[222],"class_list":{"0":"post-88739","1":"product","2":"type-product","3":"status-publish","4":"has-post-thumbnail","6":"product_cat-arhiv","7":"product_tag-predprodaja","9":"entry","10":"has-media","12":"first","13":"outofstock","14":"virtual","15":"taxable","16":"product-type-simple","17":"has-product-nav","18":"col","19":"span_1_of_4","20":"owp-content-center","21":"item-entry","22":"owp-thumbs-layout-horizontal","23":"owp-btn-normal","24":"owp-tabs-layout-section","25":"has-no-thumbnails"},"publishpress_future_action":{"enabled":false,"date":"2026-05-04 18:06:18","action":"change-status","newStatus":"draft","terms":[],"taxonomy":"product_cat","extraData":[]},"publishpress_future_workflow_manual_trigger":{"enabledWorkflows":[]},"_links":{"self":[{"href":"https:\/\/www.orto-bar.com\/en\/wp-json\/wp\/v2\/product\/88739","targetHints":{"allow":["GET"]}}],"collection":[{"href":"https:\/\/www.orto-bar.com\/en\/wp-json\/wp\/v2\/product"}],"about":[{"href":"https:\/\/www.orto-bar.com\/en\/wp-json\/wp\/v2\/types\/product"}],"author":[{"embeddable":true,"href":"https:\/\/www.orto-bar.com\/en\/wp-json\/wp\/v2\/users\/11"}],"version-history":[{"count":0,"href":"https:\/\/www.orto-bar.com\/en\/wp-json\/wp\/v2\/product\/88739\/revisions"}],"wp:featuredmedia":[{"embeddable":true,"href":"https:\/\/www.orto-bar.com\/en\/wp-json\/wp\/v2\/media\/88889"}],"wp:attachment":[{"href":"https:\/\/www.orto-bar.com\/en\/wp-json\/wp\/v2\/media?parent=88739"}],"wp:term":[{"taxonomy":"product_brand","embeddable":true,"href":"https:\/\/www.orto-bar.com\/en\/wp-json\/wp\/v2\/product_brand?post=88739"},{"taxonomy":"product_cat","embeddable":true,"href":"https:\/\/www.orto-bar.com\/en\/wp-json\/wp\/v2\/product_cat?post=88739"},{"taxonomy":"product_tag","embeddable":true,"href":"https:\/\/www.orto-bar.com\/en\/wp-json\/wp\/v2\/product_tag?post=88739"}],"curies":[{"name":"wp","href":"https:\/\/api.w.org\/{rel}","templated":true}]}}