{"id":88742,"date":"2025-01-06T19:32:00","date_gmt":"2025-01-06T18:32:00","guid":{"rendered":"https:\/\/www.orto-bar.com\/?post_type=product&#038;p=88742"},"modified":"2025-04-01T19:20:28","modified_gmt":"2025-04-01T17:20:28","slug":"orto-fest-2025-romachild","status":"publish","type":"product","link":"https:\/\/www.orto-bar.com\/en\/dogodki\/arhiv\/orto-fest-2025-romachild\/","title":{"rendered":"Orto Fest 2025 &#8211; Romachild"},"content":{"rendered":"<p>&nbsp;<\/p>\n<div class=\"av-special-heading av-special-heading-h1 custom-color-heading blockquote modern-quote avia-builder-el-8 el_before_av_hr avia-builder-el-first av-thin-font av-inherit-size\"><\/div>\n<section class=\"av_textblock_section\">\n<div class=\"avia_textblock\">\n<p>ROMACHILD<\/p>\n<p>&nbsp;<\/p>\n<p>Superduet Romachild je oktobra pred polno veliko dvorano Kina \u0160i\u0161ka predstavil svoja prva dva albuma &#8216;Vse gre v eno&#8217; in G.O.A.T., kjer najdemo pred kratkim izdani single &#8216;Otroka v de\u017eju&#8217;, ki je nastal v sodelovanju s Tomijem M iz Siddharte, sli\u0161ali pa smo tudi skladbe iz EP-ja Matador. Prisotnim sta dokazala, da sta pripravljena za najve\u010dje odre, festivale in celo Las vegas. To bo njun drugi koncert na Ortofestu. Ujemi enega izmed njunih nepozabnih koncertov.<\/p>\n<p>&nbsp;<\/p>\n<p>Med vrhunci doma\u010de glasbe leta sta definitivno albuma \u2018Vse gre v eno\u2019 in \u2018G.O.A.T.\u2019 ter njun koncert Let\u2019s play v Kinu \u0160i\u0161ka. &#8211; Bo\u0161tjan Tu\u0161ek, 24ur<\/p>\n<p>&nbsp;<\/p>\n<p>Romachild sta v maniri velikih zvezd pokazala, \u010desa vsega so sposobni kitara, glas in bobni. Elementarno-prvinski \u201czid zvoka\u201d je brez ve\u010djih te\u017eav pobo\u017eal na\u0161a \u010dutila in nam dal vedeti, da sta Romachild pripravljena tudi za ve\u010dje tuje festivalske odre, ki jih bosta napadla v prihodnjem letu. &#8211; Bo\u0161tjan Tu\u0161ek<\/p>\n<p>&nbsp;<\/p>\n<p>Prvi album superdueta Romachild vas bo obsedel.\u00a0Albumski prvenec dueta prekaljenih slovenskih glasbenikov, \u0161e raje superglasbenikov, obenem tudi avtorja\/producenta in studijskega godca, ponudi vse, kar v tem trenutku sploh lahko ponudi najbolj\u0161a doma\u010da rockovska praksa. Niz avtorskih komadov navdu\u0161i z ve\u010d gledi\u0161\u010d. Napoj teh je izrazito energi\u010den, pripovedno izdatno pozitiven, bodrilen, motivacijski. &#8211; Matja\u017e Ambro\u017ei\u010d<\/p>\n<p>&nbsp;<\/p>\n<p>Druga izjemna lastnost dela Vse gre v\u00a0eno je vektor prej omenjenih dejavnikov: Romachild sta v svojem nagovoru izjemno u\u010dinkovita, torej kratka, hitra, ekspeditivna, mestoma tudi eksplozivna. To u\u010dinkovitost pa dosledno lo\u0161\u010di perfektno oblikovan zvokovni paravan. Ker duet Romachild sestoji iz kitarista, pevca, pisca songov in snemalnega entuziasta ter lastnika vrhunskega avdio studia, v zaledju Martina \u0160ibernika pa razgraja Roman Ratej \u2013 na\u0161 najbolj\u0161i bobnar, bobnar in vokalist z bogatimi mednarodnimi izku\u0161njami, tako iz pop kot tudi iz rock sfere \u2013 progresivna in zelo ostra zvo\u010dna slika albuma ni nikakr\u0161no presene\u010denje.<\/p>\n<p>Romachild prina\u0161ata nekaj specialnega, nekaj, kar vsa bo zbilo po tleh \u2013 pr\u00eajkosl\u00eaj. &#8211;\u00a0Matja\u017e Ambro\u017ei\u010d<\/p>\n<p>&nbsp;<\/p>\n<p>Romachild\u00a0je band, katerega fan sem postal zelo hitro, saj sta zapolnila neko\u00a0vrzel. Prava glasbena maherja. Sem po\u010da\u0161\u010den, da sem bil del te zgodbe. Sodelovanje je bilo brezskrbno. Na\u0161e poti se bodo zagotovo\u00a0\u0161e kri\u017eale.-\u00a0Tomi M, Siddharta<\/p>\n<p>&nbsp;<\/p>\n<p>Onadva sta raster meteorit, ki ima v sebi energijo, ki lahko napaja kontinent. In glasba je brezhibna.\u00a0&#8211; Lado Bizovi\u010dar<\/p>\n<p>&nbsp;<\/p>\n<p>Zame\u00a0en najbolj\u0161ih koncertov letos. Vrhunski komadi. Avtorja prepozna\u0161 na dale\u010d. To, da sta izdala albuma v sloven\u0161\u010dini in angle\u0161\u010dini, je edina prava pot. \u0160tikli imajo\u00a0blazno\u00a0velik potencial, tudi za tujino.\u00a0&#8211; Marcel \u0160tefan\u010di\u010d<\/p>\n<p>&nbsp;<\/p>\n<p>&nbsp;<\/p>\n<\/div>\n<\/section>","protected":false},"excerpt":{"rendered":"<p>&nbsp; ROMACHILD &nbsp; Superduet Romachild je oktobra pred polno veliko dvorano Kina \u0160i\u0161ka predstavil svoja prva dva albuma &#8216;Vse gre v eno&#8217; in G.O.A.T., kjer najdemo pred kratkim izdani single &#8216;Otroka v de\u017eju&#8217;, ki je nastal v sodelovanju s Tomijem M iz Siddharte, sli\u0161ali pa smo tudi skladbe iz EP-ja Matador. Prisotnim sta dokazala, da [&hellip;]<\/p>","protected":false},"author":11,"featured_media":88743,"template":"","meta":{"_seopress_robots_primary_cat":"none","_seopress_titles_title":"","_seopress_titles_desc":"","_seopress_robots_index":""},"product_brand":[],"product_cat":[230],"product_tag":[222],"class_list":{"0":"post-88742","1":"product","2":"type-product","3":"status-publish","4":"has-post-thumbnail","6":"product_cat-arhiv","7":"product_tag-predprodaja","9":"entry","10":"has-media","12":"first","13":"instock","14":"virtual","15":"taxable","16":"product-type-simple","17":"has-product-nav","18":"col","19":"span_1_of_4","20":"owp-content-center","21":"item-entry","22":"owp-thumbs-layout-horizontal","23":"owp-btn-normal","24":"owp-tabs-layout-section","25":"has-no-thumbnails"},"publishpress_future_action":{"enabled":false,"date":"2026-04-27 21:07:37","action":"change-status","newStatus":"draft","terms":[],"taxonomy":"product_cat","extraData":[]},"publishpress_future_workflow_manual_trigger":{"enabledWorkflows":[]},"_links":{"self":[{"href":"https:\/\/www.orto-bar.com\/en\/wp-json\/wp\/v2\/product\/88742","targetHints":{"allow":["GET"]}}],"collection":[{"href":"https:\/\/www.orto-bar.com\/en\/wp-json\/wp\/v2\/product"}],"about":[{"href":"https:\/\/www.orto-bar.com\/en\/wp-json\/wp\/v2\/types\/product"}],"author":[{"embeddable":true,"href":"https:\/\/www.orto-bar.com\/en\/wp-json\/wp\/v2\/users\/11"}],"version-history":[{"count":0,"href":"https:\/\/www.orto-bar.com\/en\/wp-json\/wp\/v2\/product\/88742\/revisions"}],"wp:featuredmedia":[{"embeddable":true,"href":"https:\/\/www.orto-bar.com\/en\/wp-json\/wp\/v2\/media\/88743"}],"wp:attachment":[{"href":"https:\/\/www.orto-bar.com\/en\/wp-json\/wp\/v2\/media?parent=88742"}],"wp:term":[{"taxonomy":"product_brand","embeddable":true,"href":"https:\/\/www.orto-bar.com\/en\/wp-json\/wp\/v2\/product_brand?post=88742"},{"taxonomy":"product_cat","embeddable":true,"href":"https:\/\/www.orto-bar.com\/en\/wp-json\/wp\/v2\/product_cat?post=88742"},{"taxonomy":"product_tag","embeddable":true,"href":"https:\/\/www.orto-bar.com\/en\/wp-json\/wp\/v2\/product_tag?post=88742"}],"curies":[{"name":"wp","href":"https:\/\/api.w.org\/{rel}","templated":true}]}}