{"id":88749,"date":"2025-01-06T19:57:32","date_gmt":"2025-01-06T18:57:32","guid":{"rendered":"https:\/\/www.orto-bar.com\/?post_type=product&#038;p=88749"},"modified":"2025-04-15T20:14:32","modified_gmt":"2025-04-15T18:14:32","slug":"orto-fest-2025-aka-neomi","status":"publish","type":"product","link":"https:\/\/www.orto-bar.com\/en\/dogodki\/arhiv\/orto-fest-2025-aka-neomi\/","title":{"rendered":"Orto Fest 2025 &#8211; AKA Neomi,RANR"},"content":{"rendered":"<p>&nbsp;<\/p>\n<div class=\"av-special-heading av-special-heading-h1 custom-color-heading blockquote modern-quote avia-builder-el-8 el_before_av_hr avia-builder-el-first av-thin-font av-inherit-size\"><\/div>\n<section class=\"av_textblock_section\">\n<div class=\"avia_textblock\">\n<p>AKA Neomi<\/p>\n<p>&nbsp;<\/p>\n<p>Glasba, ki je po godu no\u010dnim zverem s strtimi srci, podivjanim in ne\u017enim bakhantkam, romati\u010dnim du\u0161am, ki rade pogledujejo v zvezdnato nebo in tistim, ki obo\u017eujejo namakanje v banji ter menijo, da ni ni\u010d bolj krep\u010dilnega za du\u0161o in telo kot vro\u010da kopel \u2026 \u010ce ste kaj eko-anksiozni in si priznavate, da kdaj niste v redu, vam\u00a0AKA\u00a0Neomi odgovarjajo, da ni\u010d hudega, saj glasba lahko deluje terapevtsko.<\/p>\n<p>&nbsp;<\/p>\n<p>Sr\u010dno vabljeni, da si skupaj zni\u017eamo nivo kortizola v krvi in se pozibavamo na Ortofestu. Lepo se bomo svetili v temi!<\/p>\n<p><strong>Biografija<\/strong><\/p>\n<p>AKA\u00a0Neomi je ljubljansko-dolenjska skupina, katere jedro \u017ee nekaj let tvorita pevka in pesmopiska Sa\u0161a Vipotnik in multi-instrumentalist in producent Mario Babojeli\u0107. Spremljajo ju basist Dejan Slak \u2013 Sleyk, bobnar Marko Grubar in Igor Matkovi\u0107 na trobenti.<\/p>\n<p>Slovensko pop sceno so takrat \u0161e Neomi prevetrili s prvim albumom Poglej in sedaj dobro poznanimi pesmimi \u201cOdpri o\u010di\u201d, \u201c\u010cudovito\u201d in \u201cPoglej\u201d. Sledila je kraj\u0161a pavza, po kateri se je Neomi \u010dlansko in \u017eanrsko preobrazila, njihov stil je zavijugal v indie pop, trip hop in psihedeli\u010dni noise. Nastopili so na avstrijskem Waves Vienna, portugalskem Westway Labu, nizozemskem Eurosonicu in delili oder z Roisin Murphy na njenem ljubljanskem koncertu. Iz\u0161el je drugi album z naslovom Beautiful Disasters, ki je po\u017eel pozitivne kritike tako doma kot v tujini in bil nominiran za Zlato pi\u0161\u010dal v kategoriji Album leta 2020. Zdravstvena kriza je na\u010drte nekoliko prekri\u017eala, a ustvarjali so dalje in iz\u0161lo je \u0161e nekaj pesmi v angle\u0161kem jeziku, med njimi \u201cGrow Old\u201d, \u201cThe View\u201d in \u201cSelf Service\u201d, zatem pa so se spet vrnili k materin\u0161\u010dini.<\/p>\n<p><strong>Album &#8220;Lepo se sveti\u0161 v temi&#8221;<\/strong><\/p>\n<p>Ve\u010dkrat uvr\u0161\u010den med najbolj\u0161e albume preteklega leta. Pod besedila se je poleg Vipotnik podpisala \u0161e njena dolgoletna \u017eivljenjska sopotnica Eva Taja Cimerman in v pesmi prinesla svojstven humor in nekaj ve\u010d optimizma. Glasba se je napolnila z duri in plesnimi ritmi. Album &#8220;Lepo se sveti\u0161 v temi&#8221; bo razsvetlil najbolj temne koti\u010dke va\u0161e notranjosti.<\/p>\n<p>&nbsp;<\/p>\n<p>RANR je \u017eanr<\/p>\n<p>&nbsp;<\/p>\n<p>RANR je pet\u010dlanska zasedba, ki prepleta in zdru\u017euje netradicionalne glasbene \u017eanre in estetiko z ob\u010dutkom evforije, nostalgije in urbanim pridihom. Delujejo od poletja 2023, ko so izdali prvi single F.L.C., in takoj na\u0161li mesto na radijskih postajah in v srcih poslu\u0161alcev &#8230; Vse skupaj je oja\u010dal 2. single &#8216;Dolgo ne&#8217; in vrtiljak sinergije Neli, Shiro, Tadej, in dva Marka sprevrgel v Ranr &#8220;gang&#8221; ki soustvarja v dana\u0161nji dobi nekaj druga\u010dnega. Kitijo se tudi s popevko tedna na Valu 202 &#8216;Ni\u010d ni za zmeraj&#8217;.<\/p>\n<p>&nbsp;<\/p>\n<p>&nbsp;<\/p>\n<\/div>\n<\/section>","protected":false},"excerpt":{"rendered":"<p>&nbsp; AKA Neomi &nbsp; Glasba, ki je po godu no\u010dnim zverem s strtimi srci, podivjanim in ne\u017enim bakhantkam, romati\u010dnim du\u0161am, ki rade pogledujejo v zvezdnato nebo in tistim, ki obo\u017eujejo namakanje v banji ter menijo, da ni ni\u010d bolj krep\u010dilnega za du\u0161o in telo kot vro\u010da kopel \u2026 \u010ce ste kaj eko-anksiozni in si priznavate, [&hellip;]<\/p>","protected":false},"author":11,"featured_media":89548,"template":"","meta":{"_seopress_robots_primary_cat":"none","_seopress_titles_title":"","_seopress_titles_desc":"","_seopress_robots_index":""},"product_brand":[],"product_cat":[230],"product_tag":[222],"class_list":{"0":"post-88749","1":"product","2":"type-product","3":"status-publish","4":"has-post-thumbnail","6":"product_cat-arhiv","7":"product_tag-predprodaja","9":"entry","10":"has-media","12":"first","13":"instock","14":"virtual","15":"taxable","16":"product-type-simple","17":"has-product-nav","18":"col","19":"span_1_of_4","20":"owp-content-center","21":"item-entry","22":"owp-thumbs-layout-horizontal","23":"owp-btn-normal","24":"owp-tabs-layout-section","25":"has-no-thumbnails"},"publishpress_future_action":{"enabled":false,"date":"2026-04-27 02:09:44","action":"change-status","newStatus":"draft","terms":[],"taxonomy":"product_cat","extraData":[]},"publishpress_future_workflow_manual_trigger":{"enabledWorkflows":[]},"_links":{"self":[{"href":"https:\/\/www.orto-bar.com\/en\/wp-json\/wp\/v2\/product\/88749","targetHints":{"allow":["GET"]}}],"collection":[{"href":"https:\/\/www.orto-bar.com\/en\/wp-json\/wp\/v2\/product"}],"about":[{"href":"https:\/\/www.orto-bar.com\/en\/wp-json\/wp\/v2\/types\/product"}],"author":[{"embeddable":true,"href":"https:\/\/www.orto-bar.com\/en\/wp-json\/wp\/v2\/users\/11"}],"version-history":[{"count":0,"href":"https:\/\/www.orto-bar.com\/en\/wp-json\/wp\/v2\/product\/88749\/revisions"}],"wp:featuredmedia":[{"embeddable":true,"href":"https:\/\/www.orto-bar.com\/en\/wp-json\/wp\/v2\/media\/89548"}],"wp:attachment":[{"href":"https:\/\/www.orto-bar.com\/en\/wp-json\/wp\/v2\/media?parent=88749"}],"wp:term":[{"taxonomy":"product_brand","embeddable":true,"href":"https:\/\/www.orto-bar.com\/en\/wp-json\/wp\/v2\/product_brand?post=88749"},{"taxonomy":"product_cat","embeddable":true,"href":"https:\/\/www.orto-bar.com\/en\/wp-json\/wp\/v2\/product_cat?post=88749"},{"taxonomy":"product_tag","embeddable":true,"href":"https:\/\/www.orto-bar.com\/en\/wp-json\/wp\/v2\/product_tag?post=88749"}],"curies":[{"name":"wp","href":"https:\/\/api.w.org\/{rel}","templated":true}]}}