{"id":88783,"date":"2025-01-07T14:17:49","date_gmt":"2025-01-07T13:17:49","guid":{"rendered":"https:\/\/www.orto-bar.com\/?post_type=product&#038;p=88783"},"modified":"2025-02-13T19:47:23","modified_gmt":"2025-02-13T18:47:23","slug":"divje-jezero-random-phase","status":"publish","type":"product","link":"https:\/\/www.orto-bar.com\/en\/dogodki\/arhiv\/divje-jezero-random-phase\/","title":{"rendered":"Divje jezero , Random Phase"},"content":{"rendered":"<p>&nbsp;<\/p>\n<p>V svojih za\u010detkih, leta 2008, so DIVJE JEZERO najprej ustvarjali instrumentalno glasbo in si z albumoma \u201cMestni vrve\u017e\u201d (2015) in \u201cPobeg iz blodnjaka\u201d (2017) utrli pot med ljubitelje nekoliko druga\u010dne glasbe in stopili na marsikateri oder v Sloveniji, a najraje se spominjajo turneje, ko so se konec leta 2017 \u00a0odpravili v Bolgarijo in Srbijo.<\/p>\n<p>Leta 2019 se je zasedbi pridru\u017eil vokalist \u017dan Sedej, kar je prineslo novo dimenzijo njihovemu zvoku, ki je postal \u0161e bolj bogat in poln. Njihova tretja plo\u0161\u010da, \u201cKorak iz okvirjev\u201d (2020), je zaznamovala novo poglavje na njihovi glasbeni poti in naletela na pozitivna odzive glasbenih kritikov in poslu\u0161alcev. Kot je povedal Matja\u017e Ambro\u017ei\u010d: \u201cPameten rock, v\u0161e\u010den za znor\u2019t\u201d.<\/p>\n<p>In zdaj, leta 2024, Divje jezero nadaljuje in razvija svoj glasbeni izraz, ki ga je za\u010drtala na predhodnemu albumu, rezultat pa je nova plo\u0161\u010do z naslovom \u201cPrva stran\u201d, ki je iz\u0161la junija 2024 na kateri je kot gostja na vokalu in flavti Tinkara Kova\u010d.<\/p>\n<p>Redno sodelujejo z razli\u010dnimi zasedbami, orkestri in pevskimi zbori, kot npr. skladateljem Aldom Kumrom, Idrijskim pihalnim orkestrom, vokalno zasedbo Gallino, Vesno Zornik, Tinkaro Kova\u010d, \u017dpz Tice\u2026<\/p>\n<p>&nbsp;<\/p>\n<p>\u00bbVeselje do ustvarjanja in igranja glasbe v \u017eivo, je velika vrednota, ki nas vse povezuje in motivira. Verjamemo, da je potrebno ustvarjati glasbo, ki ti je v\u0161e\u010d in jo \u010duti\u0161, kljub razli\u010dnim smernicam, ki jih postavlja tr\u017ei\u0161\u010de. Le tako je lahko glasba tudi zares umetnost in ne le zgolj zabava\u00ab, se strinjajo \u010dlani.<\/p>\n<p>&nbsp;<\/p>\n<p>Zasedba:<br \/>\nAlen Bogataj \u2013 bas<br \/>\nLuka \u010cibej \u2013 bobni<br \/>\nAle\u0161 Golja \u2013 kitara<br \/>\n\u017diga Kova\u010di\u010d \u2013 klaviature<br \/>\nTomi Peljhan \u2013 saksofon<br \/>\n\u017dan Sedej \u2013 vokal<\/p>\n<p>&nbsp;<\/p>\n<p>RANDOM PHASE je \u0161tiri\u010dlanska glasbena skupina iz Idrije. Zasedbo sestavljajo \u017dan Sedej \u2013 Fele na vokalu, Matic Miklav\u010di\u010d na kitari, Andrej Pivk na bas kitari in Bo\u0161tjan Vidmar na bobnih.<\/p>\n<p>Za\u010detki skupine skupine segajo v februar 2014, ko so se \u010dlani odlo\u010dili, da sestavijo band, ki bo igral avtorsko glasbo. Po letu vaj in ustvarjanja materiala, so se skupaj s producentom Janom Pivkom odpravili v studio in posneli svoj prvi studijski album \u00bbCity Of Dreams\u00ab, ki je iz\u0161el leta 2015. V naslednjih nekaj letih je skupina igrala skladbe s prvega albuma in vzporedno pripravljala nove. V za\u010detku leta 2017 se je skupina odlo\u010dila, da si vzame premor, ki je \u010dlanom omogo\u010dil, da se posvetijo drugim stvarem.<\/p>\n<p>Leta 2019, po ve\u010d kot dveh letih neigranja, se je skupina zopet zbrala. Po nekaj vajah in koncertu so \u010dlani ugotovili, da je smiselno nadaljevati. Ponovno so se nau\u010dili nekaj neobjavljenih skladb, ki so ostale iz obdobja po izdaji prvega albuma, hkrati pa so pri\u010deli pripravljati nov material. V za\u010detku leta 2021 so skupaj s producentom Marijanom Novakom od\u0161li v studio in posneli singel \u00bbSomeday\u00ab. Zadovoljni z rezultatom so se odlo\u010dili, da skupaj z Marijanom posnamejo \u00a0svoj drugi studijski album. Konec leta 2022 so izdali \u0161e en singel z naslovom \u00bbWaiting For The Rain\u00ab, kateremu je marca 2023 sledila celotna druga plo\u0161\u010da z naslovom \u00bbLife\u00ab.<\/p>","protected":false},"excerpt":{"rendered":"<p>&nbsp; V svojih za\u010detkih, leta 2008, so DIVJE JEZERO najprej ustvarjali instrumentalno glasbo in si z albumoma \u201cMestni vrve\u017e\u201d (2015) in \u201cPobeg iz blodnjaka\u201d (2017) utrli pot med ljubitelje nekoliko druga\u010dne glasbe in stopili na marsikateri oder v Sloveniji, a najraje se spominjajo turneje, ko so se konec leta 2017 \u00a0odpravili v Bolgarijo in Srbijo. [&hellip;]<\/p>","protected":false},"author":11,"featured_media":88784,"template":"","meta":{"_seopress_robots_primary_cat":"none","_seopress_titles_title":"","_seopress_titles_desc":"","_seopress_robots_index":""},"product_brand":[],"product_cat":[230],"product_tag":[222],"class_list":{"0":"post-88783","1":"product","2":"type-product","3":"status-publish","4":"has-post-thumbnail","6":"product_cat-arhiv","7":"product_tag-predprodaja","9":"entry","10":"has-media","12":"first","13":"instock","14":"virtual","15":"taxable","16":"product-type-simple","17":"has-product-nav","18":"col","19":"span_1_of_4","20":"owp-content-center","21":"item-entry","22":"owp-thumbs-layout-horizontal","23":"owp-btn-normal","24":"owp-tabs-layout-section","25":"has-no-thumbnails"},"publishpress_future_action":{"enabled":false,"date":"2026-05-04 16:46:55","action":"change-status","newStatus":"draft","terms":[],"taxonomy":"product_cat","extraData":[]},"publishpress_future_workflow_manual_trigger":{"enabledWorkflows":[]},"_links":{"self":[{"href":"https:\/\/www.orto-bar.com\/en\/wp-json\/wp\/v2\/product\/88783","targetHints":{"allow":["GET"]}}],"collection":[{"href":"https:\/\/www.orto-bar.com\/en\/wp-json\/wp\/v2\/product"}],"about":[{"href":"https:\/\/www.orto-bar.com\/en\/wp-json\/wp\/v2\/types\/product"}],"author":[{"embeddable":true,"href":"https:\/\/www.orto-bar.com\/en\/wp-json\/wp\/v2\/users\/11"}],"version-history":[{"count":0,"href":"https:\/\/www.orto-bar.com\/en\/wp-json\/wp\/v2\/product\/88783\/revisions"}],"wp:featuredmedia":[{"embeddable":true,"href":"https:\/\/www.orto-bar.com\/en\/wp-json\/wp\/v2\/media\/88784"}],"wp:attachment":[{"href":"https:\/\/www.orto-bar.com\/en\/wp-json\/wp\/v2\/media?parent=88783"}],"wp:term":[{"taxonomy":"product_brand","embeddable":true,"href":"https:\/\/www.orto-bar.com\/en\/wp-json\/wp\/v2\/product_brand?post=88783"},{"taxonomy":"product_cat","embeddable":true,"href":"https:\/\/www.orto-bar.com\/en\/wp-json\/wp\/v2\/product_cat?post=88783"},{"taxonomy":"product_tag","embeddable":true,"href":"https:\/\/www.orto-bar.com\/en\/wp-json\/wp\/v2\/product_tag?post=88783"}],"curies":[{"name":"wp","href":"https:\/\/api.w.org\/{rel}","templated":true}]}}