{"id":88826,"date":"2025-01-07T18:35:13","date_gmt":"2025-01-07T17:35:13","guid":{"rendered":"https:\/\/www.orto-bar.com\/?post_type=product&#038;p=88826"},"modified":"2025-02-27T20:00:38","modified_gmt":"2025-02-27T19:00:38","slug":"ember-harpier","status":"publish","type":"product","link":"https:\/\/www.orto-bar.com\/en\/dogodki\/arhiv\/ember-harpier\/","title":{"rendered":"Ember, Harpier"},"content":{"rendered":"<p>&#8220;Te\u017eko pri\u010dakovan debitantski album skupine Ember je kon\u010dno tu. deset komadov, ki so skupaj z nami zoreli skozi vro\u010da poletja, mrzle zime, pisane pomladi in pestre jeseni, smo spilili in vam jih novembra vro\u010de serviramo na odru kluba Orto Bar. S sve\u017eimi frekvencami indie rocka bomo Davor, Nik, Jan in Nejc razgalili svoje in va\u0161e du\u0161e.&#8221;<\/p>\n<p>Kdor \u0161e ni sli\u0161al za EMBER, mu lahko povemo, da so prasketajo\u010da spojina indie rockenrola \u0161tirih mu\u0161ketirjev. Neutrudni ritmi Nika, razigrane a ne prene\u017ene nizke frekvence Nejca, Janovi slastni riffi ter energi\u010dni napevi Davorja so recept za brezskrbne momente \u010distega u\u017eitka.<br \/>\nNa sceno so stopili s Pepelom in zajadrali v novi val slovenskega rocka, v katerem za sabo s komadi pu\u0161\u010dajo svoj pe\u010dat.<\/p>\n<p>&nbsp;<\/p>\n<p>_____________________________<br \/>\nSpotify: <a href=\"https:\/\/open.spotify.com\/artist\/7kxU9B2LJuLa5GpagboH9W.\">https:\/\/open.spotify.com\/artist\/7kxU9B2LJuLa5GpagboH9W.<\/a>..<br \/>\nYT: <a href=\"https:\/\/youtube.com\/@emberbandofficial?si=ex1wEDUgNsr1plv1\">https:\/\/youtube.com\/@emberbandofficial?si=ex1wEDUgNsr1plv1<\/a><br \/>\nApple music: <a href=\"https:\/\/music.apple.com\/us\/artist\/ember\/1699066805\">https:\/\/music.apple.com\/us\/artist\/ember\/1699066805<\/a><br \/>\nIG: <a href=\"https:\/\/www.instagram.com\/ember_band?igsh=dDB0Z2I3d3BseWsz\">https:\/\/www.instagram.com\/ember_band?igsh=dDB0Z2I3d3BseWsz<\/a><br \/>\nFB: <a href=\"https:\/\/www.facebook.com\/emberband.official\">https:\/\/www.facebook.com\/emberband.official<\/a><br \/>\nTT: <a href=\"https:\/\/www.tiktok.com\/@emberbandofficial?_t=8pz0NpTigi0.\">https:\/\/www.tiktok.com\/@emberbandofficial?_t=8pz0NpTigi0.<\/a>..<\/p>\n<p>_____________________________<br \/>\nKot gosti bojo publiko ogrevali Harpier, sve\u017ea slovenska skupina, ki se lahko \u017ee po manj kot letu ustvarjanja pohvali z lepim naborom avtorskih skladb. V prepri\u010dljivih besedilih se elementi dru\u017ebene kritike prepletajo z ne\u017enej\u0161imi notami globokih \u010dlove\u0161kih emocij. Odlo\u010dni kitarski rifi in sola\u017ee nudijo tr\u0161e platno, ki ga strastno barva prodoren glas frontmena Matije v spevnem pripovednem slogu songwritinga.<\/p>\n<p>&nbsp;<\/p>","protected":false},"excerpt":{"rendered":"<p>&#8220;Te\u017eko pri\u010dakovan debitantski album skupine Ember je kon\u010dno tu. deset komadov, ki so skupaj z nami zoreli skozi vro\u010da poletja, mrzle zime, pisane pomladi in pestre jeseni, smo spilili in vam jih novembra vro\u010de serviramo na odru kluba Orto Bar. S sve\u017eimi frekvencami indie rocka bomo Davor, Nik, Jan in Nejc razgalili svoje in va\u0161e [&hellip;]<\/p>","protected":false},"author":11,"featured_media":88827,"template":"","meta":{"_seopress_robots_primary_cat":"none","_seopress_titles_title":"","_seopress_titles_desc":"","_seopress_robots_index":""},"product_brand":[],"product_cat":[230],"product_tag":[222],"class_list":{"0":"post-88826","1":"product","2":"type-product","3":"status-publish","4":"has-post-thumbnail","6":"product_cat-arhiv","7":"product_tag-predprodaja","9":"entry","10":"has-media","12":"first","13":"instock","14":"virtual","15":"taxable","16":"product-type-simple","17":"has-product-nav","18":"col","19":"span_1_of_4","20":"owp-content-center","21":"item-entry","22":"owp-thumbs-layout-horizontal","23":"owp-btn-normal","24":"owp-tabs-layout-section","25":"has-no-thumbnails"},"publishpress_future_action":{"enabled":false,"date":"2026-04-27 20:17:28","action":"change-status","newStatus":"draft","terms":[],"taxonomy":"product_cat","extraData":[]},"publishpress_future_workflow_manual_trigger":{"enabledWorkflows":[]},"_links":{"self":[{"href":"https:\/\/www.orto-bar.com\/en\/wp-json\/wp\/v2\/product\/88826","targetHints":{"allow":["GET"]}}],"collection":[{"href":"https:\/\/www.orto-bar.com\/en\/wp-json\/wp\/v2\/product"}],"about":[{"href":"https:\/\/www.orto-bar.com\/en\/wp-json\/wp\/v2\/types\/product"}],"author":[{"embeddable":true,"href":"https:\/\/www.orto-bar.com\/en\/wp-json\/wp\/v2\/users\/11"}],"version-history":[{"count":0,"href":"https:\/\/www.orto-bar.com\/en\/wp-json\/wp\/v2\/product\/88826\/revisions"}],"wp:featuredmedia":[{"embeddable":true,"href":"https:\/\/www.orto-bar.com\/en\/wp-json\/wp\/v2\/media\/88827"}],"wp:attachment":[{"href":"https:\/\/www.orto-bar.com\/en\/wp-json\/wp\/v2\/media?parent=88826"}],"wp:term":[{"taxonomy":"product_brand","embeddable":true,"href":"https:\/\/www.orto-bar.com\/en\/wp-json\/wp\/v2\/product_brand?post=88826"},{"taxonomy":"product_cat","embeddable":true,"href":"https:\/\/www.orto-bar.com\/en\/wp-json\/wp\/v2\/product_cat?post=88826"},{"taxonomy":"product_tag","embeddable":true,"href":"https:\/\/www.orto-bar.com\/en\/wp-json\/wp\/v2\/product_tag?post=88826"}],"curies":[{"name":"wp","href":"https:\/\/api.w.org\/{rel}","templated":true}]}}