{"id":88892,"date":"2025-01-08T12:15:55","date_gmt":"2025-01-08T11:15:55","guid":{"rendered":"https:\/\/www.orto-bar.com\/?post_type=product&#038;p=88892"},"modified":"2025-04-19T19:48:57","modified_gmt":"2025-04-19T17:48:57","slug":"orto-fest-2025-iron-median-iron-maiden-tribute-band","status":"publish","type":"product","link":"https:\/\/www.orto-bar.com\/en\/dogodki\/arhiv\/orto-fest-2025-iron-median-iron-maiden-tribute-band\/","title":{"rendered":"Orto Fest 2025 &#8211; IRON MEDIAN \u2013 Iron Maiden Tribute Band"},"content":{"rendered":"<p><strong>IRON MEDIAN \u2013 Iron Maiden tribute skupina<\/strong><\/p>\n<p>IRON MEDIAN je slovenska Iron Maiden tribute skupina, sestavljena iz priznanih metalskih in rock glasbenikov.<\/p>\n<p>Bend je leta 2007 ustanovil basist skupine Big Foot Mama Alen Ster\u017eaj kot tribute poklon legendam angle\u0161kega heavymetala Iron Maiden. Po uvodnem koncertu na ljubljanski Metelkovi so \u0161e istega leta nastopili pred 40.000 glavo mno\u017eico na festivalu Beerfest v Beogradu. Od tedaj navdu\u0161ujejo z izjemnim zvokovnim in vokalnim pribli\u017ekom originalu, buti\u010dnim repertoarjem najbolj priljubljenih skladb Iron Maiden in slovenskim odlitkom lutke Eddie.<\/p>\n<p>Poleg \u0161tevilnih koncertnih odrov po Sloveniji (Metelkova, Orto, Lent, Rock Oto\u010dec, \u0160tuk, Mostovna, MC Pekarna, MC Bre\u017eice, Bazen Kranj &#8230;) so Iron Median gostovali tudi v Avstriji, Italiji, Hrva\u0161ki in Srbiji in si pridobili naziv enega najbolj\u0161ih Iron Maiden tribute bandov v Evropi.<\/p>\n<div class=\"av-special-heading av-special-heading-h1 custom-color-heading blockquote modern-quote avia-builder-el-8 el_before_av_hr avia-builder-el-first av-thin-font av-inherit-size\"><\/div>\n<section class=\"av_textblock_section\">\n<div class=\"avia_textblock\">\n<p>&nbsp;<\/p>\n<\/div>\n<\/section>","protected":false},"excerpt":{"rendered":"<p>IRON MEDIAN \u2013 Iron Maiden tribute skupina IRON MEDIAN je slovenska Iron Maiden tribute skupina, sestavljena iz priznanih metalskih in rock glasbenikov. Bend je leta 2007 ustanovil basist skupine Big Foot Mama Alen Ster\u017eaj kot tribute poklon legendam angle\u0161kega heavymetala Iron Maiden. Po uvodnem koncertu na ljubljanski Metelkovi so \u0161e istega leta nastopili pred 40.000 [&hellip;]<\/p>","protected":false},"author":11,"featured_media":88893,"template":"","meta":{"_seopress_robots_primary_cat":"none","_seopress_titles_title":"","_seopress_titles_desc":"","_seopress_robots_index":""},"product_brand":[],"product_cat":[230],"product_tag":[222],"class_list":{"0":"post-88892","1":"product","2":"type-product","3":"status-publish","4":"has-post-thumbnail","6":"product_cat-arhiv","7":"product_tag-predprodaja","9":"entry","10":"has-media","12":"first","13":"instock","14":"virtual","15":"taxable","16":"product-type-simple","17":"has-product-nav","18":"col","19":"span_1_of_4","20":"owp-content-center","21":"item-entry","22":"owp-thumbs-layout-horizontal","23":"owp-btn-normal","24":"owp-tabs-layout-section","25":"has-no-thumbnails"},"publishpress_future_action":{"enabled":false,"date":"2026-05-12 10:43:07","action":"change-status","newStatus":"draft","terms":[],"taxonomy":"product_cat","extraData":[]},"publishpress_future_workflow_manual_trigger":{"enabledWorkflows":[]},"_links":{"self":[{"href":"https:\/\/www.orto-bar.com\/en\/wp-json\/wp\/v2\/product\/88892","targetHints":{"allow":["GET"]}}],"collection":[{"href":"https:\/\/www.orto-bar.com\/en\/wp-json\/wp\/v2\/product"}],"about":[{"href":"https:\/\/www.orto-bar.com\/en\/wp-json\/wp\/v2\/types\/product"}],"author":[{"embeddable":true,"href":"https:\/\/www.orto-bar.com\/en\/wp-json\/wp\/v2\/users\/11"}],"version-history":[{"count":0,"href":"https:\/\/www.orto-bar.com\/en\/wp-json\/wp\/v2\/product\/88892\/revisions"}],"wp:featuredmedia":[{"embeddable":true,"href":"https:\/\/www.orto-bar.com\/en\/wp-json\/wp\/v2\/media\/88893"}],"wp:attachment":[{"href":"https:\/\/www.orto-bar.com\/en\/wp-json\/wp\/v2\/media?parent=88892"}],"wp:term":[{"taxonomy":"product_brand","embeddable":true,"href":"https:\/\/www.orto-bar.com\/en\/wp-json\/wp\/v2\/product_brand?post=88892"},{"taxonomy":"product_cat","embeddable":true,"href":"https:\/\/www.orto-bar.com\/en\/wp-json\/wp\/v2\/product_cat?post=88892"},{"taxonomy":"product_tag","embeddable":true,"href":"https:\/\/www.orto-bar.com\/en\/wp-json\/wp\/v2\/product_tag?post=88892"}],"curies":[{"name":"wp","href":"https:\/\/api.w.org\/{rel}","templated":true}]}}