{"id":89134,"date":"2025-01-10T17:40:44","date_gmt":"2025-01-10T16:40:44","guid":{"rendered":"https:\/\/www.orto-bar.com\/?post_type=product&#038;p=89134"},"modified":"2025-06-04T10:21:51","modified_gmt":"2025-06-04T08:21:51","slug":"avtomobili-3","status":"publish","type":"product","link":"https:\/\/www.orto-bar.com\/en\/dogodki\/arhiv\/avtomobili-3\/","title":{"rendered":"Avtomobili"},"content":{"rendered":"<p>Avtomobili &#8211; Potujemo<\/p>\n<p>Vabljeni na zdaj \u017ee tradicionalni koncert Avtomobilov v Ortu. Sli\u0161ali boste najve\u010dje uspe\u0161nice s potovanja, ki traja \u017ee 42 let. Pripnite si pasove, se peljemo! Najnovej\u0161i dvojni album Potujemo je iz\u0161el na dvojnem vinilu in enojnem cedeju 11.\u00a0decembra 2024.<\/p>\n<p>Novogori\u0161ki Avtomobili sodijo v kategorijo zasedb, ki so globoko zaznamovale slovensko glasbeno sceno in jih lahko \u017ee opredelimo kot legende. Skupina velja za eno najbolj plodnih, izvirnih in prepoznavnih rock zasedb na Slovenskem. Na bogati, ve\u010d kot \u0161tiri desetletja dolgi\u00a0glasbeni poti, so nanizali\u00a012\u00a0studijskih\u00a0albumov, s katerih \u0161e danes presenetljivo sve\u017ee in brezc\u030casno zveni zajeten zalogaj velikih uspe\u0161nic, kot so Argentina, Ona nosi uniformu, Skozi leta, V mrzlih dvoranah, Pot domov, Hvala za pisma, Ljubezen ne stanuje tu, Enakonoc\u030cje, Sama, Gospodar,\u00a0Poslu\u0161aj, Dale\u010d, Stopinje v snegu,\u00a0c\u030ce na\u0161tejemo le nekatere. Avtomobili niso le glasba, so razmi\u0161ljanje in na\u010din \u017eivljenja, veselje in jok, preteklost in prihodnost. Njihova netrendovska neposrednost vedno znova pridobiva na popularnosti tudi mlaj\u0161ih poslu\u0161alcev, kar ka\u017ee na to, da\u00a0zgodbe\u00a0o Avtomobilih \u0161e lep \u010das ne bo konec.<\/p>\n<p>\u201cVo\u017enja z Avtomobili je vedno nekaj posebnega. Kot izlet z udobnim avtomobilom s kozarcem Dom perignona v roki, kjer ni zaviranja, ni prehitevanja, izsiljevanja, nepremi\u0161ljenih potez. Je \u010disti u\u017eitek vo\u017enje po predpisih, predpisih, ki jih napi\u0161eta bogatost njihovega zvoka in globina besedil v njihovih pesmih.\u201d \u2013 Helena Verta\u010dnik<\/p>\n<p>Novogori\u0161ka skupina Avtomobili je enega prvih nastopov imela leta 1983 na Novem rocku v Ljubljani. Leta 1984 so fantje zmagali na mladinskem festivalu v Subotici, kar je\u00a0bilo tudi izvrstno izhodi\u0161\u010de za vrsto koncertov po Jugoslaviji, ki so jim omogo\u010dili nekajletno uspe\u0161no prisotnost na takratnem glasbenem prizori\u0161\u010du. Istega leta je iz\u0161la tudi njihova prva plo\u0161\u010da Mjesec je opet pun. \u017de naslednje leto je iz\u0161la plo\u0161\u010da Dugo toplo ljeto, ki je \u0161e dodatno utrdila sloves skupine kot ene najbolj izvirnih in sve\u017eih v tistem \u010dasu. Zadnja plo\u0161\u010da, posneta tudi v srbohrva\u0161kem jeziku in na vinilu\u00a0(kaseta je posneta v sloven\u0161\u010dini!), je iz\u0161la\u00a0leta 1988\u00a0pod naslovom Krenimo.<\/p>\n<p>Po nekajletnem diskografskem premoru izide plo\u0161\u010da Mraz (1992), ki ji sledijo Skozi leta (1994). V letih 1994 in 1996 so Avtomobili prejeli nagrado Zlati petelin kot najbolj\u0161a slovenska rockovska skupina. Sledijo albumi Drugi svet (1995-kompilacija), Navaden dan (1997), Najve\u010dji zadetki (1998-kompilacija), Enakono\u010dje (2000), Mesta \u017eelezni\u0161kih postaj (2006) ter Klub klubov, ki je iz\u0161el v sodelovanju z Valom 202 kot posnetek javne radijske oddaje (torej v\u00a0\u017eivo\u00a0z\u00a0publiko v studiu) in predstavlja nekak\u0161en kronolo\u0161ki sprehod skozi dotedanjo\u00a0diskografijo skupine. Album Pozna pomlad (2012) je prvi v pomlajeni zasedbi.\u00a0Kitarist\u00a0Bo\u0161tjan Andrejc-Bushy je v skupini sicer \u017ee od leta 2007, vseeno pa je to prvi studijski album na katerem igrata z na novo pridru\u017eenim bobnarjem Davidom Morganom.\u00a0Trideseto obletnico skupine oktobra 2012 obele\u017eijo tudi s koncertom v Cankarjevem domu.<\/p>\n<p>Leto\u00a02016 za\u010dnejo z akusti\u010dnim koncertom v ljubljanski Drami, jeseni pa izdajo album Dale\u010d\u00a0(prvi\u010d po letu 1988 tudi na vinilu)\u00a0kjer v naslovni skladbi v duetu z Markom gostuje pevka Severa Gjurin.\u00a0Oktobra 2018 zaradi\u00a0velikega zanimanja ponovijo\u00a0koncert v Drami.<\/p>\n<p>Zadnji\u00a0studijski\u00a0album\u00a0Sijaj\u00a0(2022) je nekoliko modernej\u0161e aran\u017eiran,\u00a0glasbeno bolj zahteven,\u00a0vseeno pa skupina obdr\u017ei svoj edinstveni slog, obenem pa tudi ka\u017ee kak\u0161en je dana\u0161nji zvok in glasbeni potencial Avtomobilov.<\/p>\n<p><strong>Zasedba:<\/strong><br \/>\nMarko Vuksanovi\u010d \u2013 vokal<br \/>\nMirko Vuksanovi\u010d \u2013 klaviature, vokal<br \/>\nBo\u0161tjan Andrejc Bushy \u2013 kitara, vokal<br \/>\nDavid Morgan \u2013 bobni<br \/>\nUro\u0161 Trebi\u017ean \u2013 bas kitara<\/p>\n<p><strong>Organizator:<\/strong>\u00a0Alivea<\/p>","protected":false},"excerpt":{"rendered":"<p>Avtomobili &#8211; Potujemo Vabljeni na zdaj \u017ee tradicionalni koncert Avtomobilov v Ortu. Sli\u0161ali boste najve\u010dje uspe\u0161nice s potovanja, ki traja \u017ee 42 let. Pripnite si pasove, se peljemo! Najnovej\u0161i dvojni album Potujemo je iz\u0161el na dvojnem vinilu in enojnem cedeju 11.\u00a0decembra 2024. Novogori\u0161ki Avtomobili sodijo v kategorijo zasedb, ki so globoko zaznamovale slovensko glasbeno sceno [&hellip;]<\/p>","protected":false},"author":11,"featured_media":89135,"template":"","meta":{"_seopress_robots_primary_cat":"none","_seopress_titles_title":"","_seopress_titles_desc":"","_seopress_robots_index":""},"product_brand":[],"product_cat":[230],"product_tag":[222],"class_list":{"0":"post-89134","1":"product","2":"type-product","3":"status-publish","4":"has-post-thumbnail","6":"product_cat-arhiv","7":"product_tag-predprodaja","9":"entry","10":"has-media","12":"first","13":"instock","14":"virtual","15":"taxable","16":"product-type-simple","17":"has-product-nav","18":"col","19":"span_1_of_4","20":"owp-content-center","21":"item-entry","22":"owp-thumbs-layout-horizontal","23":"owp-btn-normal","24":"owp-tabs-layout-section","25":"has-no-thumbnails"},"publishpress_future_action":{"enabled":false,"date":"2026-04-27 06:08:34","action":"change-status","newStatus":"draft","terms":[],"taxonomy":"product_cat","extraData":[]},"publishpress_future_workflow_manual_trigger":{"enabledWorkflows":[]},"_links":{"self":[{"href":"https:\/\/www.orto-bar.com\/en\/wp-json\/wp\/v2\/product\/89134","targetHints":{"allow":["GET"]}}],"collection":[{"href":"https:\/\/www.orto-bar.com\/en\/wp-json\/wp\/v2\/product"}],"about":[{"href":"https:\/\/www.orto-bar.com\/en\/wp-json\/wp\/v2\/types\/product"}],"author":[{"embeddable":true,"href":"https:\/\/www.orto-bar.com\/en\/wp-json\/wp\/v2\/users\/11"}],"version-history":[{"count":0,"href":"https:\/\/www.orto-bar.com\/en\/wp-json\/wp\/v2\/product\/89134\/revisions"}],"wp:featuredmedia":[{"embeddable":true,"href":"https:\/\/www.orto-bar.com\/en\/wp-json\/wp\/v2\/media\/89135"}],"wp:attachment":[{"href":"https:\/\/www.orto-bar.com\/en\/wp-json\/wp\/v2\/media?parent=89134"}],"wp:term":[{"taxonomy":"product_brand","embeddable":true,"href":"https:\/\/www.orto-bar.com\/en\/wp-json\/wp\/v2\/product_brand?post=89134"},{"taxonomy":"product_cat","embeddable":true,"href":"https:\/\/www.orto-bar.com\/en\/wp-json\/wp\/v2\/product_cat?post=89134"},{"taxonomy":"product_tag","embeddable":true,"href":"https:\/\/www.orto-bar.com\/en\/wp-json\/wp\/v2\/product_tag?post=89134"}],"curies":[{"name":"wp","href":"https:\/\/api.w.org\/{rel}","templated":true}]}}