{"id":89380,"date":"2025-01-13T12:39:06","date_gmt":"2025-01-13T11:39:06","guid":{"rendered":"https:\/\/www.orto-bar.com\/?post_type=product&#038;p=89380"},"modified":"2025-04-26T19:45:32","modified_gmt":"2025-04-26T17:45:32","slug":"orto-fest-2025-eightbomb","status":"publish","type":"product","link":"https:\/\/www.orto-bar.com\/en\/dogodki\/arhiv\/orto-fest-2025-eightbomb\/","title":{"rendered":"Orto Fest 2025 &#8211; EightBomb"},"content":{"rendered":"<p>&nbsp;<\/p>\n<div class=\"av-special-heading av-special-heading-h1 custom-color-heading blockquote modern-quote avia-builder-el-8 el_before_av_hr avia-builder-el-first av-thin-font av-inherit-size\">\n<p>EightBomb se vra\u010da na oder Orto bara, tokrat v okviru Orto festa.<\/p>\n<p>&nbsp;<\/p>\n<p>Nazadnje smo fante iz zasedbe EIGHTBOMB lahko v Ortu sli\u0161ali in videli pred dobrim letom dni, ob izdaji njihovega petega studijskega albuma. Od takrat so imeli nekaj uspe\u0161nih nastopov po Sloveniji in na festivalih v Avstriji, Nem\u010diji&#8230; Stari ma\u010dki slovenske rocknroll in rockabilly scene pa zagotovo \u0161e niso rekli zadnje.<\/p>\n<p>&nbsp;<\/p>\n<p>Diskografija &#8220;originalnega in ne tradicionalnega Rock&#8217;n&#8217;rolla, kot EightBomb do\u017eivlja svojo glasbo, obsega 5 studijskih albumov ter &#8220;live&#8221; album. Njihove melodi\u010dne in aran\u017eersko bogate skladbe pa so bile izdane tudi na ve\u010d kompilacijah rockabilly \/ psychobilly \/ punk\u00a0 \u017eanrov.<\/p>\n<p>&nbsp;<\/p>\n<p>Znani so po podivjanih koncertih, za\u010dinjenih z mladostno energijo rocknrolla petdesetih in neobilly-ja 80-ih let, od koder tudi \u010drpajo navdih za svojo glasbo.<\/p>\n<p>&nbsp;<\/p>\n<p>Vabljeni v soboto, 26.4.2025 v Orto bar na\u00a0 rocknroll fe\u0161to<\/p>\n<\/div>\n<section class=\"av_textblock_section\">\n<div class=\"avia_textblock\">\n<p><a href=\"https:\/\/www.youtube.com\/watch?v=n4iQ4fokcbM\">You tube: EightBomb Looking Good<\/a><\/p>\n<p>FB stran : <a href=\"https:\/\/www.facebook.com\/8Bomb\/\">https:\/\/www.facebook.com\/8Bomb\/<\/a><\/p>\n<\/div>\n<\/section>","protected":false},"excerpt":{"rendered":"<p>&nbsp; EightBomb se vra\u010da na oder Orto bara, tokrat v okviru Orto festa. &nbsp; Nazadnje smo fante iz zasedbe EIGHTBOMB lahko v Ortu sli\u0161ali in videli pred dobrim letom dni, ob izdaji njihovega petega studijskega albuma. Od takrat so imeli nekaj uspe\u0161nih nastopov po Sloveniji in na festivalih v Avstriji, Nem\u010diji&#8230; Stari ma\u010dki slovenske rocknroll [&hellip;]<\/p>","protected":false},"author":11,"featured_media":89381,"template":"","meta":{"_seopress_robots_primary_cat":"none","_seopress_titles_title":"","_seopress_titles_desc":"","_seopress_robots_index":""},"product_brand":[],"product_cat":[230],"product_tag":[222],"class_list":{"0":"post-89380","1":"product","2":"type-product","3":"status-publish","4":"has-post-thumbnail","6":"product_cat-arhiv","7":"product_tag-predprodaja","9":"entry","10":"has-media","12":"first","13":"instock","14":"virtual","15":"taxable","16":"product-type-simple","17":"has-product-nav","18":"col","19":"span_1_of_4","20":"owp-content-center","21":"item-entry","22":"owp-thumbs-layout-horizontal","23":"owp-btn-normal","24":"owp-tabs-layout-section","25":"has-no-thumbnails"},"publishpress_future_action":{"enabled":false,"date":"2026-04-29 11:58:26","action":"change-status","newStatus":"draft","terms":[],"taxonomy":"product_cat","extraData":[]},"publishpress_future_workflow_manual_trigger":{"enabledWorkflows":[]},"_links":{"self":[{"href":"https:\/\/www.orto-bar.com\/en\/wp-json\/wp\/v2\/product\/89380","targetHints":{"allow":["GET"]}}],"collection":[{"href":"https:\/\/www.orto-bar.com\/en\/wp-json\/wp\/v2\/product"}],"about":[{"href":"https:\/\/www.orto-bar.com\/en\/wp-json\/wp\/v2\/types\/product"}],"author":[{"embeddable":true,"href":"https:\/\/www.orto-bar.com\/en\/wp-json\/wp\/v2\/users\/11"}],"version-history":[{"count":0,"href":"https:\/\/www.orto-bar.com\/en\/wp-json\/wp\/v2\/product\/89380\/revisions"}],"wp:featuredmedia":[{"embeddable":true,"href":"https:\/\/www.orto-bar.com\/en\/wp-json\/wp\/v2\/media\/89381"}],"wp:attachment":[{"href":"https:\/\/www.orto-bar.com\/en\/wp-json\/wp\/v2\/media?parent=89380"}],"wp:term":[{"taxonomy":"product_brand","embeddable":true,"href":"https:\/\/www.orto-bar.com\/en\/wp-json\/wp\/v2\/product_brand?post=89380"},{"taxonomy":"product_cat","embeddable":true,"href":"https:\/\/www.orto-bar.com\/en\/wp-json\/wp\/v2\/product_cat?post=89380"},{"taxonomy":"product_tag","embeddable":true,"href":"https:\/\/www.orto-bar.com\/en\/wp-json\/wp\/v2\/product_tag?post=89380"}],"curies":[{"name":"wp","href":"https:\/\/api.w.org\/{rel}","templated":true}]}}