{"id":89383,"date":"2025-01-13T12:44:55","date_gmt":"2025-01-13T11:44:55","guid":{"rendered":"https:\/\/www.orto-bar.com\/?post_type=product&#038;p=89383"},"modified":"2025-04-23T12:12:47","modified_gmt":"2025-04-23T10:12:47","slug":"orto-fest-2025-smackedbeerbong","status":"publish","type":"product","link":"https:\/\/www.orto-bar.com\/en\/dogodki\/arhiv\/orto-fest-2025-smackedbeerbong\/","title":{"rendered":"Orto Fest 2025 &#8211; Smacked,BeerBong"},"content":{"rendered":"<p>&nbsp;<\/p>\n<div class=\"av-special-heading av-special-heading-h1 custom-color-heading blockquote modern-quote avia-builder-el-8 el_before_av_hr avia-builder-el-first av-thin-font av-inherit-size\"><\/div>\n<section class=\"av_textblock_section\">\n<div class=\"avia_textblock\">\n<p>SMACKED so primorsko \u2013 koro\u0161ki \u010detverec glasbenikov, ki stavi na barve, zvok in \u0161vic melodi\u010dnega skate punka.<\/p>\n<p>Aprila 2023, so izdali prvenec \u00bbSurfing The Tsunami\u00ab, ki so ga fantje nadgradili \u0161e z dvema videospotoma in je bil odli\u010dno sprejet. Album so istega leta v \u017eivo predstavili tako doma kot v tujini s super odzivom publike.<\/p>\n<p>Marca 2024, so izdali drugi album z naslovom \u00bbOn your Expense!\u00ab, za katerega so prav tako izdali dva videospota za singel &#8220;Lose Control&#8221; in istoimenski komad &#8220;On Your Expense!&#8221;. Po uspe\u0161ni predstavitvi v razprodanem ljubljanskem hramu koncertne kulture, Orto baru, so zgo\u0161\u010deno pomladansko turnejo nadaljevali po klubih v Sloveniji in tujini \u2013 Italija, Avstrija ter Hrva\u0161ka. Poleti so nastopili na prazniku punk rocka in dobre zabave, Punk Rock Holiday 2.4! V sklopu jesenskega dela turneje, so se novembra zopet odpravili v tujino, kjer so skupaj s francoskimi ZOMBIES NO v dobrem tednu nastopili v \u0160paniji, Franciji ter Itali.<\/p>\n<p>Fantje, ki so si oder delili tudi z ve\u010djimi svetovnimi bandi punk rocka, kot so ANTI FLAG (ZDA), IGNITE (ZDA), BOOZE AND GLORY (ANG), SEIZED UP (ZDA), MARCH (NIZ), BEERBONG (IT), DRUNKTANK (NIZ)\u2026 so leto 2024 zaklju\u010dili s 34 koncerti.<\/p>\n<p>Med drugim je bil album \u00bbOn Your Expense!\u00ab novembra letos nominiran med 32 najbolj\u0161ih punk rock albumov leta 2024 na svetu, s strani Punk Rock Magazin-a. Smacked, ki so si z nominacijo najbolj\u0161ega punk rock albuma, dru\u017ebo delili z najve\u010djimi svetovnimi punk rock bandi, kot so OFFSPRING, CHASER, STRUNG OUT\u2026 so izmed vseh 32. nominiranih albumov, po glasovanju poslu\u0161alcev zmagali v kategoriji \u00bbBest Album\u00ab &#8211; najbolj\u0161i album!<\/p>\n<p>Diskografija:<br \/>\nSurfing The Tsunami (samozalo\u017eba, 2023)<br \/>\nOn Your Expense! (Drunkl\u00fcb Punk Promotions &amp; samozalo\u017eba, 2024)<\/p>\n<p>Uradna stran skupine:<br \/>\n<a href=\"https:\/\/smacked.band\/\">https:\/\/smacked.band\/<\/a><br \/>\n<a href=\"https:\/\/instagram.com\/smacked_punk\">https:\/\/instagram.com\/smacked_punk<\/a><br \/>\n<a href=\"https:\/\/open.spotify.com\/artist\/1HBg9uja8YzY6ykc2Zpi6K?si=F9MPhDtBTZ-BhF0PUOr3TQ\">https:\/\/open.spotify.com\/artist\/1HBg9uja8YzY6ykc2Zpi6K?si=F9MPhDtBTZ-BhF0PUOr3TQ<\/a><br \/>\n<a href=\"https:\/\/www.facebook.com\/smacked.punk\">https:\/\/www.facebook.com\/smacked.punk<\/a><\/p>\n<p>Video:<br \/>\nLose Control: <a href=\"https:\/\/www.youtube.com\/watch?v=vwTLXjiO224\">https:\/\/www.youtube.com\/watch?v=vwTLXjiO224<\/a><br \/>\nOn your Expense!: <a href=\"https:\/\/www.youtube.com\/watch?v=P2PIjSbT_j0\">https:\/\/www.youtube.com\/watch?v=P2PIjSbT_j0<\/a><br \/>\nSurfing the Tsunami: <a href=\"https:\/\/www.youtube.com\/watch?v=bnKdVF2aUDI\">https:\/\/www.youtube.com\/watch?v=bnKdVF2aUDI<\/a><br \/>\nBroken Brakes: <a href=\"https:\/\/www.youtube.com\/watch?v=ons3VkDFx-M\">https:\/\/www.youtube.com\/watch?v=ons3VkDFx-M<\/a><\/p>\n<p>&nbsp;<\/p>\n<p>____<\/p>\n<p>BeerBong je zgodovinska italijanska skate punk rock skupina, ustanovljena leta 1995 v Gorici, Italiia. Znani so po svoji tehni\u010dni sposobnosti, \u0161e posebej po hitrem, tehni\u010dno dovr\u0161enem bobnanju in melodi\u010dnem hardcore slogu. Njihov hiter in melodi\u010den zvok je zna\u010dilen za skatepark sceno zahodne obale ZDA. Nastopali so na turnejah po Japonskem, Kanadi in Evropi. Marca 2024 so izvedli 20 koncertov po Italiji, Avstriji, Sloveniji in Hrva\u0161ki. Skupina trenutno dela na novem albumu, ki bo izdan ob praznovanju njihove 30. obletnice leta 2025.<\/p>\n<p>Zasedba:<br \/>\nPaolo Crimi: Bobni in spremljevalni vokali<br \/>\nSimone Zuin: Glavni vokal in kitara<br \/>\nMassimo Gois: Kitara in spremljevalni vokali<br \/>\nThomas Cristofoli: Bas kitara in spremljevalni vokali<\/p>\n<p>&nbsp;<\/p>\n<\/div>\n<\/section>","protected":false},"excerpt":{"rendered":"<p>&nbsp; SMACKED so primorsko \u2013 koro\u0161ki \u010detverec glasbenikov, ki stavi na barve, zvok in \u0161vic melodi\u010dnega skate punka. Aprila 2023, so izdali prvenec \u00bbSurfing The Tsunami\u00ab, ki so ga fantje nadgradili \u0161e z dvema videospotoma in je bil odli\u010dno sprejet. Album so istega leta v \u017eivo predstavili tako doma kot v tujini s super odzivom [&hellip;]<\/p>","protected":false},"author":11,"featured_media":89384,"template":"","meta":{"_seopress_robots_primary_cat":"none","_seopress_titles_title":"","_seopress_titles_desc":"","_seopress_robots_index":""},"product_brand":[],"product_cat":[230],"product_tag":[222],"class_list":{"0":"post-89383","1":"product","2":"type-product","3":"status-publish","4":"has-post-thumbnail","6":"product_cat-arhiv","7":"product_tag-predprodaja","9":"entry","10":"has-media","12":"first","13":"instock","14":"virtual","15":"taxable","16":"product-type-simple","17":"has-product-nav","18":"col","19":"span_1_of_4","20":"owp-content-center","21":"item-entry","22":"owp-thumbs-layout-horizontal","23":"owp-btn-normal","24":"owp-tabs-layout-section","25":"has-no-thumbnails"},"publishpress_future_action":{"enabled":false,"date":"2026-04-28 08:29:25","action":"change-status","newStatus":"draft","terms":[],"taxonomy":"product_cat","extraData":[]},"publishpress_future_workflow_manual_trigger":{"enabledWorkflows":[]},"_links":{"self":[{"href":"https:\/\/www.orto-bar.com\/en\/wp-json\/wp\/v2\/product\/89383","targetHints":{"allow":["GET"]}}],"collection":[{"href":"https:\/\/www.orto-bar.com\/en\/wp-json\/wp\/v2\/product"}],"about":[{"href":"https:\/\/www.orto-bar.com\/en\/wp-json\/wp\/v2\/types\/product"}],"author":[{"embeddable":true,"href":"https:\/\/www.orto-bar.com\/en\/wp-json\/wp\/v2\/users\/11"}],"version-history":[{"count":0,"href":"https:\/\/www.orto-bar.com\/en\/wp-json\/wp\/v2\/product\/89383\/revisions"}],"wp:featuredmedia":[{"embeddable":true,"href":"https:\/\/www.orto-bar.com\/en\/wp-json\/wp\/v2\/media\/89384"}],"wp:attachment":[{"href":"https:\/\/www.orto-bar.com\/en\/wp-json\/wp\/v2\/media?parent=89383"}],"wp:term":[{"taxonomy":"product_brand","embeddable":true,"href":"https:\/\/www.orto-bar.com\/en\/wp-json\/wp\/v2\/product_brand?post=89383"},{"taxonomy":"product_cat","embeddable":true,"href":"https:\/\/www.orto-bar.com\/en\/wp-json\/wp\/v2\/product_cat?post=89383"},{"taxonomy":"product_tag","embeddable":true,"href":"https:\/\/www.orto-bar.com\/en\/wp-json\/wp\/v2\/product_tag?post=89383"}],"curies":[{"name":"wp","href":"https:\/\/api.w.org\/{rel}","templated":true}]}}