{"id":89386,"date":"2025-01-13T12:49:31","date_gmt":"2025-01-13T11:49:31","guid":{"rendered":"https:\/\/www.orto-bar.com\/?post_type=product&#038;p=89386"},"modified":"2025-04-23T20:26:13","modified_gmt":"2025-04-23T18:26:13","slug":"orto-fest-2025-omar-naber","status":"publish","type":"product","link":"https:\/\/www.orto-bar.com\/en\/dogodki\/arhiv\/orto-fest-2025-omar-naber\/","title":{"rendered":"Orto Fest 2025 &#8211; Omar Naber"},"content":{"rendered":"<p>Omar Naber letos obele\u017euje izjemnih <strong>20 let ustvarjanja v glasbi<\/strong>. \u017de takoj po novem letu nas je presenetil z novo skladbo <strong>&#8220;Le s teboj&#8221;<\/strong>, ki pa napoveduje \u0161ele za\u010detek pestrega glasbenega leta. Pridru\u017eite se mu 23. aprila v <strong>Orto baru<\/strong> na <strong>Ortofestu<\/strong>, kjer bo s svojo energi\u010dno rock&#8217;n&#8217;roll ekipo, umetni\u0161ko du\u0161o in neustavljivo \u017eeljo po zabavi poskrbel za ve\u010der, ki ga ne boste pozabili!<\/p>\n<p>Omar Naber je eden najbolj prepoznavnih glasbenikov v Sloveniji, tudi zaradi svojih nastopov na <strong>Evroviziji<\/strong>. Leta 2005 nas je navdu\u0161il z avtorsko uspe\u0161nico <strong>&#8220;Stop&#8221;<\/strong> in dosegel 11. mesto \u2013 najbolj\u0161o mo\u0161ko uvrstitev v zgodovini Slovenije na tem tekmovanju. Leta 2017 pa se je znova predstavil z balado <strong>&#8220;On My Way&#8221;<\/strong>, s katero je dokazal svojo glasbeno raznolikost in talent.<\/p>\n<p>Za seboj ima \u017ee <strong>pet studijskih albumov<\/strong>, \u0161esti pa je \u017ee v nastajanju! Na koncertu boste lahko sli\u0161ali tako njegove najve\u010dje uspe\u0161nice kot tudi nove skladbe.<\/p>\n<p><strong>Ne zamudite te posebne glasbene prilo\u017enosti!<\/strong> Rezervirajte si 23. april in se pridru\u017eite Omarju Naberju v Orto baru na ve\u010deru, polnem energije, odli\u010dne glasbe in rock\u2019n\u2019rolla!<\/p>\n<p>&nbsp;<\/p>\n<p>&#8212;<\/p>\n<p><a href=\"https:\/\/omarnaber.si\/\">https:\/\/omarnaber.si\/<\/a><\/p>\n<p><a href=\"https:\/\/www.youtube.com\/@omarnabermusic\">https:\/\/www.youtube.com\/@omarnabermusic<\/a><br \/>\n<a href=\"http:\/\/www.facebook.com\/OmarNaber\">http:\/\/www.facebook.com\/OmarNaber<\/a><\/p>\n<p><a href=\"https:\/\/www.instagram.com\/o.naber\">https:\/\/www.instagram.com\/o.naber<\/a><\/p>\n<p><a href=\"https:\/\/twitter.com\/omarnaber\">https:\/\/twitter.com\/omarnaber<\/a><\/p>\n<div class=\"av-special-heading av-special-heading-h1 custom-color-heading blockquote modern-quote avia-builder-el-8 el_before_av_hr avia-builder-el-first av-thin-font av-inherit-size\"><\/div>\n<section class=\"av_textblock_section\">\n<div class=\"avia_textblock\">\n<p>&nbsp;<\/p>\n<p>&nbsp;<\/p>\n<\/div>\n<\/section>","protected":false},"excerpt":{"rendered":"<p>Omar Naber letos obele\u017euje izjemnih 20 let ustvarjanja v glasbi. \u017de takoj po novem letu nas je presenetil z novo skladbo &#8220;Le s teboj&#8221;, ki pa napoveduje \u0161ele za\u010detek pestrega glasbenega leta. Pridru\u017eite se mu 23. aprila v Orto baru na Ortofestu, kjer bo s svojo energi\u010dno rock&#8217;n&#8217;roll ekipo, umetni\u0161ko du\u0161o in neustavljivo \u017eeljo po [&hellip;]<\/p>","protected":false},"author":11,"featured_media":89547,"template":"","meta":{"_seopress_robots_primary_cat":"none","_seopress_titles_title":"","_seopress_titles_desc":"","_seopress_robots_index":""},"product_brand":[],"product_cat":[230],"product_tag":[222],"class_list":{"0":"post-89386","1":"product","2":"type-product","3":"status-publish","4":"has-post-thumbnail","6":"product_cat-arhiv","7":"product_tag-predprodaja","9":"entry","10":"has-media","12":"first","13":"instock","14":"virtual","15":"taxable","16":"product-type-simple","17":"has-product-nav","18":"col","19":"span_1_of_4","20":"owp-content-center","21":"item-entry","22":"owp-thumbs-layout-horizontal","23":"owp-btn-normal","24":"owp-tabs-layout-section","25":"has-no-thumbnails"},"publishpress_future_action":{"enabled":false,"date":"2026-04-27 22:08:11","action":"change-status","newStatus":"draft","terms":[],"taxonomy":"product_cat","extraData":[]},"publishpress_future_workflow_manual_trigger":{"enabledWorkflows":[]},"_links":{"self":[{"href":"https:\/\/www.orto-bar.com\/en\/wp-json\/wp\/v2\/product\/89386","targetHints":{"allow":["GET"]}}],"collection":[{"href":"https:\/\/www.orto-bar.com\/en\/wp-json\/wp\/v2\/product"}],"about":[{"href":"https:\/\/www.orto-bar.com\/en\/wp-json\/wp\/v2\/types\/product"}],"author":[{"embeddable":true,"href":"https:\/\/www.orto-bar.com\/en\/wp-json\/wp\/v2\/users\/11"}],"version-history":[{"count":0,"href":"https:\/\/www.orto-bar.com\/en\/wp-json\/wp\/v2\/product\/89386\/revisions"}],"wp:featuredmedia":[{"embeddable":true,"href":"https:\/\/www.orto-bar.com\/en\/wp-json\/wp\/v2\/media\/89547"}],"wp:attachment":[{"href":"https:\/\/www.orto-bar.com\/en\/wp-json\/wp\/v2\/media?parent=89386"}],"wp:term":[{"taxonomy":"product_brand","embeddable":true,"href":"https:\/\/www.orto-bar.com\/en\/wp-json\/wp\/v2\/product_brand?post=89386"},{"taxonomy":"product_cat","embeddable":true,"href":"https:\/\/www.orto-bar.com\/en\/wp-json\/wp\/v2\/product_cat?post=89386"},{"taxonomy":"product_tag","embeddable":true,"href":"https:\/\/www.orto-bar.com\/en\/wp-json\/wp\/v2\/product_tag?post=89386"}],"curies":[{"name":"wp","href":"https:\/\/api.w.org\/{rel}","templated":true}]}}