{"id":89391,"date":"2025-01-13T13:05:04","date_gmt":"2025-01-13T12:05:04","guid":{"rendered":"https:\/\/www.orto-bar.com\/?post_type=product&#038;p=89391"},"modified":"2025-04-18T01:00:38","modified_gmt":"2025-04-17T23:00:38","slug":"orto-fest-2025-pomaranca","status":"publish","type":"product","link":"https:\/\/www.orto-bar.com\/en\/dogodki\/arhiv\/orto-fest-2025-pomaranca\/","title":{"rendered":"Orto Fest 2025 &#8211; Pomaran\u010da"},"content":{"rendered":"<section class=\"av_textblock_section\">\n<div class=\"avia_textblock\">\n<p>&nbsp;<\/p>\n<p>Po zelo uspe\u0161nem koncertu v Kinu \u0160i\u0161ka, je ikoni\u010dni Mijo Popovi\u010d ponovno zbral Pomaran\u010do, ki bo nastopila na Orto Festu. V ekipi so stari znanci in izku\u0161eni ma\u010dki slovenskih odrov Mijo Popovi\u010d, Matic Nareks, in Edi \u017dor\u017e , ki so \u017ee stalnica v skupini. Nova pa je ritem sekcija kjer sta se skupini pridru\u017eila izku\u0161ena Jani Lah na basu in Damjan Paljk na bobnih. Odli\u010dna doza old school Heavy metala je zagotovljena.<\/p>\n<\/div>\n<\/section>","protected":false},"excerpt":{"rendered":"<p>&nbsp; Po zelo uspe\u0161nem koncertu v Kinu \u0160i\u0161ka, je ikoni\u010dni Mijo Popovi\u010d ponovno zbral Pomaran\u010do, ki bo nastopila na Orto Festu. V ekipi so stari znanci in izku\u0161eni ma\u010dki slovenskih odrov Mijo Popovi\u010d, Matic Nareks, in Edi \u017dor\u017e , ki so \u017ee stalnica v skupini. Nova pa je ritem sekcija kjer sta se skupini pridru\u017eila [&hellip;]<\/p>","protected":false},"author":11,"featured_media":89392,"template":"","meta":{"_seopress_robots_primary_cat":"none","_seopress_titles_title":"","_seopress_titles_desc":"","_seopress_robots_index":""},"product_brand":[],"product_cat":[230],"product_tag":[222],"class_list":{"0":"post-89391","1":"product","2":"type-product","3":"status-publish","4":"has-post-thumbnail","6":"product_cat-arhiv","7":"product_tag-predprodaja","9":"entry","10":"has-media","12":"first","13":"outofstock","14":"virtual","15":"taxable","16":"product-type-simple","17":"has-product-nav","18":"col","19":"span_1_of_4","20":"owp-content-center","21":"item-entry","22":"owp-thumbs-layout-horizontal","23":"owp-btn-normal","24":"owp-tabs-layout-section","25":"has-no-thumbnails"},"publishpress_future_action":{"enabled":false,"date":"2026-05-10 19:26:04","action":"change-status","newStatus":"draft","terms":[],"taxonomy":"product_cat","extraData":[]},"publishpress_future_workflow_manual_trigger":{"enabledWorkflows":[]},"_links":{"self":[{"href":"https:\/\/www.orto-bar.com\/en\/wp-json\/wp\/v2\/product\/89391","targetHints":{"allow":["GET"]}}],"collection":[{"href":"https:\/\/www.orto-bar.com\/en\/wp-json\/wp\/v2\/product"}],"about":[{"href":"https:\/\/www.orto-bar.com\/en\/wp-json\/wp\/v2\/types\/product"}],"author":[{"embeddable":true,"href":"https:\/\/www.orto-bar.com\/en\/wp-json\/wp\/v2\/users\/11"}],"version-history":[{"count":0,"href":"https:\/\/www.orto-bar.com\/en\/wp-json\/wp\/v2\/product\/89391\/revisions"}],"wp:featuredmedia":[{"embeddable":true,"href":"https:\/\/www.orto-bar.com\/en\/wp-json\/wp\/v2\/media\/89392"}],"wp:attachment":[{"href":"https:\/\/www.orto-bar.com\/en\/wp-json\/wp\/v2\/media?parent=89391"}],"wp:term":[{"taxonomy":"product_brand","embeddable":true,"href":"https:\/\/www.orto-bar.com\/en\/wp-json\/wp\/v2\/product_brand?post=89391"},{"taxonomy":"product_cat","embeddable":true,"href":"https:\/\/www.orto-bar.com\/en\/wp-json\/wp\/v2\/product_cat?post=89391"},{"taxonomy":"product_tag","embeddable":true,"href":"https:\/\/www.orto-bar.com\/en\/wp-json\/wp\/v2\/product_tag?post=89391"}],"curies":[{"name":"wp","href":"https:\/\/api.w.org\/{rel}","templated":true}]}}