{"id":89394,"date":"2025-01-13T14:17:39","date_gmt":"2025-01-13T13:17:39","guid":{"rendered":"https:\/\/www.orto-bar.com\/?post_type=product&#038;p=89394"},"modified":"2025-04-24T18:57:26","modified_gmt":"2025-04-24T16:57:26","slug":"orto-fest-2025-happy-ol-mcweasel","status":"publish","type":"product","link":"https:\/\/www.orto-bar.com\/en\/dogodki\/arhiv\/orto-fest-2025-happy-ol-mcweasel\/","title":{"rendered":"Orto Fest 2025 &#8211; Happy Ol&#8217; McWeasel"},"content":{"rendered":"<section class=\"av_textblock_section\">\n<div class=\"avia_textblock\">\n<p>&nbsp;<\/p>\n<p><b>Happy Ol&#8217; McWeasel, folk punk rock band, ki s svojim nepozabnim in neprekosljivim \u0161us repertoarjem navdu\u0161uje, vedno znova, \u017ee 18 let!<\/b><\/p>\n<p>&nbsp;<\/p>\n<p><span style=\"font-weight: 400;\">Vizli, kot jim radi re\u010demo, so si mesto med najve\u010djimi bandi folk punk rock \u017eanra izborili \u017ee pred leti z odmevnimi koncerti in festivalskimi nastopi po Evropi s svojim epskimi, prekleto nepozabnimi, \u0161us koncerti, ki pustijo trajni vtis.<\/span><\/p>\n<p>&nbsp;<\/p>\n<p><span style=\"font-weight: 400;\">Bi akrobacije? Imajo.<\/span><\/p>\n<p><span style=\"font-weight: 400;\">Bi pivo? Imajo.<\/span><\/p>\n<p><span style=\"font-weight: 400;\">Bi koncerte, kakr\u0161ni so vedno bili, energi\u010dni, pre\u0161vicani, divji? Imajo.<\/span><\/p>\n<p>&nbsp;<\/p>\n<p><span style=\"font-weight: 400;\">To je tista kombinacija keltskega folk punk rocka, ki pusti vtis. Ali tatu. Ali oboje. Jump na lamp!<\/span><\/p>\n<p>&nbsp;<\/p>\n<p><span style=\"font-weight: 400;\">WEB: <\/span><a href=\"http:\/\/www.happyolmcweasel.com\/\"><span style=\"font-weight: 400;\">www.happyolmcweasel.com<\/span><\/a><\/p>\n<p><span style=\"font-weight: 400;\">FB: <\/span><a href=\"https:\/\/www.facebook.com\/happyolmcweasel\/\"><span style=\"font-weight: 400;\">https:\/\/www.facebook.com\/happyolmcweasel\/<\/span><\/a><\/p>\n<p><span style=\"font-weight: 400;\">IG: <\/span><a href=\"https:\/\/www.instagram.com\/happyolmcweasel\/\"><span style=\"font-weight: 400;\">https:\/\/www.instagram.com\/happyolmcweasel\/<\/span><\/a><\/p>\n<p><span style=\"font-weight: 400;\">YT: <\/span><a href=\"https:\/\/www.youtube.com\/user\/happyolmcweasel\"><span style=\"font-weight: 400;\">https:\/\/www.youtube.com\/user\/happyolmcweasel<\/span><\/a><\/p>\n<\/div>\n<\/section>","protected":false},"excerpt":{"rendered":"<p>&nbsp; Happy Ol&#8217; McWeasel, folk punk rock band, ki s svojim nepozabnim in neprekosljivim \u0161us repertoarjem navdu\u0161uje, vedno znova, \u017ee 18 let! &nbsp; Vizli, kot jim radi re\u010demo, so si mesto med najve\u010djimi bandi folk punk rock \u017eanra izborili \u017ee pred leti z odmevnimi koncerti in festivalskimi nastopi po Evropi s svojim epskimi, prekleto nepozabnimi, [&hellip;]<\/p>","protected":false},"author":11,"featured_media":89395,"template":"","meta":{"_seopress_robots_primary_cat":"none","_seopress_titles_title":"","_seopress_titles_desc":"","_seopress_robots_index":""},"product_brand":[],"product_cat":[230],"product_tag":[222],"class_list":{"0":"post-89394","1":"product","2":"type-product","3":"status-publish","4":"has-post-thumbnail","6":"product_cat-arhiv","7":"product_tag-predprodaja","9":"entry","10":"has-media","12":"first","13":"instock","14":"virtual","15":"taxable","16":"product-type-simple","17":"has-product-nav","18":"col","19":"span_1_of_4","20":"owp-content-center","21":"item-entry","22":"owp-thumbs-layout-horizontal","23":"owp-btn-normal","24":"owp-tabs-layout-section","25":"has-no-thumbnails"},"publishpress_future_action":{"enabled":false,"date":"2026-04-27 19:04:51","action":"change-status","newStatus":"draft","terms":[],"taxonomy":"product_cat","extraData":[]},"publishpress_future_workflow_manual_trigger":{"enabledWorkflows":[]},"_links":{"self":[{"href":"https:\/\/www.orto-bar.com\/en\/wp-json\/wp\/v2\/product\/89394","targetHints":{"allow":["GET"]}}],"collection":[{"href":"https:\/\/www.orto-bar.com\/en\/wp-json\/wp\/v2\/product"}],"about":[{"href":"https:\/\/www.orto-bar.com\/en\/wp-json\/wp\/v2\/types\/product"}],"author":[{"embeddable":true,"href":"https:\/\/www.orto-bar.com\/en\/wp-json\/wp\/v2\/users\/11"}],"version-history":[{"count":0,"href":"https:\/\/www.orto-bar.com\/en\/wp-json\/wp\/v2\/product\/89394\/revisions"}],"wp:featuredmedia":[{"embeddable":true,"href":"https:\/\/www.orto-bar.com\/en\/wp-json\/wp\/v2\/media\/89395"}],"wp:attachment":[{"href":"https:\/\/www.orto-bar.com\/en\/wp-json\/wp\/v2\/media?parent=89394"}],"wp:term":[{"taxonomy":"product_brand","embeddable":true,"href":"https:\/\/www.orto-bar.com\/en\/wp-json\/wp\/v2\/product_brand?post=89394"},{"taxonomy":"product_cat","embeddable":true,"href":"https:\/\/www.orto-bar.com\/en\/wp-json\/wp\/v2\/product_cat?post=89394"},{"taxonomy":"product_tag","embeddable":true,"href":"https:\/\/www.orto-bar.com\/en\/wp-json\/wp\/v2\/product_tag?post=89394"}],"curies":[{"name":"wp","href":"https:\/\/api.w.org\/{rel}","templated":true}]}}