{"id":89439,"date":"2025-01-13T21:59:46","date_gmt":"2025-01-13T20:59:46","guid":{"rendered":"https:\/\/www.orto-bar.com\/?post_type=product&#038;p=89439"},"modified":"2025-04-25T21:09:20","modified_gmt":"2025-04-25T19:09:20","slug":"orto-fest-2025-pigs-parlament","status":"publish","type":"product","link":"https:\/\/www.orto-bar.com\/en\/dogodki\/arhiv\/orto-fest-2025-pigs-parlament\/","title":{"rendered":"Orto Fest 2025 &#8211; Pigs Parlament"},"content":{"rendered":"<section class=\"av_textblock_section\">\n<div class=\"avia_textblock\">\n<p>&nbsp;<\/p>\n<p>Pigs Parlament je sedem \u010dlanski dru\u017ebeno kriti\u010dni Party-Punk-Ska-HardCore-Reggae Metal band iz Gori\u0161kih Brd, ki brusi odre po na\u0161i domovini in tujini \u017ee od leta 2004. Za sabo imajo kar nekaj odmevnih nastopov po \u0161irni Sloveniji, ter \u0161tevilne turneje od Srbije, Hrva\u0161ke, Italije, Avstrije, Nem\u010dije pa do \u010ce\u0161ke, Poljske in v zadnjih letih tudi \u0160panije.<\/p>\n<p>&nbsp;<\/p>\n<p>Skupaj so se zbrali leta 2004, kot \u0161tirica (Deni, Vasko, Matej in Bobo), a \u017ee \u010dez dve leti, sta se jim pridru\u017eila \u0161e trobenta\u010d Miha in pevka Tina. Od takrat, pa so brez menjav neumorno ustvarjali in ropotali naokrog vse do leta 2021, ko se jim je pridru\u017eil \u0161e 7 \u010dlan, drugi trobenta\u010d Masimo.<\/p>\n<p>Zaznamuje jih prav njihov energi\u010dni ter pristno Bri\u0161ki zabavlja\u0161ki nastop, na katerem ne manjka smeha, energije, zajebancij, wine-bong shotov, banjo vlo\u017ekov, ska rifov in seveda kup nepridiprav situacij.<\/p>\n<p>&nbsp;<\/p>\n<p>Za sabo imajo kar bogato diskografijo. 3 dolgometra\u017ene albume, med katerimi je tudi najnovej\u0161i \u201cDouble Album\u201d, 3 ep-je, ki so bili vizualno ter muzikalno povezani v en skupen 3CD box, ter live album, katerega so izdali ravno med korono. Ob 10ti obletnici, so pa tudi izdali DIY video dokumentarec izdan na DVD plo\u0161\u010dku.<\/p>\n<p>&nbsp;<\/p>\n<p>Ko jih vpra\u0161amo kaj je recept, je odgovor jasen: WINE POWER! \ud83d\ude42<\/p>\n<p>&nbsp;<\/p>\n<\/div>\n<\/section>","protected":false},"excerpt":{"rendered":"<p>&nbsp; Pigs Parlament je sedem \u010dlanski dru\u017ebeno kriti\u010dni Party-Punk-Ska-HardCore-Reggae Metal band iz Gori\u0161kih Brd, ki brusi odre po na\u0161i domovini in tujini \u017ee od leta 2004. Za sabo imajo kar nekaj odmevnih nastopov po \u0161irni Sloveniji, ter \u0161tevilne turneje od Srbije, Hrva\u0161ke, Italije, Avstrije, Nem\u010dije pa do \u010ce\u0161ke, Poljske in v zadnjih letih tudi \u0160panije. [&hellip;]<\/p>","protected":false},"author":11,"featured_media":89440,"template":"","meta":{"_seopress_robots_primary_cat":"none","_seopress_titles_title":"","_seopress_titles_desc":"","_seopress_robots_index":""},"product_brand":[],"product_cat":[230],"product_tag":[222],"class_list":{"0":"post-89439","1":"product","2":"type-product","3":"status-publish","4":"has-post-thumbnail","6":"product_cat-arhiv","7":"product_tag-predprodaja","9":"entry","10":"has-media","12":"first","13":"instock","14":"virtual","15":"taxable","16":"product-type-simple","17":"has-product-nav","18":"col","19":"span_1_of_4","20":"owp-content-center","21":"item-entry","22":"owp-thumbs-layout-horizontal","23":"owp-btn-normal","24":"owp-tabs-layout-section","25":"has-no-thumbnails"},"publishpress_future_action":{"enabled":false,"date":"2026-04-29 12:18:55","action":"change-status","newStatus":"draft","terms":[],"taxonomy":"product_cat","extraData":[]},"publishpress_future_workflow_manual_trigger":{"enabledWorkflows":[]},"_links":{"self":[{"href":"https:\/\/www.orto-bar.com\/en\/wp-json\/wp\/v2\/product\/89439","targetHints":{"allow":["GET"]}}],"collection":[{"href":"https:\/\/www.orto-bar.com\/en\/wp-json\/wp\/v2\/product"}],"about":[{"href":"https:\/\/www.orto-bar.com\/en\/wp-json\/wp\/v2\/types\/product"}],"author":[{"embeddable":true,"href":"https:\/\/www.orto-bar.com\/en\/wp-json\/wp\/v2\/users\/11"}],"version-history":[{"count":0,"href":"https:\/\/www.orto-bar.com\/en\/wp-json\/wp\/v2\/product\/89439\/revisions"}],"wp:featuredmedia":[{"embeddable":true,"href":"https:\/\/www.orto-bar.com\/en\/wp-json\/wp\/v2\/media\/89440"}],"wp:attachment":[{"href":"https:\/\/www.orto-bar.com\/en\/wp-json\/wp\/v2\/media?parent=89439"}],"wp:term":[{"taxonomy":"product_brand","embeddable":true,"href":"https:\/\/www.orto-bar.com\/en\/wp-json\/wp\/v2\/product_brand?post=89439"},{"taxonomy":"product_cat","embeddable":true,"href":"https:\/\/www.orto-bar.com\/en\/wp-json\/wp\/v2\/product_cat?post=89439"},{"taxonomy":"product_tag","embeddable":true,"href":"https:\/\/www.orto-bar.com\/en\/wp-json\/wp\/v2\/product_tag?post=89439"}],"curies":[{"name":"wp","href":"https:\/\/api.w.org\/{rel}","templated":true}]}}