{"id":89522,"date":"2025-01-14T18:34:50","date_gmt":"2025-01-14T17:34:50","guid":{"rendered":"https:\/\/www.orto-bar.com\/?post_type=product&#038;p=89522"},"modified":"2025-04-05T20:09:00","modified_gmt":"2025-04-05T18:09:00","slug":"orto-fest-2025-s-a-r-s","status":"publish","type":"product","link":"https:\/\/www.orto-bar.com\/en\/dogodki\/arhiv\/orto-fest-2025-s-a-r-s\/","title":{"rendered":"Orto Fest 2025 &#8211; S.A.R.S."},"content":{"rendered":"<section class=\"av_textblock_section\">\n<div class=\"avia_textblock\">\n<p>&nbsp;<\/p>\n<p>S.A.R.S. ali Sve\u017ee Amputirana Ruka Satrijanija, na kratko so srbska alternativna rock skupina iz Beograda. Skupina, ki predstavlja kombinacijo pop rocka, reggaeja, bluesa, jazza in hip hopa s srbsko etno glasbo, je ena vodilnih skupin tako imenovane nove srbske scene.<\/p>\n<p>Skupino sta marca 2006 v Beogradu ustanovila Aleksandar Lukovi\u0107 \u201cLukac\u201d (kitara) in Dragan Kova\u010devi\u0107 \u201c\u017dabac\u201d (vokal) ter Vladimir Popovi\u0107 \u201cHobbo\u201d (vokal), \u017darko Kova\u010devi\u0107 \u201c\u017dare\u201d (vokal), Milo\u0161 Kova\u010devi\u0107 \u201cKriva\u201d (bas kitara), Branislav Lu\u010di\u0107 \u201cBeban\u201d (tolkala), Goran Mladenovi\u0107 \u201cJapanac\u201d (bobni) in Ivana Bla\u017eevi\u0107 \u201cViolina\u201d (violina). Vsi glasbeniki prihajajo iz razli\u010dnih glasbenih okolij in interesnih sfer, kar je rezultiralo v edinstvenem fuzijskem zvoku razli\u010dnih glasbenih \u017eanrov.<\/p>\n<p>S svojimi hiti, kot so Perspektiva, Lutka, Bu\u0111av lebac, Debeli lad, Mir i ljubav, Ratujemo ti i ja in \u0161tevilnimi drugimi bo navdu\u0161ila tudi omejen krog poslu\u0161alcev na ekskluzivnem klubskem \u0161pilu na 25.Orto festu!<\/p>\n<p>&nbsp;<\/p>\n<p>&nbsp;<\/p>\n<\/div>\n<\/section>","protected":false},"excerpt":{"rendered":"<p>&nbsp; S.A.R.S. ali Sve\u017ee Amputirana Ruka Satrijanija, na kratko so srbska alternativna rock skupina iz Beograda. Skupina, ki predstavlja kombinacijo pop rocka, reggaeja, bluesa, jazza in hip hopa s srbsko etno glasbo, je ena vodilnih skupin tako imenovane nove srbske scene. Skupino sta marca 2006 v Beogradu ustanovila Aleksandar Lukovi\u0107 \u201cLukac\u201d (kitara) in Dragan Kova\u010devi\u0107 [&hellip;]<\/p>","protected":false},"author":11,"featured_media":89523,"template":"","meta":{"_seopress_robots_primary_cat":"none","_seopress_titles_title":"","_seopress_titles_desc":"","_seopress_robots_index":""},"product_brand":[],"product_cat":[230],"product_tag":[222],"class_list":{"0":"post-89522","1":"product","2":"type-product","3":"status-publish","4":"has-post-thumbnail","6":"product_cat-arhiv","7":"product_tag-predprodaja","9":"entry","10":"has-media","12":"first","13":"instock","14":"virtual","15":"taxable","16":"product-type-simple","17":"has-product-nav","18":"col","19":"span_1_of_4","20":"owp-content-center","21":"item-entry","22":"owp-thumbs-layout-horizontal","23":"owp-btn-normal","24":"owp-tabs-layout-section","25":"has-no-thumbnails"},"publishpress_future_action":{"enabled":false,"date":"2026-04-29 13:50:18","action":"change-status","newStatus":"draft","terms":[],"taxonomy":"product_cat","extraData":[]},"publishpress_future_workflow_manual_trigger":{"enabledWorkflows":[]},"_links":{"self":[{"href":"https:\/\/www.orto-bar.com\/en\/wp-json\/wp\/v2\/product\/89522","targetHints":{"allow":["GET"]}}],"collection":[{"href":"https:\/\/www.orto-bar.com\/en\/wp-json\/wp\/v2\/product"}],"about":[{"href":"https:\/\/www.orto-bar.com\/en\/wp-json\/wp\/v2\/types\/product"}],"author":[{"embeddable":true,"href":"https:\/\/www.orto-bar.com\/en\/wp-json\/wp\/v2\/users\/11"}],"version-history":[{"count":0,"href":"https:\/\/www.orto-bar.com\/en\/wp-json\/wp\/v2\/product\/89522\/revisions"}],"wp:featuredmedia":[{"embeddable":true,"href":"https:\/\/www.orto-bar.com\/en\/wp-json\/wp\/v2\/media\/89523"}],"wp:attachment":[{"href":"https:\/\/www.orto-bar.com\/en\/wp-json\/wp\/v2\/media?parent=89522"}],"wp:term":[{"taxonomy":"product_brand","embeddable":true,"href":"https:\/\/www.orto-bar.com\/en\/wp-json\/wp\/v2\/product_brand?post=89522"},{"taxonomy":"product_cat","embeddable":true,"href":"https:\/\/www.orto-bar.com\/en\/wp-json\/wp\/v2\/product_cat?post=89522"},{"taxonomy":"product_tag","embeddable":true,"href":"https:\/\/www.orto-bar.com\/en\/wp-json\/wp\/v2\/product_tag?post=89522"}],"curies":[{"name":"wp","href":"https:\/\/api.w.org\/{rel}","templated":true}]}}