{"id":89532,"date":"2025-01-14T18:58:51","date_gmt":"2025-01-14T17:58:51","guid":{"rendered":"https:\/\/www.orto-bar.com\/?post_type=product&#038;p=89532"},"modified":"2025-03-29T20:24:54","modified_gmt":"2025-03-29T19:24:54","slug":"orto-fest-2025-brkovi","status":"publish","type":"product","link":"https:\/\/www.orto-bar.com\/en\/dogodki\/arhiv\/orto-fest-2025-brkovi\/","title":{"rendered":"Orto Fest 2025 &#8211; Brkovi"},"content":{"rendered":"<section class=\"av_textblock_section\">\n<div class=\"avia_textblock\">\n<p>BRKOVI &#8211; Zagreb\u0161ka punk folk wellness atrakcija!<\/p>\n<p>&nbsp;<\/p>\n<p>Po \u0161tevilnih razprodanih koncertih v okviru turneje ob 20 letnici, tako po Jugi kot \u0161ir\u0161e po Evropi, se Brkovi vra\u010dajo v Ljubljano na klubski \u0161pil \u2026 ker nobena savna ni tako vro\u010da, kot tista privatna, kjer je vse dovoljeno \u2026<\/p>\n<p>&nbsp;<\/p>\n<p>Brkovi ustvarjajo popolnoma nov slog, ki ga sami imenujejo &#8220;PunkFolkWellness&#8221;. Prav to je tudi naslov prve plo\u0161\u010de, katere izid leta 2009 je pomenil za\u010detek uspeha skupine. Narodnozabavne glasbe do takrat nih\u010de ni igral na tak na\u010din, Brkovi pa so jo me\u0161ali predvsem s punkom in rockom, ob\u010dasno pa tudi z metalom in reggaejem.<\/p>\n<p>S pojavom dru\u017ebenih omre\u017eij, kot sta Facebook in YouTube, je skupini v kratkem \u010dasu uspelo dose\u010di veliko \u0161tevilo obo\u017eevalcev. Brkovi so posneli 8 studijskih albumov ter veliko koncertirali na Hrva\u0161kem, v Srbiji, BiH, Sloveniji, \u010crni gori, Makedoniji, Nem\u010diji, Bolgariji, Romuniji, Angliji, Irskem, Avstriji, \u0160vici, \u010ce\u0161ki, \u0160vedski in Kanadi.<\/p>\n<p>Leta 2016 je beograjski radio 202 Brkovim podelil nagrado \u201cIzvodja\u010d godine.\u201d . LP \u201cNajve\u0107i hitovi 2009-2019\u201d, ki je iz\u0161el leta 2021 pa je bil v hipu razprodan. Skupina je pridobila veliko popularnost v dr\u017eavah ex-Yu, kar potrjujejo milijonski ogledi na YouTubu in razprodani koncerti po celem Balkanu.<\/p>\n<p>povezave<br \/>\n<a href=\"https:\/\/www.brkovi.com\/?fbclid=IwZXh0bgNhZW0CMTAAAR3lHpq_yiMalzNX5VT7TWyFq5FxqA9D6oCQAUA20LFj5-4GAdUDbIvPyjU_aem_Hv9SWUaGeEIFRpikXUbvoA\"><strong>https:\/\/www.brkovi.com\/<\/strong><\/a><br \/>\n<a href=\"https:\/\/www.facebook.com\/punkfolkwellness?__cft__%5b0%5d=AZWt4IH4Kj8GBSaSDAZs6wa7CgeIAt1rwMMwbIew_8hEfxOctAO97MbPoenbcimCkAZhbtJhIxX_6Gyxl59WZWkex8MXbw8raADKHCLvHEguxCenPKTecQY3ye_025eJK1QWRnBT5DhW3HBSCKH8LjIs&amp;__tn__=q\"><strong>https:\/\/www.facebook.com\/punkfolkwellness\/?locale=sl_SI<\/strong><\/a><br \/>\n<a href=\"https:\/\/www.instagram.com\/brkovifolk\/?fbclid=IwZXh0bgNhZW0CMTAAAR3zh4GgemzemF4DH3f6Kgf4Dl1F1iJipWQU6xa1RSbLSxOcqZK4kqU0Ws8_aem_XQmqVvBWmGTJW519DzqsbQ\"><strong>https:\/\/www.instagram.com\/brkovifolk\/<\/strong><\/a><\/p>\n<p>&nbsp;<\/p>\n<\/div>\n<\/section>","protected":false},"excerpt":{"rendered":"<p>BRKOVI &#8211; Zagreb\u0161ka punk folk wellness atrakcija! &nbsp; Po \u0161tevilnih razprodanih koncertih v okviru turneje ob 20 letnici, tako po Jugi kot \u0161ir\u0161e po Evropi, se Brkovi vra\u010dajo v Ljubljano na klubski \u0161pil \u2026 ker nobena savna ni tako vro\u010da, kot tista privatna, kjer je vse dovoljeno \u2026 &nbsp; Brkovi ustvarjajo popolnoma nov slog, ki [&hellip;]<\/p>","protected":false},"author":11,"featured_media":89533,"template":"","meta":{"_seopress_robots_primary_cat":"none","_seopress_titles_title":"","_seopress_titles_desc":"","_seopress_robots_index":""},"product_brand":[],"product_cat":[230],"product_tag":[222],"class_list":{"0":"post-89532","1":"product","2":"type-product","3":"status-publish","4":"has-post-thumbnail","6":"product_cat-arhiv","7":"product_tag-predprodaja","9":"entry","10":"has-media","12":"first","13":"instock","14":"virtual","15":"taxable","16":"product-type-simple","17":"has-product-nav","18":"col","19":"span_1_of_4","20":"owp-content-center","21":"item-entry","22":"owp-thumbs-layout-horizontal","23":"owp-btn-normal","24":"owp-tabs-layout-section","25":"has-no-thumbnails"},"publishpress_future_action":{"enabled":false,"date":"2026-04-26 17:51:05","action":"change-status","newStatus":"draft","terms":[],"taxonomy":"product_cat","extraData":[]},"publishpress_future_workflow_manual_trigger":{"enabledWorkflows":[]},"_links":{"self":[{"href":"https:\/\/www.orto-bar.com\/en\/wp-json\/wp\/v2\/product\/89532","targetHints":{"allow":["GET"]}}],"collection":[{"href":"https:\/\/www.orto-bar.com\/en\/wp-json\/wp\/v2\/product"}],"about":[{"href":"https:\/\/www.orto-bar.com\/en\/wp-json\/wp\/v2\/types\/product"}],"author":[{"embeddable":true,"href":"https:\/\/www.orto-bar.com\/en\/wp-json\/wp\/v2\/users\/11"}],"version-history":[{"count":0,"href":"https:\/\/www.orto-bar.com\/en\/wp-json\/wp\/v2\/product\/89532\/revisions"}],"wp:featuredmedia":[{"embeddable":true,"href":"https:\/\/www.orto-bar.com\/en\/wp-json\/wp\/v2\/media\/89533"}],"wp:attachment":[{"href":"https:\/\/www.orto-bar.com\/en\/wp-json\/wp\/v2\/media?parent=89532"}],"wp:term":[{"taxonomy":"product_brand","embeddable":true,"href":"https:\/\/www.orto-bar.com\/en\/wp-json\/wp\/v2\/product_brand?post=89532"},{"taxonomy":"product_cat","embeddable":true,"href":"https:\/\/www.orto-bar.com\/en\/wp-json\/wp\/v2\/product_cat?post=89532"},{"taxonomy":"product_tag","embeddable":true,"href":"https:\/\/www.orto-bar.com\/en\/wp-json\/wp\/v2\/product_tag?post=89532"}],"curies":[{"name":"wp","href":"https:\/\/api.w.org\/{rel}","templated":true}]}}