{"id":89650,"date":"2025-01-15T18:11:30","date_gmt":"2025-01-15T17:11:30","guid":{"rendered":"https:\/\/www.orto-bar.com\/?post_type=product&#038;p=89650"},"modified":"2025-04-06T16:11:28","modified_gmt":"2025-04-06T14:11:28","slug":"orto-fest-2025-rambo-amadeus","status":"publish","type":"product","link":"https:\/\/www.orto-bar.com\/en\/dogodki\/arhiv\/orto-fest-2025-rambo-amadeus\/","title":{"rendered":"Orto Fest 2025 &#8211; Rambo Amadeus"},"content":{"rendered":"<h4><strong>RAMBO AMADEUS: \u201eTribute samemu sebi\u201c<\/strong><\/h4>\n<p><strong>Nedelja, 6. april, ob 20.00, Orto Bar<\/strong><\/p>\n<p>Ena glavnih lastnosti legendarnega Antonija Pu\u0161i\u0107a &#8211;\u00a0<strong>Ramba Amadeusa<\/strong>\u00a0je, da ozna\u010devanja sebe ne prepu\u0161\u010da drugim, ampak ga izvaja najprej sam: \u201eGlasbenik, poet in medijski manipulator\u201c. Njegova jedko satiri\u010dna besedila na teme \u201cBiznis, politika, \u0161port, kriminal\u201d, pa govorijo tudi o naravi navadnega \u010dloveka in nesmiselnosti lokalne politike, in seveda \u0161ale na svoj ra\u010dun.<\/p>\n<p>Me\u0161anica glasbenih stilov v novej\u0161ih delih vklju\u010duje tudi drum&#8217;n&#8217;bass, v prej\u0161njih pa elementi turbo folka, ki ga je sam \u00bbizna\u0161el\u00ab. Zadnja leta je njegova glasba, ki jo nekateri primerjajo z Zappovo, drugi s Captainom Beefheartom, pa tudi kak Matterovec bi na\u0161el kaj zase &#8211; prepletena z elementi jazza. Pred kratkim pa je s flamenko kitaristom v tem slogu uglasbil narodno \u00bbMujo kuje konja na mesecu\u00ab, reko\u010d: \u00bbNi se treba \u010duditi podobnostim glasbe in obi\u010dajev ljudi iz razli\u010dnih podnebji. To je dokaz, da so vsi ljudje na tem svetu zelo podobni\u2026 da so vseskozi zgodovino premikali, migrirali, spoznavali, dru\u017eili in ljubili ne glede na to, koliko so se oblastniki trudili, da jih skregajo. &#8221; Svojemu bli\u017enjemu sre\u010danju s Covidom pa je posvetil skladbo \u00bbMo\u017ee\u0161 se osloniti na nauku\u00ab(!). Itd.<\/p>\n<p>Zadnjo besedo o sebi ima vselej &#8211; Rambo Amadeus, tokrat dobesedno z nastopom\/programom \u201eTribute samemu sebi\u201c, s katerim se po ve\u010d letih vra\u010da v Orto bar.<\/p>\n<p>O \u201eTributu samemu sebi\u201c je Rambo Amadeus dejal:<\/p>\n<p>\u201e<em>Tribute samemu sebi je na\u010din, da se malo poigram s samim sabo in s svojim opusom, da posku\u0161am vzpostaviti neko relaksirano distanco v odnosu do tega, kar sem delal doslej, in odprem pot za novo, osvobojen te\u017ekega bremena ambicije i odve\u010dnih pri\u010dakovanj, v upanju, da me bo manj skrbelo, in se bom ve\u010d zabaval v interakciji z glasbeniki in publiko<\/em>&#8221;<\/p>\n<p>Cena vstopnice v predprodaji 29 \u20ac<\/p>\n<p><a href=\"https:\/\/ramboamadeus.com\/\">https:\/\/ramboamadeus.com\/<\/a><\/p>\n<p><a href=\"https:\/\/www.facebook.com\/ramboamadeus\">https:\/\/www.facebook.com\/ramboamadeus<\/a><\/p>","protected":false},"excerpt":{"rendered":"<p>RAMBO AMADEUS: \u201eTribute samemu sebi\u201c Nedelja, 6. april, ob 20.00, Orto Bar Ena glavnih lastnosti legendarnega Antonija Pu\u0161i\u0107a &#8211;\u00a0Ramba Amadeusa\u00a0je, da ozna\u010devanja sebe ne prepu\u0161\u010da drugim, ampak ga izvaja najprej sam: \u201eGlasbenik, poet in medijski manipulator\u201c. Njegova jedko satiri\u010dna besedila na teme \u201cBiznis, politika, \u0161port, kriminal\u201d, pa govorijo tudi o naravi navadnega \u010dloveka in nesmiselnosti [&hellip;]<\/p>","protected":false},"author":11,"featured_media":89651,"template":"","meta":{"_seopress_robots_primary_cat":"none","_seopress_titles_title":"","_seopress_titles_desc":"","_seopress_robots_index":""},"product_brand":[],"product_cat":[230],"product_tag":[222],"class_list":{"0":"post-89650","1":"product","2":"type-product","3":"status-publish","4":"has-post-thumbnail","6":"product_cat-arhiv","7":"product_tag-predprodaja","9":"entry","10":"has-media","12":"first","13":"instock","14":"virtual","15":"taxable","16":"product-type-simple","17":"has-product-nav","18":"col","19":"span_1_of_4","20":"owp-content-center","21":"item-entry","22":"owp-thumbs-layout-horizontal","23":"owp-btn-normal","24":"owp-tabs-layout-section","25":"has-no-thumbnails"},"publishpress_future_action":{"enabled":false,"date":"2026-04-29 12:18:56","action":"change-status","newStatus":"draft","terms":[],"taxonomy":"product_cat","extraData":[]},"publishpress_future_workflow_manual_trigger":{"enabledWorkflows":[]},"_links":{"self":[{"href":"https:\/\/www.orto-bar.com\/en\/wp-json\/wp\/v2\/product\/89650","targetHints":{"allow":["GET"]}}],"collection":[{"href":"https:\/\/www.orto-bar.com\/en\/wp-json\/wp\/v2\/product"}],"about":[{"href":"https:\/\/www.orto-bar.com\/en\/wp-json\/wp\/v2\/types\/product"}],"author":[{"embeddable":true,"href":"https:\/\/www.orto-bar.com\/en\/wp-json\/wp\/v2\/users\/11"}],"version-history":[{"count":0,"href":"https:\/\/www.orto-bar.com\/en\/wp-json\/wp\/v2\/product\/89650\/revisions"}],"wp:featuredmedia":[{"embeddable":true,"href":"https:\/\/www.orto-bar.com\/en\/wp-json\/wp\/v2\/media\/89651"}],"wp:attachment":[{"href":"https:\/\/www.orto-bar.com\/en\/wp-json\/wp\/v2\/media?parent=89650"}],"wp:term":[{"taxonomy":"product_brand","embeddable":true,"href":"https:\/\/www.orto-bar.com\/en\/wp-json\/wp\/v2\/product_brand?post=89650"},{"taxonomy":"product_cat","embeddable":true,"href":"https:\/\/www.orto-bar.com\/en\/wp-json\/wp\/v2\/product_cat?post=89650"},{"taxonomy":"product_tag","embeddable":true,"href":"https:\/\/www.orto-bar.com\/en\/wp-json\/wp\/v2\/product_tag?post=89650"}],"curies":[{"name":"wp","href":"https:\/\/api.w.org\/{rel}","templated":true}]}}