{"id":89668,"date":"2025-01-15T20:31:10","date_gmt":"2025-01-15T19:31:10","guid":{"rendered":"https:\/\/www.orto-bar.com\/?post_type=product&#038;p=89668"},"modified":"2025-06-21T20:54:06","modified_gmt":"2025-06-21T18:54:06","slug":"zz-top-cover-band","status":"publish","type":"product","link":"https:\/\/www.orto-bar.com\/en\/dogodki\/arhiv\/zz-top-cover-band\/","title":{"rendered":"ZZ Top Cover Band"},"content":{"rendered":"<p>ZZ Top Cover Band, je skupina, ki se posku\u0161a z glasom, videzom in energijo \u010dim bolj pribli\u017eati originalni skupini. Skupina deluje od leta 2011, sestavljamo jo Tomi Tratnik: Kitara\/Vokal, Enver Vukoti\u010d: Bobni in Samo Blazeti\u010d: Bass kitara\/Stranski vokal.<\/p>\n<p>Do sedaj ste jih lahko zasledili v raznih barih, na moto zborih, rock koncertih ter festivalih po Sloveniji. Texa\u0161ki Rock &amp; Roll pa bi radi predstavili \u0161e \u0161ir\u0161i publiki.<\/p>\n<p>&nbsp;<\/p>\n<p>Povezava do na\u0161ega FB profila:<br \/>\n<a href=\"https:\/\/www.facebook.com\/profile.php?id=100046578557349\">https:\/\/www.facebook.com\/profile.php?id=100046578557349<\/a><\/p>\n<p>Povezava do na\u0161ega IG profila:<\/p>\n<p><a href=\"https:\/\/www.instagram.com\/zztop_cover.band\/\">https:\/\/www.instagram.com\/zztop_cover.band\/<\/a><\/p>","protected":false},"excerpt":{"rendered":"<p>ZZ Top Cover Band, je skupina, ki se posku\u0161a z glasom, videzom in energijo \u010dim bolj pribli\u017eati originalni skupini. Skupina deluje od leta 2011, sestavljamo jo Tomi Tratnik: Kitara\/Vokal, Enver Vukoti\u010d: Bobni in Samo Blazeti\u010d: Bass kitara\/Stranski vokal. Do sedaj ste jih lahko zasledili v raznih barih, na moto zborih, rock koncertih ter festivalih po [&hellip;]<\/p>","protected":false},"author":11,"featured_media":89669,"template":"","meta":{"_seopress_robots_primary_cat":"none","_seopress_titles_title":"","_seopress_titles_desc":"","_seopress_robots_index":""},"product_brand":[],"product_cat":[230],"product_tag":[222],"class_list":{"0":"post-89668","1":"product","2":"type-product","3":"status-publish","4":"has-post-thumbnail","6":"product_cat-arhiv","7":"product_tag-predprodaja","9":"entry","10":"has-media","12":"first","13":"instock","14":"virtual","15":"taxable","16":"product-type-simple","17":"has-product-nav","18":"col","19":"span_1_of_4","20":"owp-content-center","21":"item-entry","22":"owp-thumbs-layout-horizontal","23":"owp-btn-normal","24":"owp-tabs-layout-section","25":"has-no-thumbnails"},"publishpress_future_action":{"enabled":false,"date":"2026-04-30 10:26:54","action":"change-status","newStatus":"draft","terms":[],"taxonomy":"product_cat","extraData":[]},"publishpress_future_workflow_manual_trigger":{"enabledWorkflows":[]},"_links":{"self":[{"href":"https:\/\/www.orto-bar.com\/en\/wp-json\/wp\/v2\/product\/89668","targetHints":{"allow":["GET"]}}],"collection":[{"href":"https:\/\/www.orto-bar.com\/en\/wp-json\/wp\/v2\/product"}],"about":[{"href":"https:\/\/www.orto-bar.com\/en\/wp-json\/wp\/v2\/types\/product"}],"author":[{"embeddable":true,"href":"https:\/\/www.orto-bar.com\/en\/wp-json\/wp\/v2\/users\/11"}],"version-history":[{"count":0,"href":"https:\/\/www.orto-bar.com\/en\/wp-json\/wp\/v2\/product\/89668\/revisions"}],"wp:featuredmedia":[{"embeddable":true,"href":"https:\/\/www.orto-bar.com\/en\/wp-json\/wp\/v2\/media\/89669"}],"wp:attachment":[{"href":"https:\/\/www.orto-bar.com\/en\/wp-json\/wp\/v2\/media?parent=89668"}],"wp:term":[{"taxonomy":"product_brand","embeddable":true,"href":"https:\/\/www.orto-bar.com\/en\/wp-json\/wp\/v2\/product_brand?post=89668"},{"taxonomy":"product_cat","embeddable":true,"href":"https:\/\/www.orto-bar.com\/en\/wp-json\/wp\/v2\/product_cat?post=89668"},{"taxonomy":"product_tag","embeddable":true,"href":"https:\/\/www.orto-bar.com\/en\/wp-json\/wp\/v2\/product_tag?post=89668"}],"curies":[{"name":"wp","href":"https:\/\/api.w.org\/{rel}","templated":true}]}}