{"id":90099,"date":"2025-01-19T15:45:49","date_gmt":"2025-01-19T14:45:49","guid":{"rendered":"https:\/\/www.orto-bar.com\/?post_type=product&#038;p=90099"},"modified":"2025-03-07T18:18:16","modified_gmt":"2025-03-07T17:18:16","slug":"jaja-bojz-no-offence","status":"publish","type":"product","link":"https:\/\/www.orto-bar.com\/en\/dogodki\/arhiv\/jaja-bojz-no-offence\/","title":{"rendered":"Jaja Bojz, No Offence!"},"content":{"rendered":"<p>&nbsp;<\/p>\n<p>Ogabne\u017ei, neresni klovni z priimkom Jaj\u010dni fantje, ki so po drugi strani tudi nevidna roka novome\u0161ke underground pank scene, bodo v svoji blazni nezrelosti zacveteli v Ljubljani, kjer bodo zaigrali za slovensko smetano in mleko. V za\u010detku spomladanskega meseca su\u0161ca vam bodo v \u010dast izdaje njihovega <strong>prvega albuma<\/strong> pripravili ven\u010dek komadov, kateri so leta in leta \u010dakali, da ugledajo svetlobo in se vam zapeljejo skozi u\u0161esa. Ne pri\u010dakujte romantike, ker tega tu ne bo. Pri\u010dakujte \u0161us v glavo. Za uvod pankersko dogodiv\u0161\u010dino bodo poskrbeli ljubljanski panksi No OFFENCE!<\/p>\n<p>p.s. \u010ce vas ne bo, nikogar ne briga.<\/p>\n<p>JAJA BOJZ<\/p>\n<p>Kme\u010dka liga Dolenjske Toplice \u0161e ni vidla take pizdarije, kukr so podgurski pank ansambl jaja fantje. Z vilam, grablam in kitaram jaja bojz popeljejo vsakogar na nepozabno dogodiv\u0161\u010dino. Zatu n\u010d bremzat pa gruntat. Dolge lu\u010di pa gas do podnaaa!!!!<\/p>\n<p>FB: <a href=\"https:\/\/www.facebook.com\/jajabojz\/\">https:\/\/www.facebook.com\/jajabojz\/<\/a><\/p>\n<p>IG: <a href=\"https:\/\/www.instagram.com\/jajabojz\/\">https:\/\/www.instagram.com\/jajabojz\/<\/a><\/p>\n<p>Webpage: <a href=\"https:\/\/jajabojzband.wordpress.com\/\">https:\/\/jajabojzband.wordpress.com\/<\/a><\/p>\n<p>YT: <a href=\"https:\/\/www.youtube.com\/@jajabojz\">https:\/\/www.youtube.com\/@jajabojz<\/a><\/p>\n<p>Spotify: <a href=\"https:\/\/open.spotify.com\/artist\/3KaaZtctH3H8SHaxjmiZYQ?si=lqd3wXifThyP7UHw5AdXEg\">https:\/\/open.spotify.com\/artist\/3KaaZtctH3H8SHaxjmiZYQ?si=lqd3wXifThyP7UHw5AdXEg<\/a><\/p>\n<p>&nbsp;<\/p>\n<p>SUPPORT:<br \/>\nNo OFFENCE!<br \/>\nLjubljanska partypank skupina, ki jo odlikuje kaoti\u010dna energija za zafrustrirane \u0161tudente, jezne pankse in nesre\u010dno zaljubljene. Po obse\u017eni klubski turneji po Sloveniji in mini turneji po Balkanu so leta 2024 izdali svoj drugi album \u201c\u010cudovito &amp; \u010cudno\u201d, s katerim raziskujejo meje punka in \u0161e dlje.<\/p>\n<p><a href=\"https:\/\/l.facebook.com\/l.php?u=https%3A%2F%2Fyoutu.be%2FdE_6Ty5MulM%3Fsi%3DQ9L34BRh0PLCWluf%26fbclid%3DIwZXh0bgNhZW0CMTAAAR2P-L_Mym01d9WdDnldMByBGc5V3W1CaAnV0MhXrKblT4Xw2oj3GWcLnGM_aem_jlSZijTFWuO1X1lmvq0w8w&amp;h=AT33oGh6oS3gvfk-WT_5Y2T31Hfzq0T6h4Jg7Yk-ctjHh380raxMZU7hOPkcfKGJ3eEYaozh1ATOJGxFJJO1JuMGtVrUluCqs4MZVLUr-pGIoE6Mz3QKF23vK3Z9CHyhikAUtCk_hXaNPhWcIo4T&amp;__tn__=q&amp;c%5b0%5d=AT0OvtaNrjfiTIkQc98RjpRRaDzmUM4JFO3Ibw_QLvd0ZqBrusm_dL0uEVEBvbcGdews2SRX-Olhkq4IT8td3kXivwORTglmT97HGrbEZCTnzlY6VhIegvn2dEHYzKzLEENvJOMAPYCj8RttHiq-DAIQozGRfhs7Fm75lQ\"><strong>https:\/\/youtu.be\/dE_6Ty5MulM?si=Q9L34BRh0PLCWluf<\/strong><\/a><br \/>\n<a href=\"https:\/\/l.facebook.com\/l.php?u=https%3A%2F%2Fwww.youtube.com%2Fplaylist%3Flist%3DOLAK5uy_nHvG4ZDWclGcl5zuj8k2UpA8YqDRPFE3w%26fbclid%3DIwZXh0bgNhZW0CMTAAAR3KBwwsPwN6grIx0TmQUkTL0rTDh8lY7HHajVBydDGEPkgbNyryXjxHUYg_aem_8xFPRQ5cXVAhtVDUf0tjqQ&amp;h=AT3MH1szEa9xOda3adsAR-t1O6RSFkmDGQz1JRf1Sd84zlQcKRWufICTRA8YsXyGaE7iCwQTtKPldjRXrwHdI-gxGWEjPsNp5j7LJHuS5FIJr9LNvHNQzRC9Y69FJiDL_dvjkboQv7dmtZhaHI7p&amp;__tn__=q&amp;c%5b0%5d=AT0OvtaNrjfiTIkQc98RjpRRaDzmUM4JFO3Ibw_QLvd0ZqBrusm_dL0uEVEBvbcGdews2SRX-Olhkq4IT8td3kXivwORTglmT97HGrbEZCTnzlY6VhIegvn2dEHYzKzLEENvJOMAPYCj8RttHiq-DAIQozGRfhs7Fm75lQ\"><strong>https:\/\/www.youtube.com\/playlist&#8230;<\/strong><\/a><br \/>\nFB:\u00a0<a href=\"https:\/\/www.facebook.com\/nooffenceslo?__cft__%5b0%5d=AZXwUBmGPNtN1akEsIhhg9rcGr-iNOpLnclXhgTT8_1tnNHVSVGSCmZqRtF2b5GaXvRDz6a9jk4n_kKO98AoXw710-ilYgfI3Yf6rFoS9L0DBn6bF78Psn_d87VrHSJXOjl1oBhG1UIvhPf9adMOl3L6&amp;__tn__=q\"><strong>https:\/\/www.facebook.com\/nooffenceslo<\/strong><\/a><br \/>\nIG:\u00a0<a href=\"https:\/\/l.facebook.com\/l.php?u=https%3A%2F%2Fwww.instagram.com%2Fnooffence_slo%3Ffbclid%3DIwZXh0bgNhZW0CMTAAAR3qg9QImjaTQUUrPgmAW-2xQYwCsuLCQsCz-BkJj0DMBhYuoWqel3CVvIA_aem_my5LLuYtwtIeJsnOOZpXfg&amp;h=AT1vWeu8_NhfwRUlAZCBRzrJT5QqV9pQMmt-UsS6h1EefKRSAn1TMFo1pVqW5FfWSc2itM1h_yalh2w2WbFjBMIUQ_Un9LOX3KSO2cOJ8aHXR0ub5yO5Kb-cMO53_P4otjK--AtClNd7zmJMyyjd&amp;__tn__=q&amp;c%5b0%5d=AT0OvtaNrjfiTIkQc98RjpRRaDzmUM4JFO3Ibw_QLvd0ZqBrusm_dL0uEVEBvbcGdews2SRX-Olhkq4IT8td3kXivwORTglmT97HGrbEZCTnzlY6VhIegvn2dEHYzKzLEENvJOMAPYCj8RttHiq-DAIQozGRfhs7Fm75lQ\"><strong>https:\/\/www.instagram.com\/nooffence_slo<\/strong><\/a><\/p>\n<p>\u010clani: Renato \u0160vara (kitara, vokal), An\u017ee Tr\u010dek (kitara, vokal), Samo Pirec (bas kitara), Filip Gabrovec (bobni).<\/p>\n<p>&nbsp;<\/p>","protected":false},"excerpt":{"rendered":"<p>&nbsp; Ogabne\u017ei, neresni klovni z priimkom Jaj\u010dni fantje, ki so po drugi strani tudi nevidna roka novome\u0161ke underground pank scene, bodo v svoji blazni nezrelosti zacveteli v Ljubljani, kjer bodo zaigrali za slovensko smetano in mleko. V za\u010detku spomladanskega meseca su\u0161ca vam bodo v \u010dast izdaje njihovega prvega albuma pripravili ven\u010dek komadov, kateri so leta [&hellip;]<\/p>","protected":false},"author":11,"featured_media":90100,"template":"","meta":{"_seopress_robots_primary_cat":"none","_seopress_titles_title":"","_seopress_titles_desc":"","_seopress_robots_index":""},"product_brand":[],"product_cat":[230],"product_tag":[222],"class_list":{"0":"post-90099","1":"product","2":"type-product","3":"status-publish","4":"has-post-thumbnail","6":"product_cat-arhiv","7":"product_tag-predprodaja","9":"entry","10":"has-media","12":"first","13":"instock","14":"virtual","15":"taxable","16":"product-type-simple","17":"has-product-nav","18":"col","19":"span_1_of_4","20":"owp-content-center","21":"item-entry","22":"owp-thumbs-layout-horizontal","23":"owp-btn-normal","24":"owp-tabs-layout-section","25":"has-no-thumbnails"},"publishpress_future_action":{"enabled":false,"date":"2026-05-10 15:00:35","action":"change-status","newStatus":"draft","terms":[],"taxonomy":"product_cat","extraData":[]},"publishpress_future_workflow_manual_trigger":{"enabledWorkflows":[]},"_links":{"self":[{"href":"https:\/\/www.orto-bar.com\/en\/wp-json\/wp\/v2\/product\/90099","targetHints":{"allow":["GET"]}}],"collection":[{"href":"https:\/\/www.orto-bar.com\/en\/wp-json\/wp\/v2\/product"}],"about":[{"href":"https:\/\/www.orto-bar.com\/en\/wp-json\/wp\/v2\/types\/product"}],"author":[{"embeddable":true,"href":"https:\/\/www.orto-bar.com\/en\/wp-json\/wp\/v2\/users\/11"}],"version-history":[{"count":0,"href":"https:\/\/www.orto-bar.com\/en\/wp-json\/wp\/v2\/product\/90099\/revisions"}],"wp:featuredmedia":[{"embeddable":true,"href":"https:\/\/www.orto-bar.com\/en\/wp-json\/wp\/v2\/media\/90100"}],"wp:attachment":[{"href":"https:\/\/www.orto-bar.com\/en\/wp-json\/wp\/v2\/media?parent=90099"}],"wp:term":[{"taxonomy":"product_brand","embeddable":true,"href":"https:\/\/www.orto-bar.com\/en\/wp-json\/wp\/v2\/product_brand?post=90099"},{"taxonomy":"product_cat","embeddable":true,"href":"https:\/\/www.orto-bar.com\/en\/wp-json\/wp\/v2\/product_cat?post=90099"},{"taxonomy":"product_tag","embeddable":true,"href":"https:\/\/www.orto-bar.com\/en\/wp-json\/wp\/v2\/product_tag?post=90099"}],"curies":[{"name":"wp","href":"https:\/\/api.w.org\/{rel}","templated":true}]}}