{"id":90156,"date":"2025-01-19T22:05:26","date_gmt":"2025-01-19T21:05:26","guid":{"rendered":"https:\/\/www.orto-bar.com\/?post_type=product&#038;p=90156"},"modified":"2026-01-06T11:01:52","modified_gmt":"2026-01-06T10:01:52","slug":"25-orto-fest-2025","status":"publish","type":"product","link":"https:\/\/www.orto-bar.com\/en\/dogodki\/arhiv\/25-orto-fest-2025\/","title":{"rendered":"25.Orto Fest &#8211; 2025"},"content":{"rendered":"<p><strong>25. ORTO FEST<\/strong><\/p>\n<p><strong>Od 27. 3. do 27. 4. 2025, <\/strong><\/p>\n<p><strong>ORTO BAR, LJUBLJANA<\/strong><\/p>\n<p><strong>\u00a0<\/strong><\/p>\n<p><strong>\u017dE 25. CELOMESE\u010cNI MEDNARODNI KLUBSKI FESTIVAL <\/strong><\/p>\n<p><strong>ORTO FEST OD 27. MARCA DO 27. APRILA 2025<\/strong><\/p>\n<p>&nbsp;<\/p>\n<p><strong>Od 27. marca do 27. aprila 2025 bo v Orto baru v Ljubljani potekal \u017ee 25. mednarodni, najve\u010dji klubski festival v Sloveniji, Orto Fest, ki je unikum v na\u0161em prostoru. V svoji zgodovini je gostil \u017ee ve\u010d kot 850 glasbenih skupin in izvajalcev.<\/strong><\/p>","protected":false},"excerpt":{"rendered":"<p>25. ORTO FEST Od 27. 3. do 27. 4. 2025, ORTO BAR, LJUBLJANA \u00a0 \u017dE 25. CELOMESE\u010cNI MEDNARODNI KLUBSKI FESTIVAL ORTO FEST OD 27. MARCA DO 27. APRILA 2025 &nbsp; Od 27. marca do 27. aprila 2025 bo v Orto baru v Ljubljani potekal \u017ee 25. mednarodni, najve\u010dji klubski festival v Sloveniji, Orto Fest, ki [&hellip;]<\/p>","protected":false},"author":11,"featured_media":58403,"template":"","meta":{"_seopress_robots_primary_cat":"none","_seopress_titles_title":"","_seopress_titles_desc":"","_seopress_robots_index":""},"product_brand":[],"product_cat":[230],"product_tag":[222],"class_list":{"0":"post-90156","1":"product","2":"type-product","3":"status-publish","4":"has-post-thumbnail","6":"product_cat-arhiv","7":"product_tag-predprodaja","9":"entry","10":"has-media","12":"first","13":"instock","14":"virtual","15":"taxable","16":"product-type-simple","17":"has-product-nav","18":"col","19":"span_1_of_4","20":"owp-content-center","21":"item-entry","22":"owp-thumbs-layout-horizontal","23":"owp-btn-normal","24":"owp-tabs-layout-section"},"publishpress_future_action":{"enabled":false,"date":"2026-05-20 14:39:24","action":"change-status","newStatus":"draft","terms":[],"taxonomy":"product_cat","extraData":[]},"publishpress_future_workflow_manual_trigger":{"enabledWorkflows":[]},"_links":{"self":[{"href":"https:\/\/www.orto-bar.com\/en\/wp-json\/wp\/v2\/product\/90156","targetHints":{"allow":["GET"]}}],"collection":[{"href":"https:\/\/www.orto-bar.com\/en\/wp-json\/wp\/v2\/product"}],"about":[{"href":"https:\/\/www.orto-bar.com\/en\/wp-json\/wp\/v2\/types\/product"}],"author":[{"embeddable":true,"href":"https:\/\/www.orto-bar.com\/en\/wp-json\/wp\/v2\/users\/11"}],"version-history":[{"count":0,"href":"https:\/\/www.orto-bar.com\/en\/wp-json\/wp\/v2\/product\/90156\/revisions"}],"wp:featuredmedia":[{"embeddable":true,"href":"https:\/\/www.orto-bar.com\/en\/wp-json\/wp\/v2\/media\/58403"}],"wp:attachment":[{"href":"https:\/\/www.orto-bar.com\/en\/wp-json\/wp\/v2\/media?parent=90156"}],"wp:term":[{"taxonomy":"product_brand","embeddable":true,"href":"https:\/\/www.orto-bar.com\/en\/wp-json\/wp\/v2\/product_brand?post=90156"},{"taxonomy":"product_cat","embeddable":true,"href":"https:\/\/www.orto-bar.com\/en\/wp-json\/wp\/v2\/product_cat?post=90156"},{"taxonomy":"product_tag","embeddable":true,"href":"https:\/\/www.orto-bar.com\/en\/wp-json\/wp\/v2\/product_tag?post=90156"}],"curies":[{"name":"wp","href":"https:\/\/api.w.org\/{rel}","templated":true}]}}