{"id":92078,"date":"2025-01-24T11:48:18","date_gmt":"2025-01-24T10:48:18","guid":{"rendered":"https:\/\/www.orto-bar.com\/?post_type=product&#038;p=92078"},"modified":"2025-01-24T12:08:10","modified_gmt":"2025-01-24T11:08:10","slug":"spaceship-earth-majmunska-posla","status":"publish","type":"product","link":"https:\/\/www.orto-bar.com\/en\/dogodki\/arhiv\/spaceship-earth-majmunska-posla\/","title":{"rendered":"Spaceship Earth, Majmunska Posla"},"content":{"rendered":"<p>&nbsp;<\/p>\n<p>SPACESHIP EARTH je heavy-alt-rock-stoner skupina iz tema\u010dnih ulic Ljubljane in mra\u010dnih gozdov Gorenjske. V svoji glasbi zdru\u017eujejo stonerske in psihedeli\u010dne zvoke z umazanim grungeom in alternativnim rockom iz 90ih in 2000ih. Leta 2019 so izdali svoj prvi EP z imenom Geoengineering, pred kratkim pa so svoj zvok definirali s studijskima singloma Chrome in Glare. Skupino trenutno sestavljajo Marko Je\u017eek na vokalu in kitari, Darian Toma\u0161evi\u0107 na kitari, Peter Kogov\u0161ek na basu in Ambro\u017e Mo\u010dnik na bobnih. Konec januarja 2025 na preto\u010dne platforme po\u0161iljajo svoj tretji single z naslovom Light That Surrounds Me.<\/p>\n<p>&nbsp;<\/p>\n<p>MAJMUNSKA POSLA Kaos, akordi, red, zmeda, pop, etno in pank &#8211; to so Majmunska Posla. Od leta 2022 \u010detverec ustvarja njim v\u0161e\u010dne komade, za drugo mnenje pa vljudno vabijo vse ljudi tega sveta na njihov nastop. Majmuni so bojda ljubitelji starih balkanskih balad in ljubljanskega punka, narodnozabavnih vi\u017e in nem\u0161kega industriala, igrajo pa pop. Na vokalih se znajdejo Jan Majeti\u010d (kitara), Andra\u017e \u017deleznikar (synth), Rok Ljubi\u010d (bas) in Alja\u017e Kova\u010d (bobni).<\/p>\n<p>&nbsp;<\/p>\n<p>Prizori\u0161\u010de bosta ogreli Uma in Hana z avtenti\u010dnim akusti\u010dnim dark goth rockom. Njune \u010dustvene melodije in tema\u010dna lirika zagotavljata intimno, a intenzivno glasbeno izku\u0161njo.<\/p>\n<p>&nbsp;<\/p>","protected":false},"excerpt":{"rendered":"<p>&nbsp; SPACESHIP EARTH je heavy-alt-rock-stoner skupina iz tema\u010dnih ulic Ljubljane in mra\u010dnih gozdov Gorenjske. V svoji glasbi zdru\u017eujejo stonerske in psihedeli\u010dne zvoke z umazanim grungeom in alternativnim rockom iz 90ih in 2000ih. Leta 2019 so izdali svoj prvi EP z imenom Geoengineering, pred kratkim pa so svoj zvok definirali s studijskima singloma Chrome in Glare. [&hellip;]<\/p>","protected":false},"author":11,"featured_media":92085,"template":"","meta":{"_seopress_robots_primary_cat":"none","_seopress_titles_title":"","_seopress_titles_desc":"","_seopress_robots_index":""},"product_brand":[],"product_cat":[230],"product_tag":[222],"class_list":{"0":"post-92078","1":"product","2":"type-product","3":"status-publish","4":"has-post-thumbnail","6":"product_cat-arhiv","7":"product_tag-predprodaja","9":"entry","10":"has-media","12":"first","13":"instock","14":"virtual","15":"taxable","16":"product-type-simple","17":"has-product-nav","18":"col","19":"span_1_of_4","20":"owp-content-center","21":"item-entry","22":"owp-thumbs-layout-horizontal","23":"owp-btn-normal","24":"owp-tabs-layout-section","25":"has-no-thumbnails"},"publishpress_future_action":{"enabled":false,"date":"2026-05-10 12:45:57","action":"change-status","newStatus":"draft","terms":[],"taxonomy":"product_cat","extraData":[]},"publishpress_future_workflow_manual_trigger":{"enabledWorkflows":[]},"_links":{"self":[{"href":"https:\/\/www.orto-bar.com\/en\/wp-json\/wp\/v2\/product\/92078","targetHints":{"allow":["GET"]}}],"collection":[{"href":"https:\/\/www.orto-bar.com\/en\/wp-json\/wp\/v2\/product"}],"about":[{"href":"https:\/\/www.orto-bar.com\/en\/wp-json\/wp\/v2\/types\/product"}],"author":[{"embeddable":true,"href":"https:\/\/www.orto-bar.com\/en\/wp-json\/wp\/v2\/users\/11"}],"version-history":[{"count":0,"href":"https:\/\/www.orto-bar.com\/en\/wp-json\/wp\/v2\/product\/92078\/revisions"}],"wp:featuredmedia":[{"embeddable":true,"href":"https:\/\/www.orto-bar.com\/en\/wp-json\/wp\/v2\/media\/92085"}],"wp:attachment":[{"href":"https:\/\/www.orto-bar.com\/en\/wp-json\/wp\/v2\/media?parent=92078"}],"wp:term":[{"taxonomy":"product_brand","embeddable":true,"href":"https:\/\/www.orto-bar.com\/en\/wp-json\/wp\/v2\/product_brand?post=92078"},{"taxonomy":"product_cat","embeddable":true,"href":"https:\/\/www.orto-bar.com\/en\/wp-json\/wp\/v2\/product_cat?post=92078"},{"taxonomy":"product_tag","embeddable":true,"href":"https:\/\/www.orto-bar.com\/en\/wp-json\/wp\/v2\/product_tag?post=92078"}],"curies":[{"name":"wp","href":"https:\/\/api.w.org\/{rel}","templated":true}]}}