{"id":92107,"date":"2025-01-24T13:32:26","date_gmt":"2025-01-24T12:32:26","guid":{"rendered":"https:\/\/www.orto-bar.com\/?post_type=product&#038;p=92107"},"modified":"2025-03-21T19:32:19","modified_gmt":"2025-03-21T18:32:19","slug":"die-krupps","status":"publish","type":"product","link":"https:\/\/www.orto-bar.com\/en\/dogodki\/arhiv\/die-krupps\/","title":{"rendered":"Die Krupps"},"content":{"rendered":"<p>&nbsp;<\/p>\n<p>Vstopnice \u017ee v prodaji prek On-Parole! 34 evrov v predprodaji, 40 evrov na dan koncerta!<br \/>\n<a href=\"https:\/\/qr-codes.io\/pEkCrx\">https:\/\/qr-codes.io\/pEkCrx<\/a><\/p>\n<p>Tickets already on sale through On-Parole! 34 euro in presale, 40 euro on show day!<br \/>\n<a href=\"https:\/\/qr-codes.io\/2dF3Ee\">https:\/\/qr-codes.io\/2dF3Ee<\/a><\/p>\n<p>Join the Dirty Skunks Electro\/Gothic\/Dark mailing list: <a href=\"http:\/\/www.eepurl.com\/gieWD1\">www.eepurl.com\/gieWD1<\/a><\/p>\n<p>Die Krupps v Orto Baru \u2013 legende industrijskega rocka prihajajo v Ljubljano!<\/p>\n<p>Orto bar bo 7. septembra 2025 gostil enega najve\u010djih imen industrijskega rocka \u2013 nem\u0161ke legende Die Krupps! Skupina, ki je pionirsko zdru\u017eila elektronske zvoke in surovo mo\u010d kitarskega rocka, obljublja energi\u010den koncert, ki ga ljubitelji alternativne glasbe nikakor ne smete zamuditi.<br \/>\nZ ve\u010d kot \u0161tirimi desetletji delovanja Die Krupps ostajajo sinonim za glasbeno inovativnost in neizprosno energijo. Njihov vpliv se\u017ee od zgodnjih industrijskih korenin do sodobne elektronike in metala, pri \u010demer so navdihnili \u0161tevilne zasedbe, vklju\u010dno z Rammstein in Ministry. Tokrat prihajajo v Ljubljano s posebnim koncertom, kjer bodo prepletli najve\u010dje hite, kot so \u201cMetal Machine Music\u201d, \u201cFatherland\u201d in \u201cTo the Hilt\u201d, z najnovej\u0161im materialom.<br \/>\nVstopnice \u017ee v prodaji!<\/p>\n<p>DIE KRUPPS<br \/>\n<a href=\"https:\/\/www.facebook.com\/diekruppsofficial\">https:\/\/www.facebook.com\/diekruppsofficial<\/a><br \/>\n<a href=\"https:\/\/www.youtube.com\/watch?v=Gjf6TQw58ac\">https:\/\/www.youtube.com\/watch?v=Gjf6TQw58ac<\/a><\/p>","protected":false},"excerpt":{"rendered":"<p>&nbsp; Vstopnice \u017ee v prodaji prek On-Parole! 34 evrov v predprodaji, 40 evrov na dan koncerta! https:\/\/qr-codes.io\/pEkCrx Tickets already on sale through On-Parole! 34 euro in presale, 40 euro on show day! https:\/\/qr-codes.io\/2dF3Ee Join the Dirty Skunks Electro\/Gothic\/Dark mailing list: www.eepurl.com\/gieWD1 Die Krupps v Orto Baru \u2013 legende industrijskega rocka prihajajo v Ljubljano! Orto bar [&hellip;]<\/p>","protected":false},"author":11,"featured_media":92957,"template":"","meta":{"_seopress_robots_primary_cat":"none","_seopress_titles_title":"","_seopress_titles_desc":"","_seopress_robots_index":""},"product_brand":[],"product_cat":[230],"product_tag":[222],"class_list":{"0":"post-92107","1":"product","2":"type-product","3":"status-publish","4":"has-post-thumbnail","6":"product_cat-arhiv","7":"product_tag-predprodaja","9":"entry","10":"has-media","12":"first","13":"instock","14":"virtual","15":"taxable","16":"product-type-simple","17":"has-product-nav","18":"col","19":"span_1_of_4","20":"owp-content-center","21":"item-entry","22":"owp-thumbs-layout-horizontal","23":"owp-btn-normal","24":"owp-tabs-layout-section","25":"has-no-thumbnails"},"publishpress_future_action":{"enabled":false,"date":"2026-05-08 19:25:22","action":"change-status","newStatus":"draft","terms":[],"taxonomy":"product_cat","extraData":[]},"publishpress_future_workflow_manual_trigger":{"enabledWorkflows":[]},"_links":{"self":[{"href":"https:\/\/www.orto-bar.com\/en\/wp-json\/wp\/v2\/product\/92107","targetHints":{"allow":["GET"]}}],"collection":[{"href":"https:\/\/www.orto-bar.com\/en\/wp-json\/wp\/v2\/product"}],"about":[{"href":"https:\/\/www.orto-bar.com\/en\/wp-json\/wp\/v2\/types\/product"}],"author":[{"embeddable":true,"href":"https:\/\/www.orto-bar.com\/en\/wp-json\/wp\/v2\/users\/11"}],"version-history":[{"count":0,"href":"https:\/\/www.orto-bar.com\/en\/wp-json\/wp\/v2\/product\/92107\/revisions"}],"wp:featuredmedia":[{"embeddable":true,"href":"https:\/\/www.orto-bar.com\/en\/wp-json\/wp\/v2\/media\/92957"}],"wp:attachment":[{"href":"https:\/\/www.orto-bar.com\/en\/wp-json\/wp\/v2\/media?parent=92107"}],"wp:term":[{"taxonomy":"product_brand","embeddable":true,"href":"https:\/\/www.orto-bar.com\/en\/wp-json\/wp\/v2\/product_brand?post=92107"},{"taxonomy":"product_cat","embeddable":true,"href":"https:\/\/www.orto-bar.com\/en\/wp-json\/wp\/v2\/product_cat?post=92107"},{"taxonomy":"product_tag","embeddable":true,"href":"https:\/\/www.orto-bar.com\/en\/wp-json\/wp\/v2\/product_tag?post=92107"}],"curies":[{"name":"wp","href":"https:\/\/api.w.org\/{rel}","templated":true}]}}