{"id":92170,"date":"2025-01-24T15:50:18","date_gmt":"2025-01-24T14:50:18","guid":{"rendered":"https:\/\/www.orto-bar.com\/?post_type=product&#038;p=92170"},"modified":"2025-03-21T19:32:04","modified_gmt":"2025-03-21T18:32:04","slug":"gutalax-spasm-guineapig","status":"publish","type":"product","link":"https:\/\/www.orto-bar.com\/en\/dogodki\/arhiv\/gutalax-spasm-guineapig\/","title":{"rendered":"Gutalax, Spasm, Guineapig"},"content":{"rendered":"<p>&nbsp;<\/p>\n<p>Vstopnice \u017ee v prodaji prek On-Parole! 26 evrov v predprodaji, 30 evrov na dan koncerta!<br \/>\n<a href=\"https:\/\/qr-codes.io\/SjjZ3K\">https:\/\/qr-codes.io\/SjjZ3K<\/a><\/p>\n<p>Tickets already on sale through On-Parole! 26 euro in presale, 30 euro on show day!<br \/>\n<a href=\"https:\/\/qr-codes.io\/lWfnqV\">https:\/\/qr-codes.io\/lWfnqV<\/a><\/p>\n<p>GUTALAX PRIHAJAJO (\u0160E LETOS) NAZAJ!<br \/>\nPo januarskem razprodanem koncertu v Orto baru, se na\u0161i najljub\u0161i \u010de\u0161ki dreka\u010di 20.11. 2025 vra\u010dajo na kraj zlo\u010dina! Tokrat skupaj s svojimi pornogrind rojaki SPASM in italjanskimi morskimi pra\u0161i\u010dki GUINEAPIG! Spet bo veselo, svetujemo hiter nakup vstopnic!<\/p>\n<p>GUTALAX<br \/>\n<a href=\"https:\/\/www.facebook.com\/gutalax.band\">https:\/\/www.facebook.com\/gutalax.band<\/a><\/p>\n<p>SPASM<br \/>\n<a href=\"https:\/\/www.facebook.com\/Spasmgrind\">https:\/\/www.facebook.com\/Spasmgrind<\/a><\/p>\n<p>GUINEAPIG<br \/>\n<a href=\"https:\/\/www.facebook.com\/guineapigband\">https:\/\/www.facebook.com\/guineapigband<\/a><\/p>","protected":false},"excerpt":{"rendered":"<p>&nbsp; Vstopnice \u017ee v prodaji prek On-Parole! 26 evrov v predprodaji, 30 evrov na dan koncerta! https:\/\/qr-codes.io\/SjjZ3K Tickets already on sale through On-Parole! 26 euro in presale, 30 euro on show day! https:\/\/qr-codes.io\/lWfnqV GUTALAX PRIHAJAJO (\u0160E LETOS) NAZAJ! Po januarskem razprodanem koncertu v Orto baru, se na\u0161i najljub\u0161i \u010de\u0161ki dreka\u010di 20.11. 2025 vra\u010dajo na kraj [&hellip;]<\/p>","protected":false},"author":11,"featured_media":92171,"template":"","meta":{"_seopress_robots_primary_cat":"none","_seopress_titles_title":"","_seopress_titles_desc":"","_seopress_robots_index":""},"product_brand":[],"product_cat":[230],"product_tag":[222],"class_list":{"0":"post-92170","1":"product","2":"type-product","3":"status-publish","4":"has-post-thumbnail","6":"product_cat-arhiv","7":"product_tag-predprodaja","9":"entry","10":"has-media","12":"first","13":"instock","14":"virtual","15":"taxable","16":"product-type-simple","17":"has-product-nav","18":"col","19":"span_1_of_4","20":"owp-content-center","21":"item-entry","22":"owp-thumbs-layout-horizontal","23":"owp-btn-normal","24":"owp-tabs-layout-section","25":"has-no-thumbnails"},"publishpress_future_action":{"enabled":false,"date":"2026-05-11 06:38:59","action":"change-status","newStatus":"draft","terms":[],"taxonomy":"product_cat","extraData":[]},"publishpress_future_workflow_manual_trigger":{"enabledWorkflows":[]},"_links":{"self":[{"href":"https:\/\/www.orto-bar.com\/en\/wp-json\/wp\/v2\/product\/92170","targetHints":{"allow":["GET"]}}],"collection":[{"href":"https:\/\/www.orto-bar.com\/en\/wp-json\/wp\/v2\/product"}],"about":[{"href":"https:\/\/www.orto-bar.com\/en\/wp-json\/wp\/v2\/types\/product"}],"author":[{"embeddable":true,"href":"https:\/\/www.orto-bar.com\/en\/wp-json\/wp\/v2\/users\/11"}],"version-history":[{"count":0,"href":"https:\/\/www.orto-bar.com\/en\/wp-json\/wp\/v2\/product\/92170\/revisions"}],"wp:featuredmedia":[{"embeddable":true,"href":"https:\/\/www.orto-bar.com\/en\/wp-json\/wp\/v2\/media\/92171"}],"wp:attachment":[{"href":"https:\/\/www.orto-bar.com\/en\/wp-json\/wp\/v2\/media?parent=92170"}],"wp:term":[{"taxonomy":"product_brand","embeddable":true,"href":"https:\/\/www.orto-bar.com\/en\/wp-json\/wp\/v2\/product_brand?post=92170"},{"taxonomy":"product_cat","embeddable":true,"href":"https:\/\/www.orto-bar.com\/en\/wp-json\/wp\/v2\/product_cat?post=92170"},{"taxonomy":"product_tag","embeddable":true,"href":"https:\/\/www.orto-bar.com\/en\/wp-json\/wp\/v2\/product_tag?post=92170"}],"curies":[{"name":"wp","href":"https:\/\/api.w.org\/{rel}","templated":true}]}}