{"id":92560,"date":"2025-01-26T12:56:22","date_gmt":"2025-01-26T11:56:22","guid":{"rendered":"https:\/\/www.orto-bar.com\/?post_type=product&#038;p=92560"},"modified":"2025-06-27T11:50:41","modified_gmt":"2025-06-27T09:50:41","slug":"rock-and-stock","status":"publish","type":"product","link":"https:\/\/www.orto-bar.com\/en\/dogodki\/arhiv\/rock-and-stock\/","title":{"rendered":"Rock and Stock"},"content":{"rendered":"<p>&nbsp;<\/p>\n<p>Zasedba Rock &amp; Stock\u00a0 je nastala po pogovoru med tremi prijatelji, ki so leta 2023 sodelovali v drugi glasbeni pevski zasedbi. Vsi so bili mnenja, da jim je glasbena zvrst country rocka zelo blizu, zato je iz ideje nastalo dejstvo \u2013 ustanovitev zasedbe, ki bo igrala in prepevala country rock akusti\u010dne napeve znanih in manj znanih izvajalcev te glasbene zvrsti v svetu.<\/p>\n<p>Ker so vsi delili strast do glasbe in izvajalcev, kot so: Eagles, CCR, Johnny Cash, Brothers of the Heart in drugi, je bila odlo\u010ditev povsem preprosta.<\/p>\n<p>Od tistega dne preigravajo kultne uspe\u0161nice coutry rock svetovne scene, vsekakor pa so v svoj program vstavili tudi slovenske pesmi, ki jih oblikujejo v svojem unikatnem stilu.<\/p>\n<p>Predstavili so se \u017ee na marsikaterem odru, zadovoljili marsikatero publiko, v letu 2025 pa so se odlo\u010dili, da bodo izpeljali vseslovensko glasbeno turnejo, pot pa jih bo zanesla tudi v sosednjo Avstrijo in Hrva\u0161ko.<\/p>\n<p>Ra\u010dunajo na sodelovanje na na\u0161em najve\u010djem coutry in BBQ festivalu v Sloveniji: Wild West Fest (on fire), ki se vsako leto organizira za mednarodne sodelujo\u010de v kraju Zbilje (Zbiljsko jezero).<\/p>\n<p>Na svojih nastopih vse obiskovalce navdu\u0161ijo z izvrstnimi vokali in vrhunskimi vokalnimi harmonijami. Ne glede na to ali radi poslu\u0161ate ali ple\u0161ete, je to prava glasbena poslastica country rock zvrsti.<\/p>\n<p>V leto\u0161njem letu so v svoj sestav povabili \u0161e odli\u010dnega ritma\u0161a na bobnih, ki bo k zasedbi dodal \u0161e svojo ritem dimenzijo.<\/p>\n<p>&nbsp;<\/p>\n<p>Spletna stran: <a href=\"https:\/\/www.rocknstock.si\">https:\/\/www.rocknstock.si<\/a><\/p>\n<p>FB stran: <a href=\"https:\/\/www.facebook.com\/profile.php?id=61557698074075\">https:\/\/www.facebook.com\/profile.php?id=61557698074075<\/a><\/p>\n<p>Youtube kanal: <a href=\"https:\/\/www.youtube.com\/@rocknstockmusic\">https:\/\/www.youtube.com\/@rocknstockmusic<\/a><\/p>\n<p><a href=\"https:\/\/www.youtube.com\/channel\/UCLpT10Yf4jf6nUXzbCsMoDQ\">https:\/\/www.youtube.com\/channel\/UCLpT10Yf4jf6nUXzbCsMoDQ<\/a><\/p>\n<p>&nbsp;<\/p>","protected":false},"excerpt":{"rendered":"<p>&nbsp; Zasedba Rock &amp; Stock\u00a0 je nastala po pogovoru med tremi prijatelji, ki so leta 2023 sodelovali v drugi glasbeni pevski zasedbi. Vsi so bili mnenja, da jim je glasbena zvrst country rocka zelo blizu, zato je iz ideje nastalo dejstvo \u2013 ustanovitev zasedbe, ki bo igrala in prepevala country rock akusti\u010dne napeve znanih in [&hellip;]<\/p>","protected":false},"author":11,"featured_media":115363,"template":"","meta":{"_seopress_robots_primary_cat":"none","_seopress_titles_title":"","_seopress_titles_desc":"","_seopress_robots_index":""},"product_brand":[],"product_cat":[230],"product_tag":[222],"class_list":{"0":"post-92560","1":"product","2":"type-product","3":"status-publish","4":"has-post-thumbnail","6":"product_cat-arhiv","7":"product_tag-predprodaja","9":"entry","10":"has-media","12":"first","13":"instock","14":"virtual","15":"taxable","16":"product-type-simple","17":"has-product-nav","18":"col","19":"span_1_of_4","20":"owp-content-center","21":"item-entry","22":"owp-thumbs-layout-horizontal","23":"owp-btn-normal","24":"owp-tabs-layout-section","25":"has-no-thumbnails"},"publishpress_future_action":{"enabled":false,"date":"2026-04-29 13:31:05","action":"change-status","newStatus":"draft","terms":[],"taxonomy":"product_cat","extraData":[]},"publishpress_future_workflow_manual_trigger":{"enabledWorkflows":[]},"_links":{"self":[{"href":"https:\/\/www.orto-bar.com\/en\/wp-json\/wp\/v2\/product\/92560","targetHints":{"allow":["GET"]}}],"collection":[{"href":"https:\/\/www.orto-bar.com\/en\/wp-json\/wp\/v2\/product"}],"about":[{"href":"https:\/\/www.orto-bar.com\/en\/wp-json\/wp\/v2\/types\/product"}],"author":[{"embeddable":true,"href":"https:\/\/www.orto-bar.com\/en\/wp-json\/wp\/v2\/users\/11"}],"version-history":[{"count":0,"href":"https:\/\/www.orto-bar.com\/en\/wp-json\/wp\/v2\/product\/92560\/revisions"}],"wp:featuredmedia":[{"embeddable":true,"href":"https:\/\/www.orto-bar.com\/en\/wp-json\/wp\/v2\/media\/115363"}],"wp:attachment":[{"href":"https:\/\/www.orto-bar.com\/en\/wp-json\/wp\/v2\/media?parent=92560"}],"wp:term":[{"taxonomy":"product_brand","embeddable":true,"href":"https:\/\/www.orto-bar.com\/en\/wp-json\/wp\/v2\/product_brand?post=92560"},{"taxonomy":"product_cat","embeddable":true,"href":"https:\/\/www.orto-bar.com\/en\/wp-json\/wp\/v2\/product_cat?post=92560"},{"taxonomy":"product_tag","embeddable":true,"href":"https:\/\/www.orto-bar.com\/en\/wp-json\/wp\/v2\/product_tag?post=92560"}],"curies":[{"name":"wp","href":"https:\/\/api.w.org\/{rel}","templated":true}]}}