{"id":94980,"date":"2025-02-05T21:40:22","date_gmt":"2025-02-05T20:40:22","guid":{"rendered":"https:\/\/www.orto-bar.com\/dogodki\/nekategorizirano\/knights-of-cydonia-muse-tribute-show-2-copy\/"},"modified":"2025-03-20T18:36:03","modified_gmt":"2025-03-20T17:36:03","slug":"silente","status":"publish","type":"product","link":"https:\/\/www.orto-bar.com\/en\/dogodki\/arhiv\/silente\/","title":{"rendered":"Silente (Hr)"},"content":{"rendered":"<p>&nbsp;<\/p>\n<p>Silente je ena od prepoznavnih pop-rock skupin, ki je v zadnjih letih osvojila hrva\u0161ko glasbeno sceno. Z edinstvenim zvokom, ki zdru\u017euje ne\u017enost in energijo, so se podali na pot, ki jih je pripeljala do \u0161tevilnih koncertov in presti\u017enih nagrad, vklju\u010dno z nagrado Porin.<\/p>\n<p>Po izdanih albumih <em>Lovac na \u010dudes<\/em>, <em>Ne\u0107e rijeka zrakom te\u0107i<\/em>, in <em>Little Fog, Little Moonlight<\/em> so lani presenetili s \u010detrtim studijskim albumom <em>IV<\/em>, ki prina\u0161a nove skladbe, med njimi tudi priljubljene <em>La\u017eejo me u\u0161esa<\/em> in <em>Nikoli tako<\/em>.<\/p>\n<p>Pridru\u017eite se nam in u\u017eivajte v njihovem neustavljivem koncertnem \u0161armu, ki je \u017ee dolgo sinonim za nepozabno glasbeno izku\u0161njo!<\/p>\n<p><strong>Ne zamudite te prilo\u017enosti \u2013 Silente v \u017eivo!<\/strong><\/p>\n<p><strong>SILENTE <\/strong><\/p>\n<p><a href=\"https:\/\/www.silente.hr\/\">https:\/\/www.silente.hr\/<\/a><\/p>\n<p><a href=\"https:\/\/www.facebook.com\/silentebend\/\">https:\/\/www.facebook.com\/silentebend\/<\/a><\/p>\n<p><a href=\"https:\/\/www.instagram.com\/silente_official\/?hl=en\">https:\/\/www.instagram.com\/silente_official\/?hl=en<\/a><\/p>\n<p>&nbsp;<\/p>","protected":false},"excerpt":{"rendered":"<p>&nbsp; Silente je ena od prepoznavnih pop-rock skupin, ki je v zadnjih letih osvojila hrva\u0161ko glasbeno sceno. Z edinstvenim zvokom, ki zdru\u017euje ne\u017enost in energijo, so se podali na pot, ki jih je pripeljala do \u0161tevilnih koncertov in presti\u017enih nagrad, vklju\u010dno z nagrado Porin. Po izdanih albumih Lovac na \u010dudes, Ne\u0107e rijeka zrakom te\u0107i, in [&hellip;]<\/p>","protected":false},"author":11,"featured_media":94981,"template":"","meta":{"_seopress_robots_primary_cat":"none","_seopress_titles_title":"","_seopress_titles_desc":"","_seopress_robots_index":""},"product_brand":[],"product_cat":[230],"product_tag":[222],"class_list":{"0":"post-94980","1":"product","2":"type-product","3":"status-publish","4":"has-post-thumbnail","6":"product_cat-arhiv","7":"product_tag-predprodaja","9":"entry","10":"has-media","12":"first","13":"instock","14":"virtual","15":"taxable","16":"product-type-simple","17":"has-product-nav","18":"col","19":"span_1_of_4","20":"owp-content-center","21":"item-entry","22":"owp-thumbs-layout-horizontal","23":"owp-btn-normal","24":"owp-tabs-layout-section","25":"has-no-thumbnails"},"publishpress_future_action":{"enabled":false,"date":"2026-04-29 12:19:59","action":"change-status","newStatus":"draft","terms":[],"taxonomy":"product_cat","extraData":[]},"publishpress_future_workflow_manual_trigger":{"enabledWorkflows":[]},"_links":{"self":[{"href":"https:\/\/www.orto-bar.com\/en\/wp-json\/wp\/v2\/product\/94980","targetHints":{"allow":["GET"]}}],"collection":[{"href":"https:\/\/www.orto-bar.com\/en\/wp-json\/wp\/v2\/product"}],"about":[{"href":"https:\/\/www.orto-bar.com\/en\/wp-json\/wp\/v2\/types\/product"}],"author":[{"embeddable":true,"href":"https:\/\/www.orto-bar.com\/en\/wp-json\/wp\/v2\/users\/11"}],"version-history":[{"count":0,"href":"https:\/\/www.orto-bar.com\/en\/wp-json\/wp\/v2\/product\/94980\/revisions"}],"wp:featuredmedia":[{"embeddable":true,"href":"https:\/\/www.orto-bar.com\/en\/wp-json\/wp\/v2\/media\/94981"}],"wp:attachment":[{"href":"https:\/\/www.orto-bar.com\/en\/wp-json\/wp\/v2\/media?parent=94980"}],"wp:term":[{"taxonomy":"product_brand","embeddable":true,"href":"https:\/\/www.orto-bar.com\/en\/wp-json\/wp\/v2\/product_brand?post=94980"},{"taxonomy":"product_cat","embeddable":true,"href":"https:\/\/www.orto-bar.com\/en\/wp-json\/wp\/v2\/product_cat?post=94980"},{"taxonomy":"product_tag","embeddable":true,"href":"https:\/\/www.orto-bar.com\/en\/wp-json\/wp\/v2\/product_tag?post=94980"}],"curies":[{"name":"wp","href":"https:\/\/api.w.org\/{rel}","templated":true}]}}